{"id":2445,"date":"2023-03-09T16:37:39","date_gmt":"2023-03-09T16:37:39","guid":{"rendered":"https:\/\/dentdinamo.com\/?page_id=2445"},"modified":"2023-03-14T11:06:29","modified_gmt":"2023-03-14T11:06:29","slug":"clinic-contact","status":"publish","type":"page","link":"https:\/\/dentdinamo.com\/cs\/kontakt-na-kliniku\/","title":{"rendered":"Kontakt na kliniku"},"content":{"rendered":"<div class=\"gb-container gb-container-65c13fbe\">\n<div class=\"gb-container gb-container-27cdf53b\">\n<div class=\"gb-container gb-container-b2fd5082\">\n\n<p class=\"gb-headline gb-headline-7f0f180b gb-headline-text\"><a href=\"https:\/\/dentdinamo.com\/cs\/\"><nav aria-label=\"strouhanka\" class=\"rank-math-breadcrumb\"><p><span class=\"last\">Home<\/span><\/p><\/nav><\/a><\/p>\n\n\n\n<h6 class=\"gb-headline gb-headline-351c12b5 gb-headline-text\">Ud\u011blejme z Alb\u00e1nie p\u0159edn\u00ed zemi zubn\u00ed turistiky.<\/h6>\n\n\n\n<h1 class=\"gb-headline gb-headline-a7f7065f gb-headline-text\">P\u0159ipojit se k Dent Dinamo<\/h1>\n\n\n\n<p class=\"gb-headline gb-headline-6e9c6527 gb-headline-text\">Ons team zal u zo snel mogelijk een gedetailleerd antwoord geven op uw vraag.<\/p>\n\n\n\n<p class=\"gb-headline gb-headline-6ebef113\"><span class=\"gb-icon\"><svg aria-hidden=\"true\" role=\"img\" height=\"1em\" width=\"1em\" viewbox=\"0 0 512 512\" xmlns=\"http:\/\/www.w3.org\/2000\/svg\"><path fill=\"currentColor\" d=\"M256 56c110.532 0 200 89.451 200 200 0 110.532-89.451 200-200 200-110.532 0-200-89.451-200-200 0-110.532 89.451-200 200-200m0-48C119.033 8 8 119.033 8 256s111.033 248 248 248 248-111.033 248-248S392.967 8 256 8zm0 168c-44.183 0-80 35.817-80 80s35.817 80 80 80 80-35.817 80-80-35.817-80-80-80z\"><\/path><\/svg><\/span><span class=\"gb-headline-text\">Z\u00edskejte v\u00edce klient\u016f z evropsk\u00fdch zem\u00ed<\/span><\/p>\n\n\n\n<p class=\"gb-headline gb-headline-ba7967f3\"><span class=\"gb-icon\"><svg aria-hidden=\"true\" role=\"img\" height=\"1em\" width=\"1em\" viewbox=\"0 0 512 512\" xmlns=\"http:\/\/www.w3.org\/2000\/svg\"><path fill=\"currentColor\" d=\"M256 56c110.532 0 200 89.451 200 200 0 110.532-89.451 200-200 200-110.532 0-200-89.451-200-200 0-110.532 89.451-200 200-200m0-48C119.033 8 8 119.033 8 256s111.033 248 248 248 248-111.033 248-248S392.967 8 256 8zm0 168c-44.183 0-80 35.817-80 80s35.817 80 80 80 80-35.817 80-80-35.817-80-80-80z\"><\/path><\/svg><\/span><span class=\"gb-headline-text\">\u017d\u00e1dn\u00e9 registra\u010dn\u00ed poplatky<\/span><\/p>\n\n\n\n<p class=\"gb-headline gb-headline-5999bd45\"><span class=\"gb-icon\"><svg aria-hidden=\"true\" role=\"img\" height=\"1em\" width=\"1em\" viewbox=\"0 0 512 512\" xmlns=\"http:\/\/www.w3.org\/2000\/svg\"><path fill=\"currentColor\" d=\"M256 56c110.532 0 200 89.451 200 200 0 110.532-89.451 200-200 200-110.532 0-200-89.451-200-200 0-110.532 89.451-200 200-200m0-48C119.033 8 8 119.033 8 256s111.033 248 248 248 248-111.033 248-248S392.967 8 256 8zm0 168c-44.183 0-80 35.817-80 80s35.817 80 80 80 80-35.817 80-80-35.817-80-80-80z\"><\/path><\/svg><\/span><span class=\"gb-headline-text\">Zvy\u0161te hodnotu sv\u00e9 kliniky<\/span><\/p>\n\n<\/div>\n\n<div class=\"gb-container gb-container-fc22f23a\">\n<div class=\"gb-container gb-container-54ac564d box-shadow\">\n\n<h6 class=\"gb-headline gb-headline-a3bc245d gb-headline-text\">M\u00e1te n\u011bjak\u00e9 ot\u00e1zky? Jeden z na\u0161ich odborn\u00edk\u016f v\u00e1s bude kontaktovat<\/h6>\n\n\n\n<div class=\"wp-block-contact-form-7-contact-form-selector\">\n<div class=\"wpcf7 no-js\" id=\"wpcf7-f3078-o1\" lang=\"en-US\" dir=\"ltr\">\n<div class=\"screen-reader-response\"><p role=\"status\" aria-live=\"polite\" aria-atomic=\"true\"><\/p> <ul><\/ul><\/div>\n<form action=\"\/cs\/wp-json\/wp\/v2\/pages\/2445#wpcf7-f3078-o1\" method=\"post\" class=\"wpcf7-form init contactForm\" name=\"ContactForm\" aria-label=\"Kontaktn\u00ed Formul\u00e1\u0159\" novalidate=\"novalidate\" data-status=\"init\" data-trp-original-action=\"\/cs\/wp-json\/wp\/v2\/pages\/2445#wpcf7-f3078-o1\">\n<div style=\"display: none;\">\n<input type=\"hidden\" name=\"_wpcf7\" value=\"3078\" \/>\n<input type=\"hidden\" name=\"_wpcf7_version\" value=\"5.9.8\" \/>\n<input type=\"hidden\" name=\"_wpcf7_locale\" value=\"en_US\" \/>\n<input type=\"hidden\" name=\"_wpcf7_unit_tag\" value=\"wpcf7-f3078-o1\" \/>\n<input type=\"hidden\" name=\"_wpcf7_container_post\" value=\"0\" \/>\n<input type=\"hidden\" name=\"_wpcf7_posted_data_hash\" value=\"\" \/>\n<input type=\"hidden\" name=\"_wpcf7_recaptcha_response\" value=\"\" \/>\n<\/div>\n<p><label class=\"w-50\"> N\u00e1zev<br \/>\n<span class=\"wpcf7-form-control-wrap\" data-name=\"contact-name\"><input size=\"40\" maxlength=\"400\" class=\"wpcf7-form-control wpcf7-text wpcf7-validates-as-required\" aria-required=\"true\" aria-invalid=\"false\" placeholder=\"N\u00e1zev\" value=\"\" type=\"text\" name=\"contact-name\" \/><\/span> <\/label>\n<\/p>\n<p><label class=\"w-50\"> P\u0159\u00edjmen\u00ed<br \/>\n<span class=\"wpcf7-form-control-wrap\" data-name=\"surname\"><input size=\"40\" maxlength=\"400\" class=\"wpcf7-form-control wpcf7-text wpcf7-validates-as-required\" aria-required=\"true\" aria-invalid=\"false\" placeholder=\"P\u0159\u00edjmen\u00ed\" value=\"\" type=\"text\" name=\"surname\" \/><\/span> <\/label>\n<\/p>\n<p><label class=\"w-50\"> E-mail<br \/>\n<span class=\"wpcf7-form-control-wrap\" data-name=\"email\"><input size=\"40\" maxlength=\"400\" class=\"wpcf7-form-control wpcf7-email wpcf7-validates-as-required wpcf7-text wpcf7-validates-as-email\" aria-required=\"true\" aria-invalid=\"false\" placeholder=\"E-mail\" value=\"\" type=\"email\" name=\"email\" \/><\/span> <\/label>\n<\/p>\n<p><label class=\"w-50\"> Telefon<br \/>\n<span class=\"wpcf7-form-control-wrap\" data-name=\"phone\"><input size=\"40\" maxlength=\"400\" class=\"wpcf7-form-control wpcf7-tel wpcf7-validates-as-required wpcf7-text wpcf7-validates-as-tel\" aria-required=\"true\" aria-invalid=\"false\" placeholder=\"Telefon\" value=\"\" type=\"tel\" name=\"phone\" \/><\/span><br \/>\n<\/label>\n<\/p>\n<p><label class=\"w-100\"> N\u00e1zev kliniky<br \/>\n<span class=\"wpcf7-form-control-wrap\" data-name=\"clinic-name\"><input size=\"40\" maxlength=\"400\" class=\"wpcf7-form-control wpcf7-text wpcf7-validates-as-required w-100\" aria-required=\"true\" aria-invalid=\"false\" placeholder=\"N\u00e1zev kliniky\" value=\"\" type=\"text\" name=\"clinic-name\" \/><\/span> <\/label>\n<\/p>\n<p><label class=\"w-100\"> Zpr\u00e1va<br \/>\n<span class=\"wpcf7-form-control-wrap\" data-name=\"message\"><textarea cols=\"40\" rows=\"10\" maxlength=\"2000\" class=\"wpcf7-form-control wpcf7-textarea wpcf7-validates-as-required\" aria-required=\"true\" aria-invalid=\"false\" placeholder=\"Zpr\u00e1va\" name=\"message\"><\/textarea><\/span> <\/label>\n<\/p>\n<p><span><br \/>\nKliknut\u00edm na tla\u010d\u00edtko n\u00ed\u017ee souhlas\u00edm s t\u00edm, \u017ee m\u011b m\u016f\u017ee kontaktovat specialista spole\u010dnosti Dent Dinamo prost\u0159ednictv\u00edm SMS zpr\u00e1v nebo telefon\u00e1t\u016f na mnou uveden\u00e9 telefonn\u00ed \u010d\u00edslo ohledn\u011b nab\u00eddek spole\u010dnosti Dent Dinamo a \u017ee k n\u00e1kupu nen\u00ed nutn\u00fd souhlas. Va\u0161e \u00fadaje jsou shroma\u017e\u010fov\u00e1ny a pou\u017e\u00edv\u00e1ny v souladu s na\u0161imi z\u00e1sadami ochrany osobn\u00edch \u00fadaj\u016f.<br \/>\n<\/span>\n<\/p>\n<p><input class=\"wpcf7-form-control wpcf7-submit has-spinner w-100\" type=\"submit\" value=\"Odeslat\" \/>\n<\/p><div class=\"wpcf7-response-output\" aria-hidden=\"true\"><\/div>\n<input type=\"hidden\" name=\"trp-form-language\" value=\"cs\"\/><\/form>\n<\/div>\n<\/div>\n\n<\/div>\n<\/div>\n<\/div>\n<\/div>\n\n<div class=\"gb-container gb-container-06b72cae\">\n<div class=\"gb-container gb-container-1749a703\">\n<div class=\"gb-container gb-container-ec8ffadd box-shadow\">\n\n<p class=\"gb-headline gb-headline-2ec520a4 gb-headline-text\">200+<\/p>\n\n\n\n<div class=\"gb-headline gb-headline-c6220baa gb-headline-text\">p\u0159\u00edstup k milion\u016fm maket<\/div>\n\n<\/div>\n<\/div>\n\n<div class=\"gb-container gb-container-587dcb1e\">\n<div class=\"gb-container gb-container-b277bd23 box-shadow\">\n\n<p class=\"gb-headline gb-headline-980153d5 gb-headline-text\">3<\/p>\n\n\n\n<div class=\"gb-headline gb-headline-4e15d817 gb-headline-text\">r\u016fzn\u00e9 bal\u00ed\u010dky<\/div>\n\n<\/div>\n<\/div>\n\n<div class=\"gb-container gb-container-339126c2\">\n<div class=\"gb-container gb-container-eb5b267f box-shadow\">\n\n<p class=\"gb-headline gb-headline-a58131ac gb-headline-text\">10,000+<\/p>\n\n\n\n<div class=\"gb-headline gb-headline-443ea504 gb-headline-text\">nov\u00e9 m\u011bs\u00ed\u010dn\u00ed kontakty<\/div>\n\n<\/div>\n<\/div>\n\n<div class=\"gb-container gb-container-051f5641\">\n<div class=\"gb-container gb-container-9a0cfdbd box-shadow\">\n\n<p class=\"gb-headline gb-headline-0277b956 gb-headline-text\">4<\/p>\n\n\n\n<div class=\"gb-headline gb-headline-3789c3aa gb-headline-text\">r\u016fzn\u00e9 zem\u011b<\/div>\n\n<\/div>\n<\/div>\n<\/div>\n\n<div class=\"gb-container gb-container-96bdca39\">\n<div class=\"gb-container gb-container-98d51d22\">\n\n<p class=\"gb-headline gb-headline-3fdeb208 gb-headline-text\">P\u0159inesme sv\u011btu v\u00edce \u00fasm\u011bvu<\/p>\n\n\n\n<h2 class=\"gb-headline gb-headline-f901b755 gb-headline-text\">Ka\u017ed\u00fd \u00fasm\u011bv je p\u0159\u00edle\u017eitost<\/h2>\n\n\n\n<p>Pokud n\u011bkdo tou\u017e\u00ed po z\u00e1\u0159iv\u011bj\u0161\u00edm a lep\u0161\u00edm \u00fasm\u011bvu, chceme, aby v\u011bd\u011bl o va\u0161\u00ed zubn\u00ed klinice a va\u0161ich hodnot\u00e1ch.<\/p>\n\n<\/div>\n\n<div class=\"gb-container gb-container-aa23892f\">\n\n<figure class=\"gb-block-image gb-block-image-0432bd13\"><img loading=\"lazy\" decoding=\"async\" width=\"1000\" height=\"1000\" class=\"gb-image gb-image-0432bd13\" src=\"https:\/\/dentdinamo.com\/wp-content\/uploads\/2023\/03\/professional-dentist-examining-patient-with-dental-microscope-1.webp\" alt=\"\" title=\"profesion\u00e1ln\u00ed zuba\u0159-vy\u0161et\u0159uje-pacienta-zubn\u00edm-mikroskopem-1\" srcset=\"https:\/\/dentdinamo.com\/wp-content\/uploads\/2023\/03\/professional-dentist-examining-patient-with-dental-microscope-1.webp 1000w, https:\/\/dentdinamo.com\/wp-content\/uploads\/2023\/03\/professional-dentist-examining-patient-with-dental-microscope-1-300x300.webp 300w, https:\/\/dentdinamo.com\/wp-content\/uploads\/2023\/03\/professional-dentist-examining-patient-with-dental-microscope-1-150x150.webp 150w, https:\/\/dentdinamo.com\/wp-content\/uploads\/2023\/03\/professional-dentist-examining-patient-with-dental-microscope-1-768x768.webp 768w\" sizes=\"auto, (max-width: 1000px) 100vw, 1000px\" \/><\/figure>\n\n<\/div>\n<\/div>\n\n<div class=\"gb-container gb-container-8f28939a\">\n<div class=\"gb-container gb-container-191613bc\">\n\n<p class=\"gb-headline gb-headline-8b484ca1 gb-headline-text\">Pod\u00edvejte se na n\u00e1\u0161 blog a dozv\u00edte se v\u00edce o o\u0161et\u0159en\u00ed zub\u016f.<\/p>\n\n\n\n<a class=\"gb-button gb-button-fa55aced gb-button-text\" href=\"https:\/\/dentdinamo.com\/cs\/blog\/\">Pod\u00edvejte se na n\u00e1\u0161 blok<\/a>\n\n<\/div>\n\n<div class=\"gb-container gb-container-ad43d282\">\n\n<figure class=\"gb-block-image gb-block-image-412c3294\"><img loading=\"lazy\" decoding=\"async\" width=\"500\" height=\"500\" class=\"gb-image gb-image-412c3294\" src=\"https:\/\/dentdinamo.com\/wp-content\/uploads\/2023\/03\/4242424234242.webp\" alt=\"\" title=\"4242424234242\" srcset=\"https:\/\/dentdinamo.com\/wp-content\/uploads\/2023\/03\/4242424234242.webp 500w, https:\/\/dentdinamo.com\/wp-content\/uploads\/2023\/03\/4242424234242-300x300.webp 300w, https:\/\/dentdinamo.com\/wp-content\/uploads\/2023\/03\/4242424234242-150x150.webp 150w\" sizes=\"auto, (max-width: 500px) 100vw, 500px\" \/><\/figure>\n\n<\/div>\n<\/div>\n\n<div class=\"gb-container gb-container-84e5e43f\">\n\n<h2 class=\"gb-headline gb-headline-7a8b893b gb-headline-text\">\u010cAST\u00c9 DOTAZY<\/h2>\n\n\n<div id=\"rank-math-faq\" class=\"rank-math-block\">\n<div class=\"rank-math-list\">\n<div id=\"faq-question-1678732571326\" class=\"rank-math-list-item\">\n<h3 class=\"rank-math-question\">Jak\u00e9 jsou slu\u017eby a v\u00fdhody spole\u010dnosti Dent Dinamo pro pacienty?<\/h3>\n<div class=\"rank-math-answer\">\n\n<p>Na\u0161e \u0159e\u0161en\u00ed usnad\u0148uje spr\u00e1vu n\u00e1v\u0161t\u011bv va\u0161ich pacient\u016f u zuba\u0159e d\u00edky online rezervaci term\u00edn\u016f 24 hodin denn\u011b, 7 dn\u00ed v t\u00fddnu.<\/p>\n<p>\u200d -<strong>Slu\u017eba je jednoduch\u00e1 a<\/strong>\u00a0u\u017eivatelsky p\u0159\u00edv\u011btiv\u00e9: k objedn\u00e1n\u00ed sch\u016fzky jim sta\u010d\u00ed p\u0159ipojen\u00ed k internetu a e-mail, a to i mimo otev\u00edrac\u00ed dobu va\u0161\u00ed ordinace. Pacienti se mohou objednat i za sv\u00e9 bl\u00edzk\u00e9, nap\u0159\u00edklad za d\u00edt\u011b nebo star\u0161\u00edho p\u0159\u00edbuzn\u00e9ho.<br \/>\u200d -<strong>Online rezervace sch\u016fzky je zcela bezpe\u010dn\u00e1.\u00a0<\/strong>Db\u00e1me na to, abychom ka\u017ed\u00e9mu pacientovi poskytli d\u016fv\u011brn\u00e9 slu\u017eby.<\/p>\n\n<\/div>\n<\/div>\n<div id=\"faq-question-1678732640288\" class=\"rank-math-list-item\">\n<h3 class=\"rank-math-question\">Pro\u010d m\u00e1 va\u0161e klinika z t\u00e9to spolupr\u00e1ce prosp\u011bch?<\/h3>\n<div class=\"rank-math-answer\">\n\n<p>Krom\u011b toho, \u017ee m\u00e1te \u00fa\u017easnou \u0161anci p\u0159edstavit svou kliniku a hodnoty tis\u00edc\u016fm pacient\u016f, kte\u0159\u00ed maj\u00ed z\u00e1jem o va\u0161e slu\u017eby, m\u016f\u017eete tak\u00e9 z\u00edskat v\u00edce pacient\u016f, pokud se o v\u00e1s zaj\u00edmaj\u00ed a pokud jste pro n\u011b nejd\u016fv\u011bryhodn\u011bj\u0161\u00edm zdrojem.<\/p>\n\n<\/div>\n<\/div>\n<div id=\"faq-question-1678732658359\" class=\"rank-math-list-item\">\n<h3 class=\"rank-math-question\">Mus\u00edm n\u011bco platit, abych se mohl p\u0159ipojit?<\/h3>\n<div class=\"rank-math-answer\">\n\n<p>Vstup do spole\u010dnosti Dent Dinamo je zdarma. P\u0159ijet\u00ed v\u0161ak znamen\u00e1, \u017ee va\u0161e klinika mus\u00ed b\u00fdt schv\u00e1lena pot\u00e9, co na\u0161i odborn\u00edci provedou klinickou kontrolu a p\u0159esv\u011bd\u010d\u00ed se o kvalit\u011b a hodnot\u00e1ch, kter\u00e9 poskytujete.<\/p>\n\n<\/div>\n<\/div>\n<\/div>\n<\/div>\n<\/div>","protected":false},"excerpt":{"rendered":"<p>Let&#8217;s make Albania the leading country for dental tourism. Join Dent Dinamo Our team will provide you a detailed answer about your enquiry as soon as possible. Get more clients from European countries No sign up fees Add more value to your clinic Do you have any questions? One of our experts will contact you &#8230; <a title=\"Kontakt na kliniku\" class=\"read-more\" href=\"https:\/\/dentdinamo.com\/cs\/kontakt-na-kliniku\/\" aria-label=\"\u010c\u00edst v\u00edce o Clinic Contact\">Read more<\/a><\/p>","protected":false},"author":1,"featured_media":0,"parent":0,"menu_order":0,"comment_status":"closed","ping_status":"closed","template":"","meta":{"rank_math_lock_modified_date":false,"footnotes":""},"class_list":["post-2445","page","type-page","status-publish"],"_links":{"self":[{"href":"https:\/\/dentdinamo.com\/cs\/wp-json\/wp\/v2\/pages\/2445","targetHints":{"allow":["GET"]}}],"collection":[{"href":"https:\/\/dentdinamo.com\/cs\/wp-json\/wp\/v2\/pages"}],"about":[{"href":"https:\/\/dentdinamo.com\/cs\/wp-json\/wp\/v2\/types\/page"}],"author":[{"embeddable":true,"href":"https:\/\/dentdinamo.com\/cs\/wp-json\/wp\/v2\/users\/1"}],"replies":[{"embeddable":true,"href":"https:\/\/dentdinamo.com\/cs\/wp-json\/wp\/v2\/comments?post=2445"}],"version-history":[{"count":36,"href":"https:\/\/dentdinamo.com\/cs\/wp-json\/wp\/v2\/pages\/2445\/revisions"}],"predecessor-version":[{"id":3145,"href":"https:\/\/dentdinamo.com\/cs\/wp-json\/wp\/v2\/pages\/2445\/revisions\/3145"}],"wp:attachment":[{"href":"https:\/\/dentdinamo.com\/cs\/wp-json\/wp\/v2\/media?parent=2445"}],"curies":[{"name":"wp","href":"https:\/\/api.w.org\/{rel}","templated":true}]}}