{"id":3,"date":"2023-03-01T16:31:01","date_gmt":"2023-03-01T16:31:01","guid":{"rendered":"https:\/\/dentdinamo.com\/?page_id=3"},"modified":"2023-03-09T16:46:48","modified_gmt":"2023-03-09T16:46:48","slug":"privacy-policy","status":"publish","type":"page","link":"https:\/\/dentdinamo.com\/cs\/zasady-ochrany-osobnich-udaju\/","title":{"rendered":"Z\u00e1sady ochrany osobn\u00edch \u00fadaj\u016f"},"content":{"rendered":"<h1 class=\"wp-block-heading\">Z\u00e1sady ochrany osobn\u00edch \u00fadaj\u016f<\/h1>\n\n\n\n<p><strong>Z\u00e1sady ochrany osobn\u00edch \u00fadaj\u016f<\/strong><\/p>\n\n\n\n<p>Spole\u010dnost DentDinamo (d\u00e1le jen \"my\") se zavazuje chr\u00e1nit soukrom\u00ed n\u00e1v\u0161t\u011bvn\u00edk\u016f na\u0161ich webov\u00fdch str\u00e1nek a registrovan\u00fdch u\u017eivatel\u016f platformy DentDinamo; toto ozn\u00e1men\u00ed stanov\u00ed, jak budeme zach\u00e1zet s va\u0161imi osobn\u00edmi \u00fadaji, pokud vystupujeme jako spr\u00e1vce t\u011bchto \u00fadaj\u016f a pokud se jejich zpracov\u00e1n\u00ed \u0159\u00edd\u00ed obecn\u00fdm na\u0159\u00edzen\u00edm EU o ochran\u011b osobn\u00edch \u00fadaj\u016f (GDPR).<\/p>\n\n\n\n<p>Definice<\/p>\n\n\n\n<p>Term\u00ednem \"osobn\u00ed \u00fadaje\" ozna\u010dujeme ve\u0161ker\u00e9 informace shrom\u00e1\u017ed\u011bn\u00e9 nebo zpracov\u00e1van\u00e9 prost\u0159ednictv\u00edm t\u011bchto webov\u00fdch str\u00e1nek nebo platformy nebo v souvislosti s nimi, kter\u00e9 p\u0159\u00edmo nebo nep\u0159\u00edmo identifikuj\u00ed v\u00e1s nebo faktory, kter\u00e9 jsou pro v\u00e1s specifick\u00e9, jako je va\u0161e jm\u00e9no, IP adresa nebo u\u017eivatelsk\u00e9 preference.<br>N\u00ed\u017ee popisujeme \"z\u00e1konn\u00e9 d\u016fvody\" pro zpracov\u00e1n\u00ed va\u0161ich osobn\u00edch \u00fadaj\u016f. Tyto z\u00e1konn\u00e9 d\u016fvody (n\u011bkdy tak\u00e9 ozna\u010dovan\u00e9 jako \"pr\u00e1vn\u00ed z\u00e1klad\") jsou podle GDPR od\u016fvodn\u011bn\u00edm pro zpracov\u00e1n\u00ed va\u0161ich osobn\u00edch \u00fadaj\u016f. Pokud neexistuj\u00ed z\u00e1konn\u00e9 d\u016fvody pro zpracov\u00e1n\u00ed va\u0161ich osobn\u00edch \u00fadaj\u016f, my ani nikdo jin\u00fd nem\u00e1me pr\u00e1vo k va\u0161im osobn\u00edm \u00fadaj\u016fm p\u0159istupovat ani je zpracov\u00e1vat.<\/p>\n\n\n\n<p>Jak\u00e9 osobn\u00ed \u00fadaje shroma\u017e\u010fujeme?<\/p>\n\n\n\n<p>M\u016f\u017eeme shroma\u017e\u010fovat, ukl\u00e1dat a pou\u017e\u00edvat n\u00e1sleduj\u00edc\u00ed druhy informac\u00ed a osobn\u00edch \u00fadaj\u016f (\"shrom\u00e1\u017ed\u011bn\u00e9 informace\"):<\/p>\n\n\n\n<ol class=\"wp-block-list\" type=\"a\">\n<li>informace a osobn\u00ed \u00fadaje o va\u0161ich n\u00e1v\u0161t\u011bv\u00e1ch a pou\u017e\u00edv\u00e1n\u00ed t\u011bchto webov\u00fdch str\u00e1nek a na\u0161\u00ed platformy. Shroma\u017e\u010fujeme osobn\u00ed \u00fadaje o va\u0161em po\u010d\u00edta\u010di a va\u0161ich n\u00e1v\u0161t\u011bv\u00e1ch t\u011bchto webov\u00fdch str\u00e1nek nebo platformy, v\u010detn\u011b va\u0161\u00ed IP adresy, zem\u011bpisn\u00e9 polohy, typu prohl\u00ed\u017ee\u010de, zdroje odkazu, d\u00e9lky n\u00e1v\u0161t\u011bvy a po\u010dtu zobrazen\u00ed str\u00e1nek, kter\u00e9 jsou rovn\u011b\u017e shroma\u017e\u010fovan\u00fdmi \u00fadaji.<\/li>\n\n\n\n<li>informace o jak\u00fdchkoli transakc\u00edch proveden\u00fdch mezi v\u00e1mi a n\u00e1mi na t\u011bchto webov\u00fdch str\u00e1nk\u00e1ch, v\u010detn\u011b informac\u00ed t\u00fdkaj\u00edc\u00edch se jak\u00fdchkoli n\u00e1kup\u016f na\u0161eho zbo\u017e\u00ed nebo slu\u017eeb. Shroma\u017e\u010fujeme:\n<ul class=\"wp-block-list\">\n<li>Jm\u00e9no a p\u0159\u00edjmen\u00ed<\/li>\n\n\n\n<li>N\u00e1zev<\/li>\n\n\n\n<li>Kontaktn\u00ed \u00fadaje (e-mail, telefon)<\/li>\n\n\n\n<li>\u00dadaje o profesn\u00edm \u017eivot\u011b<\/li>\n\n\n\n<li>\u00dadaje o osobn\u00edm \u017eivot\u011b<\/li>\n\n\n\n<li>\u00dadaje o p\u0159ipojen\u00ed<\/li>\n\n\n\n<li>Lokaliza\u010dn\u00ed \u00fadaje<\/li>\n\n\n\n<li>\u00dadaje o pou\u017e\u00edv\u00e1n\u00ed aplikac\u00ed<\/li>\n\n\n\n<li>\u00dadaje o e-mailov\u00e9 komunikaci<\/li>\n\n\n\n<li>\u00dadaje o nahr\u00e1v\u00e1n\u00ed hovor\u016f<\/li>\n<\/ul>\n<\/li>\n\n\n\n<li>informace, kter\u00e9 n\u00e1m poskytnete za \u00fa\u010delem registrace na webov\u00fdch str\u00e1nk\u00e1ch nebo platform\u011b a\/nebo p\u0159ihl\u00e1\u0161en\u00ed k odb\u011bru na\u0161ich webov\u00fdch slu\u017eeb a\/nebo e-mailov\u00fdch ozn\u00e1men\u00ed. Pro tyto \u00fa\u010dely shroma\u017e\u010fujeme jm\u00e9no a p\u0159\u00edjmen\u00ed, e-mailovou adresu a telefonn\u00ed \u010d\u00edslo.<\/li>\n<\/ol>\n\n\n\n<p>Soubory cookie a dal\u0161\u00ed sledovac\u00ed technologie, kter\u00e9 pou\u017e\u00edv\u00e1me<\/p>\n\n\n\n<p>Na t\u011bchto webov\u00fdch str\u00e1nk\u00e1ch pou\u017e\u00edv\u00e1me soubory cookie. Soubor cookie je textov\u00fd soubor odeslan\u00fd webov\u00fdm serverem do webov\u00e9ho prohl\u00ed\u017ee\u010de a ulo\u017een\u00fd t\u00edmto prohl\u00ed\u017ee\u010dem. Textov\u00fd soubor je pak odesl\u00e1n zp\u011bt na server poka\u017ed\u00e9, kdy\u017e prohl\u00ed\u017ee\u010d po\u017e\u00e1d\u00e1 o str\u00e1nku ze serveru. To umo\u017e\u0148uje webov\u00e9mu serveru identifikovat a sledovat webov\u00fd prohl\u00ed\u017ee\u010d.<\/p>\n\n\n\n<p>M\u016f\u017eeme odeslat jeden nebo v\u00edce soubor\u016f cookie, kter\u00e9 m\u016f\u017ee v\u00e1\u0161 prohl\u00ed\u017ee\u010d ulo\u017eit do va\u0161eho po\u010d\u00edta\u010de. Informace z\u00edskan\u00e9 ze soubor\u016f cookie jsou sou\u010d\u00e1st\u00ed shrom\u00e1\u017ed\u011bn\u00fdch informac\u00ed. Soubory cookie v\u00e1m mohou zas\u00edlat tak\u00e9 na\u0161i inzerenti a poskytovatel\u00e9 slu\u017eeb.<\/p>\n\n\n\n<p>V\u011bt\u0161ina prohl\u00ed\u017ee\u010d\u016f umo\u017e\u0148uje odm\u00edtnout p\u0159ij\u00edm\u00e1n\u00ed soubor\u016f cookie. (Nap\u0159\u00edklad v prohl\u00ed\u017ee\u010di Internet Explorer m\u016f\u017eete odm\u00edtnout v\u0161echny soubory cookie kliknut\u00edm na \"N\u00e1stroje\", \"Mo\u017enosti internetu\", \"Soukrom\u00ed\" a v\u00fdb\u011brem mo\u017enosti \"Blokovat v\u0161echny soubory cookie\" pomoc\u00ed posuvn\u00e9ho voli\u010de.) To v\u0161ak bude m\u00edt negativn\u00ed dopad na pou\u017eitelnost mnoha webov\u00fdch str\u00e1nek, v\u010detn\u011b t\u00e9to.<\/p>\n\n\n\n<p>Abychom mohli zlep\u0161ovat na\u0161e slu\u017eby a tyto webov\u00e9 str\u00e1nky, m\u016f\u017eeme si pro provoz t\u011bchto str\u00e1nek najmout poskytovatele slu\u017eeb t\u0159et\u00edch stran, kte\u0159\u00ed n\u00e1m pom\u00e1haj\u00ed monitorovat, shroma\u017e\u010fovat a analyzovat informace t\u00fdkaj\u00edc\u00ed se va\u0161ich interakc\u00ed s t\u011bmito webov\u00fdmi str\u00e1nkami a v\u00e1mi zadan\u00fdch \u00fadaj\u016f, a to i prost\u0159ednictv\u00edm soubor\u016f cookie t\u011bchto poskytovatel\u016f ve va\u0161em po\u010d\u00edta\u010di.<\/p>\n\n\n\n<p>V\u00edce informac\u00ed o souborech cookie a dal\u0161\u00edch sledovac\u00edch technologi\u00edch, kter\u00e9 pou\u017e\u00edv\u00e1me, najdete v na\u0161ich Z\u00e1sad\u00e1ch pou\u017e\u00edv\u00e1n\u00ed soubor\u016f cookie.<\/p>\n\n\n\n<p>Pro\u010d pou\u017e\u00edv\u00e1me shrom\u00e1\u017ed\u011bn\u00e9 informace<\/p>\n\n\n\n<p>Shrom\u00e1\u017ed\u011bn\u00e9 informace, v\u010detn\u011b osobn\u00edch \u00fadaj\u016f, budou pou\u017eity k:<\/p>\n\n\n\n<ol class=\"wp-block-list\" type=\"a\">\n<li>spravovat a zlep\u0161ovat pou\u017eitelnost t\u011bchto webov\u00fdch str\u00e1nek a platformy;<\/li>\n\n\n\n<li>zlep\u0161ovat prohl\u00ed\u017een\u00ed str\u00e1nek \u00fapravou a nahrazen\u00edm textu, obr\u00e1zk\u016f, vide\u00ed nebo odkaz\u016f, aby se zv\u00fd\u0161ila relevance pro n\u00e1v\u0161t\u011bvn\u00edka;<\/li>\n\n\n\n<li>zas\u00edlat v\u00e1m marketingov\u00e1 a jin\u00e1 sd\u011blen\u00ed t\u00fdkaj\u00edc\u00ed se na\u0161eho podnik\u00e1n\u00ed nebo podnik\u00e1n\u00ed pe\u010dliv\u011b vybran\u00fdch t\u0159et\u00edch stran, o kter\u00fdch se domn\u00edv\u00e1me, \u017ee by v\u00e1s mohla zaj\u00edmat, po\u0161tou nebo, pokud jste k tomu dali v\u00fdslovn\u00fd souhlas, e-mailem nebo podobnou technologi\u00ed;<\/li>\n\n\n\n<li>poskytovat jin\u00fdm spole\u010dnostem statistick\u00e9 informace o na\u0161ich u\u017eivatel\u00edch. Informace, kter\u00e9 poskytujeme jin\u00fdm spole\u010dnostem, neidentifikuj\u00ed \u017e\u00e1dn\u00e9ho jednotliv\u00e9ho u\u017eivatele.<\/li>\n\n\n\n<li>n\u00e1m umo\u017e\u0148uj\u00ed sledovat, na jak\u00e9 dotazy podan\u00e9 prost\u0159ednictv\u00edm na\u0161eho syst\u00e9mu bylo odpov\u011bzeno, a\u010dkoli omezujeme po\u010det osob, kter\u00e9 mohou vid\u011bt text odpov\u011bd\u00ed. Podobn\u00fd syst\u00e9m m\u00e1me i pro telefonn\u00ed hovory, kter\u00e9 sm\u011brujeme p\u0159es spole\u010dnost Twilio. Tyto hovory nahr\u00e1v\u00e1me pouze s v\u00fdslovn\u00fdm souhlasem kliniky. Spole\u010dnost DentDinamo pou\u017e\u00edv\u00e1 t\u0159et\u00ed stranu, MailGun, pro sm\u011brov\u00e1n\u00ed e-mail\u016f mezi na\u0161imi Klinikami a U\u017eivateli a naopak;<\/li>\n\n\n\n<li>shroma\u017e\u010fovat zp\u011btnou vazbu o na\u0161ich vlastn\u00edch slu\u017eb\u00e1ch od nez\u00e1visl\u00fdch spole\u010dnost\u00ed t\u0159et\u00edch stran, jako je Trustpilot.<\/li>\n<\/ol>\n\n\n\n<p>Z\u00e1konn\u00e9 d\u016fvody<\/p>\n\n\n\n<p>Pokud jste registrovan\u00fdm u\u017eivatelem platformy nebo u\u017eivatelem webov\u00fdch str\u00e1nek, je z\u00e1konn\u00fdm d\u016fvodem pro zpracov\u00e1n\u00ed va\u0161ich shrom\u00e1\u017ed\u011bn\u00fdch informac\u00ed n\u00e1\u0161 opr\u00e1vn\u011bn\u00fd z\u00e1jem porozum\u011bt tomu, jak u\u017eivatel\u00e9 s t\u011bmito webov\u00fdmi str\u00e1nkami a platformou pracuj\u00ed, a zlep\u0161it zp\u016fsob, jak\u00fdm propagujeme na\u0161e produkty a slu\u017eby.<\/p>\n\n\n\n<p>Sd\u00edlen\u00ed shrom\u00e1\u017ed\u011bn\u00fdch informac\u00ed<\/p>\n\n\n\n<p>Shrom\u00e1\u017ed\u011bn\u00e9 informace o v\u00e1s m\u016f\u017eeme sd\u00edlet:<\/p>\n\n\n\n<ol class=\"wp-block-list\" type=\"a\">\n<li>umo\u017enit na\u0161im poskytovatel\u016fm slu\u017eeb (d\u00edl\u010d\u00edm zpracovatel\u016fm t\u0159et\u00edch stran) poskytovat slu\u017eby hostingu datov\u00fdch center, slu\u017eby hostingu datab\u00e1z\u00ed, slu\u017eby infrastruktury dialer\u016f, slu\u017eby synchronizace e-mail\u016f a umo\u017enit na\u0161im zpracovatel\u016fm t\u0159et\u00edch stran poskytovat slu\u017eby prodeje a marketingov\u00fdch operac\u00ed;<\/li>\n\n\n\n<li>v rozsahu, kter\u00fd n\u00e1m ukl\u00e1d\u00e1 z\u00e1kon;<\/li>\n\n\n\n<li>v souvislosti s jak\u00fdmkoli soudn\u00edm \u0159\u00edzen\u00edm nebo budouc\u00edm soudn\u00edm \u0159\u00edzen\u00edm;<\/li>\n\n\n\n<li>za \u00fa\u010delem ur\u010den\u00ed, v\u00fdkonu nebo obhajoby na\u0161ich z\u00e1konn\u00fdch pr\u00e1v (v\u010detn\u011b poskytnut\u00ed informac\u00ed jin\u00fdm osob\u00e1m za \u00fa\u010delem prevence podvod\u016f a sn\u00ed\u017een\u00ed \u00fav\u011brov\u00e9ho rizika).<\/li>\n\n\n\n<li>v reakci na z\u00e1konn\u00e9 \u017e\u00e1dosti org\u00e1n\u016f ve\u0159ejn\u00e9 moci, v\u010detn\u011b spln\u011bn\u00ed po\u017eadavk\u016f n\u00e1rodn\u00ed bezpe\u010dnosti nebo prosazov\u00e1n\u00ed pr\u00e1va.<\/li>\n<\/ol>\n\n\n\n<p>Zabezpe\u010den\u00ed shrom\u00e1\u017ed\u011bn\u00fdch informac\u00ed<\/p>\n\n\n\n<p>P\u0159ijmeme p\u0159im\u011b\u0159en\u00e1 opat\u0159en\u00ed, abychom zabr\u00e1nili ztr\u00e1t\u011b, zneu\u017eit\u00ed nebo zm\u011bn\u011b va\u0161ich osobn\u00edch \u00fadaj\u016f. P\u0159enos dat p\u0159es internet je ze sv\u00e9 podstaty nezabezpe\u010den\u00fd a my nem\u016f\u017eeme zaru\u010dit bezpe\u010dnost dat odes\u00edlan\u00fdch p\u0159es internet. V\u0161echny osobn\u00ed \u00fadaje, kter\u00e9 n\u00e1m poskytnete nebo kter\u00e9 o v\u00e1s shrom\u00e1\u017ed\u00edme, ulo\u017e\u00edme na na\u0161ich zabezpe\u010den\u00fdch serverech.<\/p>\n\n\n\n<p>Za d\u016fv\u011brnost sv\u00fdch hesel jste zodpov\u011bdn\u00ed vy sami. Va\u0161e hesla po v\u00e1s nebudeme vy\u017eadovat.<\/p>\n\n\n\n<p>Uchov\u00e1v\u00e1n\u00ed va\u0161ich osobn\u00edch \u00fadaj\u016f<\/p>\n\n\n\n<p>Va\u0161e osobn\u00ed \u00fadaje uchov\u00e1v\u00e1me, dokud vy nebo opr\u00e1vn\u011bn\u00fd \u010dlen va\u0161\u00ed organizace nepo\u017e\u00e1d\u00e1te o jejich vymaz\u00e1n\u00ed z na\u0161ich syst\u00e9m\u016f.<\/p>\n\n\n\n<p>Zm\u011bny tohoto ozn\u00e1men\u00ed<\/p>\n\n\n\n<p>Tyto z\u00e1sady ochrany osobn\u00edch \u00fadaj\u016f m\u016f\u017eeme \u010das od \u010dasu aktualizovat zve\u0159ejn\u011bn\u00edm nov\u00e9 verze na na\u0161ich webov\u00fdch str\u00e1nk\u00e1ch. Tuto str\u00e1nku byste m\u011bli ob\u010das zkontrolovat, abyste se ujistili, \u017ee jste s p\u0159\u00edpadn\u00fdmi zm\u011bnami spokojeni.<\/p>\n\n\n\n<p>Webov\u00e9 str\u00e1nky t\u0159et\u00edch stran<\/p>\n\n\n\n<p>Webov\u00e9 str\u00e1nky obsahuj\u00ed odkazy na jin\u00e9 webov\u00e9 str\u00e1nky. Nejsme zodpov\u011bdn\u00ed za z\u00e1sady ochrany osobn\u00edch \u00fadaj\u016f na webov\u00fdch str\u00e1nk\u00e1ch t\u0159et\u00edch stran ani za \u010dinnost provozovatel\u016f t\u011bchto str\u00e1nek, v\u010detn\u011b shroma\u017e\u010fov\u00e1n\u00ed nebo pou\u017e\u00edv\u00e1n\u00ed va\u0161ich osobn\u00edch \u00fadaj\u016f.<\/p>\n\n\n\n<p>P\u0159\u00edstup k va\u0161im osobn\u00edm \u00fadaj\u016fm<\/p>\n\n\n\n<p>Pokud pou\u017e\u00edv\u00e1te tyto webov\u00e9 str\u00e1nky, spole\u010dnost DentDinamo v\u00e1m na po\u017e\u00e1d\u00e1n\u00ed umo\u017en\u00ed p\u0159\u00edstup k va\u0161im osobn\u00edm \u00fadaj\u016fm a umo\u017en\u00ed v\u00e1m opravit, doplnit nebo vymazat informace, kter\u00e9 jsou prokazateln\u011b nep\u0159esn\u00e9 nebo ne\u00fapln\u00e9. Podrobnosti naleznete v \u010d\u00e1sti Kontaktn\u00ed \u00fadaje na na\u0161ich webov\u00fdch str\u00e1nk\u00e1ch.<\/p>\n\n\n\n<p>Jste-li u\u017eivatelem platformy, z\u00e1vis\u00ed na v\u00e1s, zda budete sv\u00e9 osobn\u00ed \u00fadaje aktualizovat a opravovat v rozsahu nezbytn\u00e9m pro \u00fa\u010dely, pro kter\u00e9 byly tyto \u00fadaje shrom\u00e1\u017ed\u011bny, nap\u0159\u00edklad kontaktn\u00ed \u00fadaje, kter\u00e9 n\u00e1m poskytnete, abychom v\u00e1m mohli poskytnout informace o fakturaci.<\/p>\n\n\n\n<p>Va\u0161e pr\u00e1va<\/p>\n\n\n\n<p>M\u00e1te pr\u00e1vo na opravu (tj. opravu) jak\u00fdchkoli nedostate\u010dn\u00fdch, ne\u00fapln\u00fdch nebo nespr\u00e1vn\u00fdch osobn\u00edch \u00fadaj\u016f.<\/p>\n\n\n\n<p>M\u00e1te tak\u00e9 pr\u00e1vo po\u017e\u00e1dat o p\u0159\u00edstup ke sv\u00fdm osobn\u00edm \u00fadaj\u016fm (v\u010detn\u011b obdr\u017een\u00ed jejich kopie) a o dal\u0161\u00ed informace o tom, jak byly \u00fadaje zpracov\u00e1ny.<\/p>\n\n\n\n<p>Pokud n\u011bkdy zpracov\u00e1v\u00e1me va\u0161e osobn\u00ed \u00fadaje na z\u00e1klad\u011b va\u0161eho souhlasu, m\u00e1te pr\u00e1vo souhlas kdykoli odvolat, ani\u017e by to m\u011blo vliv na z\u00e1konnost zpracov\u00e1n\u00ed zalo\u017een\u00e9ho na souhlasu p\u0159ed jeho odvol\u00e1n\u00edm.<\/p>\n\n\n\n<p>Krom\u011b toho m\u00e1te za ur\u010dit\u00fdch okolnost\u00ed pr\u00e1vo na vymaz\u00e1n\u00ed sv\u00fdch osobn\u00edch \u00fadaj\u016f.<\/p>\n\n\n\n<p>Od 25. kv\u011btna 2018 m\u00e1te tak\u00e9 n\u00e1sleduj\u00edc\u00ed dal\u0161\u00ed pr\u00e1va:<\/p>\n\n\n\n<ul class=\"wp-block-list\">\n<li><em>P\u0159enositelnost dat<\/em>&nbsp;- pokud se n\u011bkdy op\u00edr\u00e1me (jako o z\u00e1konn\u00fd d\u016fvod zpracov\u00e1n\u00ed) o v\u00e1\u0161 souhlas nebo o skute\u010dnost, \u017ee zpracov\u00e1n\u00ed je nezbytn\u00e9 pro spln\u011bn\u00ed smlouvy, jej\u00ed\u017e jste smluvn\u00ed stranou (nap\u0159. zad\u00e1n\u00ed popt\u00e1vky), a osobn\u00ed \u00fadaje jsou zpracov\u00e1v\u00e1ny automatizovan\u011b, m\u00e1te pr\u00e1vo obdr\u017eet v\u0161echny tyto osobn\u00ed \u00fadaje, kter\u00e9 jste n\u00e1m poskytli, ve strukturovan\u00e9m, b\u011b\u017en\u011b pou\u017e\u00edvan\u00e9m a strojov\u011b \u010diteln\u00e9m form\u00e1tu a tak\u00e9 po\u017eadovat, aby byly p\u0159ed\u00e1ny jin\u00e9mu spr\u00e1vci, pokud je to technicky provediteln\u00e9.<\/li>\n\n\n\n<li><em>Pr\u00e1vo na v\u00fdmaz<\/em>&nbsp;- m\u00e1te pr\u00e1vo na v\u00fdmaz sv\u00fdch osobn\u00edch \u00fadaj\u016f za ur\u010dit\u00fdch okolnost\u00ed, nap\u0159\u00edklad pokud jste odvolali sv\u016fj souhlas, pokud vznesete n\u00e1mitku proti zpracov\u00e1n\u00ed na z\u00e1klad\u011b opr\u00e1vn\u011bn\u00fdch z\u00e1jm\u016f a my nem\u00e1me \u017e\u00e1dn\u00e9 p\u0159eva\u017euj\u00edc\u00ed opr\u00e1vn\u011bn\u00e9 d\u016fvody (viz n\u00ed\u017ee) nebo pokud jsou osobn\u00ed \u00fadaje zpracov\u00e1v\u00e1ny protipr\u00e1vn\u011b, pokud platn\u00e9 pr\u00e1vn\u00ed p\u0159edpisy nestanov\u00ed jinak.<\/li>\n\n\n\n<li><em>Pr\u00e1vo na omezen\u00ed zpracov\u00e1n\u00ed<\/em>\u00a0- m\u00e1te pr\u00e1vo omezit zpracov\u00e1n\u00ed sv\u00fdch osobn\u00edch \u00fadaj\u016f (tj. povolit pouze jejich ulo\u017een\u00ed), pokud:\n<ul class=\"wp-block-list\">\n<li>zpochybn\u00edte p\u0159esnost osobn\u00edch \u00fadaj\u016f, dokud nepodnikneme dostate\u010dn\u00e9 kroky k jejich oprav\u011b nebo ov\u011b\u0159en\u00ed;<\/li>\n\n\n\n<li>pokud je zpracov\u00e1n\u00ed nez\u00e1konn\u00e9, ale nechcete, abychom osobn\u00ed \u00fadaje vymazali;<\/li>\n\n\n\n<li>pokud va\u0161e osobn\u00ed \u00fadaje ji\u017e nepot\u0159ebujeme pro \u00fa\u010dely zpracov\u00e1n\u00ed, ale vy je pot\u0159ebujete pro ur\u010den\u00ed, v\u00fdkon nebo obhajobu pr\u00e1vn\u00edch n\u00e1rok\u016f, nebo<\/li>\n\n\n\n<li>pokud jste vznesli n\u00e1mitku proti zpracov\u00e1n\u00ed, kter\u00e1 je od\u016fvodn\u011bna z\u00e1konn\u00fdmi d\u016fvody (viz n\u00ed\u017ee), a to a\u017e do ov\u011b\u0159en\u00ed, zda m\u00e1me v\u00e1\u0161 souhlas k dal\u0161\u00edmu zpracov\u00e1n\u00ed.<\/li>\n<\/ul>\n<\/li>\n<\/ul>\n\n\n\n<p>Pokud va\u0161e osobn\u00ed \u00fadaje podl\u00e9haj\u00ed omezen\u00ed, budeme je zpracov\u00e1vat pouze s va\u0161\u00edm souhlasem nebo za \u00fa\u010delem ur\u010den\u00ed, v\u00fdkonu nebo obhajoby pr\u00e1vn\u00edch n\u00e1rok\u016f.<\/p>\n\n\n\n<ul class=\"wp-block-list\">\n<li><em>Pr\u00e1vo vzn\u00e9st n\u00e1mitku proti zpracov\u00e1n\u00ed (v\u010detn\u011b profilov\u00e1n\u00ed) na z\u00e1klad\u011b z\u00e1konn\u00fdch d\u016fvod\u016f&nbsp;<\/em>- pokud se p\u0159i zpracov\u00e1n\u00ed osobn\u00edch \u00fadaj\u016f op\u00edr\u00e1me o opr\u00e1vn\u011bn\u00e9 z\u00e1jmy, m\u00e1te pr\u00e1vo vzn\u00e9st proti tomuto zpracov\u00e1n\u00ed n\u00e1mitku. Pokud vznesete n\u00e1mitku, mus\u00edme toto zpracov\u00e1n\u00ed zastavit, pokud neprok\u00e1\u017eeme z\u00e1va\u017en\u00e9 opr\u00e1vn\u011bn\u00e9 d\u016fvody pro zpracov\u00e1n\u00ed, kter\u00e9 p\u0159eva\u017euj\u00ed nad va\u0161imi z\u00e1jmy, pr\u00e1vy a svobodami, nebo pokud osobn\u00ed \u00fadaje nepot\u0159ebujeme zpracov\u00e1vat pro ur\u010den\u00ed, v\u00fdkon nebo obhajobu pr\u00e1vn\u00edch n\u00e1rok\u016f, nebo pokud platn\u00fd z\u00e1kon nestanov\u00ed jinak.<\/li>\n\n\n\n<li><em>Pr\u00e1vo vzn\u00e9st n\u00e1mitku proti p\u0159\u00edm\u00e9mu marketingu (v\u010detn\u011b profilov\u00e1n\u00ed)<\/em>&nbsp;- m\u00e1te pr\u00e1vo vzn\u00e9st n\u00e1mitku proti pou\u017eit\u00ed va\u0161ich osobn\u00edch \u00fadaj\u016f pro \u00fa\u010dely p\u0159\u00edm\u00e9ho marketingu (v\u010detn\u011b profilov\u00e1n\u00ed).<\/li>\n<\/ul>\n\n\n\n<p>M\u00e1te tak\u00e9 pr\u00e1vo podat st\u00ed\u017enost u dozorov\u00e9ho \u00fa\u0159adu v m\u00edst\u011b sv\u00e9ho obvykl\u00e9ho bydli\u0161t\u011b, pracovi\u0161t\u011b nebo m\u00edsta \u00fadajn\u00e9ho poru\u0161en\u00ed, pokud se domn\u00edv\u00e1te, \u017ee zpracov\u00e1n\u00ed va\u0161ich osobn\u00edch \u00fadaj\u016f poru\u0161uje platn\u00fd z\u00e1kon.<\/p>\n\n\n\n<p>Pokud si p\u0159ejete uplatnit n\u011bkter\u00e1 ze sv\u00fdch pr\u00e1v v souvislosti s va\u0161imi osobn\u00edmi \u00fadaji zpracov\u00e1van\u00fdmi na t\u011bchto webov\u00fdch str\u00e1nk\u00e1ch nebo na platform\u011b, m\u016f\u017eete se na n\u00e1s obr\u00e1tit.<\/p>\n\n\n\n<p>Pro dal\u0161\u00ed informace n\u00e1s kontaktujte.<\/p>","protected":false},"excerpt":{"rendered":"<p>Privacy Policy Privacy Policy DentDinamo (\u201cwe\u201d) are committed to safeguarding the privacy of our website visitors and registered users of the DentDinamo platform; this Notice sets out how we will treat your personal data when we act as the controller of that data and when its processing is governed by the EU General Data Protection &#8230; <a title=\"Z\u00e1sady ochrany osobn\u00edch \u00fadaj\u016f\" class=\"read-more\" href=\"https:\/\/dentdinamo.com\/cs\/zasady-ochrany-osobnich-udaju\/\" aria-label=\"\u010c\u00edst v\u00edce o Privacy Policy\">Read more<\/a><\/p>","protected":false},"author":1,"featured_media":0,"parent":0,"menu_order":0,"comment_status":"closed","ping_status":"open","template":"","meta":{"rank_math_lock_modified_date":false,"footnotes":""},"class_list":["post-3","page","type-page","status-publish"],"_links":{"self":[{"href":"https:\/\/dentdinamo.com\/cs\/wp-json\/wp\/v2\/pages\/3","targetHints":{"allow":["GET"]}}],"collection":[{"href":"https:\/\/dentdinamo.com\/cs\/wp-json\/wp\/v2\/pages"}],"about":[{"href":"https:\/\/dentdinamo.com\/cs\/wp-json\/wp\/v2\/types\/page"}],"author":[{"embeddable":true,"href":"https:\/\/dentdinamo.com\/cs\/wp-json\/wp\/v2\/users\/1"}],"replies":[{"embeddable":true,"href":"https:\/\/dentdinamo.com\/cs\/wp-json\/wp\/v2\/comments?post=3"}],"version-history":[{"count":0,"href":"https:\/\/dentdinamo.com\/cs\/wp-json\/wp\/v2\/pages\/3\/revisions"}],"wp:attachment":[{"href":"https:\/\/dentdinamo.com\/cs\/wp-json\/wp\/v2\/media?parent=3"}],"curies":[{"name":"wp","href":"https:\/\/api.w.org\/{rel}","templated":true}]}}