{"id":1475,"date":"2023-03-06T10:29:16","date_gmt":"2023-03-06T10:29:16","guid":{"rendered":"https:\/\/dentdinamo.com\/?page_id=1475"},"modified":"2023-03-14T13:58:31","modified_gmt":"2023-03-14T13:58:31","slug":"contact","status":"publish","type":"page","link":"https:\/\/dentdinamo.com\/de\/kontakt\/","title":{"rendered":"Kontaktieren Sie uns jetzt"},"content":{"rendered":"<div class=\"gb-container gb-container-65c13fbe\">\n<div class=\"gb-container gb-container-27cdf53b\">\n<div class=\"gb-container gb-container-b2fd5082\">\n\n<p class=\"gb-headline gb-headline-7f0f180b gb-headline-text\"><a href=\"https:\/\/dentdinamo.com\/de\/\"><nav aria-label=\"Semmelbr\u00f6sel\" class=\"rank-math-breadcrumb\"><p><span class=\"last\">Startseite<\/span><\/p><\/nav><\/a><\/p>\n\n\n\n<h6 class=\"gb-headline gb-headline-351c12b5 gb-headline-text\">Nehmen Sie kostenlos Kontakt mit unseren Experten auf<\/h6>\n\n\n\n<h1 class=\"gb-headline gb-headline-a7f7065f gb-headline-text\">Kontakt<\/h1>\n\n\n\n<p class=\"gb-headline gb-headline-6e9c6527 gb-headline-text\">Unser Team wird Ihnen so schnell wie m\u00f6glich eine detaillierte Antwort auf Ihre Anfrage geben.<\/p>\n\n\n\n<p class=\"gb-headline gb-headline-6ebef113\"><span class=\"gb-icon\"><svg aria-hidden=\"true\" role=\"img\" height=\"1em\" width=\"1em\" viewbox=\"0 0 512 512\" xmlns=\"http:\/\/www.w3.org\/2000\/svg\"><path fill=\"currentColor\" d=\"M256 56c110.532 0 200 89.451 200 200 0 110.532-89.451 200-200 200-110.532 0-200-89.451-200-200 0-110.532 89.451-200 200-200m0-48C119.033 8 8 119.033 8 256s111.033 248 248 248 248-111.033 248-248S392.967 8 256 8zm0 168c-44.183 0-80 35.817-80 80s35.817 80 80 80 80-35.817 80-80-35.817-80-80-80z\"><\/path><\/svg><\/span><span class=\"gb-headline-text\">Antworten von Fachleuten einholen<\/span><\/p>\n\n\n\n<p class=\"gb-headline gb-headline-ba7967f3\"><span class=\"gb-icon\"><svg aria-hidden=\"true\" role=\"img\" height=\"1em\" width=\"1em\" viewbox=\"0 0 512 512\" xmlns=\"http:\/\/www.w3.org\/2000\/svg\"><path fill=\"currentColor\" d=\"M256 56c110.532 0 200 89.451 200 200 0 110.532-89.451 200-200 200-110.532 0-200-89.451-200-200 0-110.532 89.451-200 200-200m0-48C119.033 8 8 119.033 8 256s111.033 248 248 248 248-111.033 248-248S392.967 8 256 8zm0 168c-44.183 0-80 35.817-80 80s35.817 80 80 80 80-35.817 80-80-35.817-80-80-80z\"><\/path><\/svg><\/span><span class=\"gb-headline-text\">Hinweise zur Auswahl der besten Zahnkliniken<\/span><\/p>\n\n\n\n<p class=\"gb-headline gb-headline-5999bd45\"><span class=\"gb-icon\"><svg aria-hidden=\"true\" role=\"img\" height=\"1em\" width=\"1em\" viewbox=\"0 0 512 512\" xmlns=\"http:\/\/www.w3.org\/2000\/svg\"><path fill=\"currentColor\" d=\"M256 56c110.532 0 200 89.451 200 200 0 110.532-89.451 200-200 200-110.532 0-200-89.451-200-200 0-110.532 89.451-200 200-200m0-48C119.033 8 8 119.033 8 256s111.033 248 248 248 248-111.033 248-248S392.967 8 256 8zm0 168c-44.183 0-80 35.817-80 80s35.817 80 80 80 80-35.817 80-80-35.817-80-80-80z\"><\/path><\/svg><\/span><span class=\"gb-headline-text\">Sie k\u00f6nnen die Klinik w\u00e4hlen, die Ihnen am besten geeignet erscheint<\/span><\/p>\n\n<\/div>\n\n<div class=\"gb-container gb-container-fc22f23a\">\n<div class=\"gb-container gb-container-54ac564d box-shadow\">\n\n<h6 class=\"gb-headline gb-headline-a3bc245d gb-headline-text\">Haben Sie noch Fragen? Einer unserer Experten wird Sie kontaktieren<\/h6>\n\n\n\n<div class=\"wp-block-contact-form-7-contact-form-selector\">\n<div class=\"wpcf7 no-js\" id=\"wpcf7-f1511-o1\" lang=\"en-US\" dir=\"ltr\">\n<div class=\"screen-reader-response\"><p role=\"status\" aria-live=\"polite\" aria-atomic=\"true\"><\/p> <ul><\/ul><\/div>\n<form action=\"\/de\/wp-json\/wp\/v2\/pages\/1475#wpcf7-f1511-o1\" method=\"post\" class=\"wpcf7-form init contactForm\" name=\"ContactForm\" aria-label=\"Kontaktformular\" enctype=\"multipart\/form-data\" novalidate=\"novalidate\" data-status=\"init\" data-trp-original-action=\"\/de\/wp-json\/wp\/v2\/pages\/1475#wpcf7-f1511-o1\">\n<div style=\"display: none;\">\n<input type=\"hidden\" name=\"_wpcf7\" value=\"1511\" \/>\n<input type=\"hidden\" name=\"_wpcf7_version\" value=\"5.9.8\" \/>\n<input type=\"hidden\" name=\"_wpcf7_locale\" value=\"en_US\" \/>\n<input type=\"hidden\" name=\"_wpcf7_unit_tag\" value=\"wpcf7-f1511-o1\" \/>\n<input type=\"hidden\" name=\"_wpcf7_container_post\" value=\"0\" \/>\n<input type=\"hidden\" name=\"_wpcf7_posted_data_hash\" value=\"\" \/>\n<input type=\"hidden\" name=\"_wpcf7_recaptcha_response\" value=\"\" \/>\n<\/div>\n<p><label class:required> Name <\/label><br \/>\n<span class=\"wpcf7-form-control-wrap\" data-name=\"fname\"><input size=\"40\" maxlength=\"400\" class=\"wpcf7-form-control wpcf7-text wpcf7-validates-as-required w-50\" aria-required=\"true\" aria-invalid=\"false\" placeholder=\"Name\" value=\"\" type=\"text\" name=\"fname\" \/><\/span>\n<\/p>\n<p><label class:required> E-Mail<\/label><br \/>\n<span class=\"wpcf7-form-control-wrap\" data-name=\"email\"><input size=\"40\" maxlength=\"400\" class=\"wpcf7-form-control wpcf7-email wpcf7-validates-as-required wpcf7-text wpcf7-validates-as-email w-50\" aria-required=\"true\" aria-invalid=\"false\" placeholder=\"E-Mail\" value=\"\" type=\"email\" name=\"email\" \/><\/span>\n<\/p>\n<p><label class:required> Telefon<\/label><br \/>\n<span class=\"wpcf7-form-control-wrap\" data-name=\"phone\"><input size=\"40\" maxlength=\"400\" class=\"wpcf7-form-control wpcf7-tel wpcf7-validates-as-required wpcf7-text wpcf7-validates-as-tel w-50\" aria-required=\"true\" aria-invalid=\"false\" placeholder=\"Telefon\" value=\"\" type=\"tel\" name=\"phone\" \/><\/span>\n<\/p>\n<p><label> Behandlung <\/label><br \/>\n<span class=\"wpcf7-form-control-wrap\" data-name=\"treatment\"><input size=\"40\" maxlength=\"400\" class=\"wpcf7-form-control wpcf7-text w-50\" aria-invalid=\"false\" placeholder=\"Behandlung\" value=\"\" type=\"text\" name=\"treatment\" \/><\/span>\n<\/p>\n<p><label> X-ray<\/label><br \/>\n<span class=\"wpcf7-form-control-wrap\" data-name=\"x-ray\"><input size=\"40\" class=\"wpcf7-form-control wpcf7-file w-100\" accept=\".pdf,.png,.jpg\" aria-invalid=\"false\" type=\"file\" name=\"x-ray\" \/><\/span>\n<\/p>\n<p><label class=\"message\" > Nachricht<\/label><br \/>\n<span class=\"wpcf7-form-control-wrap\" data-name=\"message\"><textarea cols=\"40\" rows=\"10\" maxlength=\"2000\" class=\"wpcf7-form-control wpcf7-textarea w-100\" aria-invalid=\"false\" placeholder=\"Nachricht\" name=\"message\"><\/textarea><\/span>\n<\/p>\n<p>Indem ich auf die Schaltfl\u00e4che \"Kostenloses Angebot anfordern\" klicke, erkl\u00e4re ich mich damit einverstanden, dass mich ein Spezialist von Dent Dinamo per SMS oder Telefonanruf an die von mir angegebene Telefonnummer kontaktiert, um mich \u00fcber Angebote von Dent Dinamo zu informieren, ohne dass eine Zustimmung zum Kauf erforderlich ist. Ihre Daten werden in \u00dcbereinstimmung mit unserer Datenschutzpolitik gesammelt und verwendet.\n<\/p>\n<p><input class=\"wpcf7-form-control wpcf7-submit has-spinner w-100\" type=\"submit\" value=\"Senden Sie\" \/>\n<\/p><div class=\"wpcf7-response-output\" aria-hidden=\"true\"><\/div>\n<input type=\"hidden\" name=\"trp-form-language\" value=\"de\"\/><\/form>\n<\/div>\n<\/div>\n\n<\/div>\n<\/div>\n<\/div>\n<\/div>\n\n<div class=\"gb-container gb-container-0d846808\" id=\"why\">\n<div class=\"gb-container gb-container-073c7692\">\n<div class=\"gb-container gb-container-b89ea12f\">\n\n<div class=\"gb-headline gb-headline-9ed599df gb-headline-text\">Warum Dent Dinamo?<\/div>\n\n<\/div>\n\n<div class=\"gb-container gb-container-8eab9b97\">\n\n<h4 class=\"gb-headline gb-headline-a056a974 gb-headline-text\">870+<\/h4>\n\n\n\n<h4 class=\"gb-headline gb-headline-9ccbf19b gb-headline-text\">weltweite Kunden<\/h4>\n\n<\/div>\n\n<div class=\"gb-container gb-container-576b2218\">\n\n<h4 class=\"gb-headline gb-headline-6356c75c gb-headline-text\">55+<\/h4>\n\n\n\n<h4 class=\"gb-headline gb-headline-4c10e802 gb-headline-text\">albanische Kliniken<\/h4>\n\n<\/div>\n\n<div class=\"gb-container gb-container-82ed52f3\">\n\n<h4 class=\"gb-headline gb-headline-cec147fa gb-headline-text\">120+<\/h4>\n\n\n\n<h4 class=\"gb-headline gb-headline-d948775b gb-headline-text\">zertifizierte Zahn\u00e4rzte<\/h4>\n\n<\/div>\n<\/div>\n<\/div>\n\n<div class=\"gb-container gb-container-67ab7ac8\" id=\"benefits\">\n<div class=\"gb-container gb-container-5cf2d3c4\">\n\n<h3 class=\"gb-headline gb-headline-b477573d gb-headline-text\">Wir glauben, dass ein L\u00e4cheln die Welt ver\u00e4ndern kann!<\/h3>\n\n\n\n<h2 class=\"gb-headline gb-headline-a44b3ba0 gb-headline-text\">Unabh\u00e4ngig von Ihrem Alter k\u00f6nnen wir Ihnen helfen.<\/h2>\n\n\n\n<p style=\"font-size:16px\">Sie brauchen sich keine Gedanken \u00fcber Ihr Alter, Ihr Flugticket oder Ihren Aufenthaltsort zu machen. Wir haben alles im Griff. Kontaktieren Sie uns jetzt und erhalten Sie ein kostenloses Angebot.<\/p>\n\n<\/div>\n\n<div class=\"gb-container gb-container-9edae025\">\n\n<figure class=\"gb-block-image gb-block-image-eef932ca\"><img loading=\"lazy\" decoding=\"async\" width=\"555\" height=\"369\" class=\"gb-image gb-image-eef932ca\" src=\"https:\/\/dentdinamo.com\/wp-content\/uploads\/2023\/03\/4231412342314124-1.webp\" alt=\"\" title=\"4231412342314124 (1)\" srcset=\"https:\/\/dentdinamo.com\/wp-content\/uploads\/2023\/03\/4231412342314124-1.webp 555w, https:\/\/dentdinamo.com\/wp-content\/uploads\/2023\/03\/4231412342314124-1-300x199.webp 300w\" sizes=\"auto, (max-width: 555px) 100vw, 555px\" \/><\/figure>\n\n<\/div>\n<\/div>\n\n<div class=\"gb-container gb-container-8f28939a\">\n<div class=\"gb-container gb-container-191613bc\">\n\n<p class=\"gb-headline gb-headline-8b484ca1 gb-headline-text\">Zuverl\u00e4ssig und von Hunderten bewertet<\/p>\n\n\n\n<p class=\"gb-headline gb-headline-3004ceac gb-headline-text\">Wir w\u00e4hlen jede Klinik sorgf\u00e4ltig aus, indem wir eine Inspektion vor Ort durchf\u00fchren und auch die Krankengeschichte und das Feedback der Patienten sorgf\u00e4ltig pr\u00fcfen.<\/p>\n\n\n\n<figure class=\"gb-block-image gb-block-image-f9085589\"><img loading=\"lazy\" decoding=\"async\" width=\"700\" height=\"115\" class=\"gb-image gb-image-f9085589\" src=\"https:\/\/dentdinamo.com\/wp-content\/uploads\/2023\/03\/Ratings-1-e1678205612731.webp\" alt=\"\" title=\"Bewertungen\" srcset=\"https:\/\/dentdinamo.com\/wp-content\/uploads\/2023\/03\/Ratings-1-e1678205612731.webp 700w, https:\/\/dentdinamo.com\/wp-content\/uploads\/2023\/03\/Ratings-1-e1678205612731-300x49.webp 300w\" sizes=\"auto, (max-width: 700px) 100vw, 700px\" \/><\/figure>\n\n<\/div>\n\n<div class=\"gb-container gb-container-ad43d282\">\n\n<figure class=\"gb-block-image gb-block-image-412c3294\"><img loading=\"lazy\" decoding=\"async\" width=\"335\" height=\"280\" class=\"gb-image gb-image-412c3294\" src=\"https:\/\/dentdinamo.com\/wp-content\/uploads\/2023\/03\/6222328378-2.webp\" alt=\"\" title=\"6222328378\" srcset=\"https:\/\/dentdinamo.com\/wp-content\/uploads\/2023\/03\/6222328378-2.webp 335w, https:\/\/dentdinamo.com\/wp-content\/uploads\/2023\/03\/6222328378-2-300x251.webp 300w\" sizes=\"auto, (max-width: 335px) 100vw, 335px\" \/><\/figure>\n\n<\/div>\n<\/div>\n\n<div class=\"gb-container gb-container-e1e6d95d gallery-container\">\n<div class=\"gb-container gb-container-693df8fe\">\n<div class=\"gb-container gb-container-876b51c4\">\n\n<hr class=\"wp-block-separator has-text-color has-alpha-channel-opacity has-background\" style=\"background-color:#dadada;color:#dadada\"\/>\n\n<\/div>\n\n<div class=\"gb-container gb-container-a4b19efc\">\n\n<p class=\"gb-headline gb-headline-30c639e2 gb-headline-text\">AS SEEN ON<\/p>\n\n<\/div>\n\n<div class=\"gb-container gb-container-8aea8a6c\">\n\n<hr class=\"wp-block-separator has-text-color has-alpha-channel-opacity has-background\" style=\"background-color:#dadada;color:#dadada\"\/>\n\n<\/div>\n<\/div>\n\n<div class=\"gb-container gb-container-a3852333\">\n<div class=\"gb-container gb-container-293f1d01\">\n\n<figure class=\"gb-block-image gb-block-image-e86cbf40\"><img loading=\"lazy\" decoding=\"async\" width=\"45\" height=\"109\" class=\"gb-image gb-image-e86cbf40 feather\" src=\"https:\/\/dentdinamo.com\/wp-content\/uploads\/2023\/03\/CFa77Wv.webp\" alt=\"\" title=\"CFa77Wv\"\/><\/figure>\n\n<\/div>\n\n<div class=\"gb-container gb-container-37c81e10\">\n\n<figure class=\"wp-block-gallery has-nested-images columns-5 news-gallery wp-block-gallery-1 is-layout-flex wp-block-gallery-is-layout-flex\">\n<figure class=\"wp-block-image size-full\"><a href=\"http:\/\/www.wicz.com\/story\/46984846\/dent-dinamo-has-made-albanian-dental-tourism-a-simple-costeffective-and-oneofakind-experience\" target=\"_blank\" rel=\"noopener\"><img loading=\"lazy\" decoding=\"async\" width=\"130\" height=\"55\" data-id=\"1945\" src=\"https:\/\/dentdinamo.com\/wp-content\/uploads\/2023\/03\/Fox-1.webp\" alt=\"\" class=\"wp-image-1945\"\/><\/a><\/figure>\n\n\n\n<figure class=\"wp-block-image size-full\"><a href=\"https:\/\/www.newschannelnebraska.com\/story\/46984846\/dent-dinamo-has-made-albanian-dental-tourism-a-simple-costeffective-and-oneofakind-experience\" target=\"_blank\" rel=\"noopener\"><img loading=\"lazy\" decoding=\"async\" width=\"125\" height=\"75\" data-id=\"1966\" src=\"https:\/\/dentdinamo.com\/wp-content\/uploads\/2023\/03\/HrJWOxm.webp\" alt=\"\" class=\"wp-image-1966\"\/><\/a><\/figure>\n\n\n\n<figure class=\"wp-block-image size-full\"><a href=\"http:\/\/finance.azcentral.com\/azcentral\/article\/getnews-2022-7-29-dent-dinamo-has-made-albanian-dental-tourism-a-simple-cost-effective-and-one-of-a-kind-experience\/\" target=\"_blank\" rel=\"noopener\"><img loading=\"lazy\" decoding=\"async\" width=\"125\" height=\"45\" data-id=\"1962\" src=\"https:\/\/dentdinamo.com\/wp-content\/uploads\/2023\/03\/qgfZn5U-1-300x108-1.webp\" alt=\"\" class=\"wp-image-1962\"\/><\/a><\/figure>\n\n\n\n<figure class=\"wp-block-image size-full\"><a href=\"http:\/\/finance.dailyherald.com\/dailyherald\/article\/getnews-2022-7-29-dent-dinamo-has-made-albanian-dental-tourism-a-simple-cost-effective-and-one-of-a-kind-experience\/\" target=\"_blank\" rel=\"noopener\"><img loading=\"lazy\" decoding=\"async\" width=\"125\" height=\"25\" data-id=\"1964\" src=\"https:\/\/dentdinamo.com\/wp-content\/uploads\/2023\/03\/oUWHDZy.webp\" alt=\"\" class=\"wp-image-1964\"\/><\/a><\/figure>\n\n\n\n<figure class=\"wp-block-image size-full\"><a href=\"https:\/\/www.marketwatch.com\/press-release\/dent-dinamo-has-made-albanian-dental-tourism-a-simple-cost-effective-and-one-of-a-kind-experience-2022-07-28\" target=\"_blank\" rel=\"noopener\"><img loading=\"lazy\" decoding=\"async\" width=\"125\" height=\"51\" data-id=\"1968\" src=\"https:\/\/dentdinamo.com\/wp-content\/uploads\/2023\/03\/Clqb8aD-1-300x122-1.webp\" alt=\"\" class=\"wp-image-1968\"\/><\/a><\/figure>\n<\/figure>\n\n\n\n<p class=\"gb-headline gb-headline-986cb8db gb-headline-text\">UND \u00dcBER 250 NACHRICHTENSEITEN <\/p>\n\n<\/div>\n\n<div class=\"gb-container gb-container-35695b62\">\n\n<figure class=\"gb-block-image gb-block-image-9ba67cd9\"><img loading=\"lazy\" decoding=\"async\" width=\"45\" height=\"109\" class=\"gb-image gb-image-9ba67cd9 feather backwards-x\" src=\"https:\/\/dentdinamo.com\/wp-content\/uploads\/2023\/03\/CFa77Wv.webp\" alt=\"\" title=\"CFa77Wv\"\/><\/figure>\n\n<\/div>\n<\/div>\n<\/div>\n\n<div class=\"gb-container gb-container-f135811b box-shadow\">\n<div class=\"gb-container gb-container-c5e974fe\">\n\n<h4 class=\"gb-headline gb-headline-a673d0b3 gb-headline-text\">Lesen Sie unseren Blog und erfahren Sie mehr \u00fcber Zahnbehandlungen.<\/h4>\n\n\n\n<a class=\"gb-button gb-button-e3367945 gb-button-text\" href=\"https:\/\/dentdinamo.com\/de\/blog\/\">Besuchen Sie unseren Blog<\/a>\n\n<\/div>\n\n<div class=\"gb-container gb-container-4de0f0c4\">\n\n<figure class=\"gb-block-image gb-block-image-78c07a02\"><img loading=\"lazy\" decoding=\"async\" width=\"245\" height=\"245\" class=\"gb-image gb-image-78c07a02\" src=\"https:\/\/dentdinamo.com\/wp-content\/uploads\/2023\/03\/4242424234242-300x300-1.webp\" alt=\"\" title=\"4242424234242-300x300\" srcset=\"https:\/\/dentdinamo.com\/wp-content\/uploads\/2023\/03\/4242424234242-300x300-1.webp 245w, https:\/\/dentdinamo.com\/wp-content\/uploads\/2023\/03\/4242424234242-300x300-1-150x150.webp 150w\" sizes=\"auto, (max-width: 245px) 100vw, 245px\" \/><\/figure>\n\n<\/div>\n<\/div>\n\n<div class=\"gb-container gb-container-9d389070 faqs-container\">\n\n<h2 class=\"gb-headline gb-headline-18ae9a61 gb-headline-text\">FAQ'S<\/h2>\n\n\n<div id=\"rank-math-faq\" class=\"rank-math-block\">\n<ul class=\"rank-math-list\">\n<li id=\"faq-question-1678114850819\" class=\"rank-math-list-item\">\n<h3 class=\"rank-math-question\">Pr\u00fcfen Sie jede Anfrage?<\/h3>\n<div class=\"rank-math-answer\">\n\n<p>Ja, wir pr\u00fcfen jede Anfrage eines jeden Patienten. Einer der Gr\u00fcnde, warum wir Sie um Ihre Kontaktdaten bitten, ist, dass wir Ihnen so schnell wie m\u00f6glich eine L\u00f6sung anbieten m\u00f6chten, nachdem wir Ihre Anfrage gesehen haben.<\/p>\n\n<\/div>\n<\/li>\n<li id=\"faq-question-1678116786025\" class=\"rank-math-list-item\">\n<h3 class=\"rank-math-question\">Wer wird meine Anfrage einsehen?<\/h3>\n<div class=\"rank-math-answer\">\n\n<p>Ein zertifizierter Spezialist wird sich Ihre Anfrage zu Ihren Zahnproblemen ansehen. Deshalb sollten Sie Ihr Problem so gut wie m\u00f6glich beschreiben und auch versuchen, ein R\u00f6ntgenbild zur besseren Diagnose beizulegen.\u00a0<\/p>\n\n<\/div>\n<\/li>\n<li id=\"faq-question-1678116789377\" class=\"rank-math-list-item\">\n<h3 class=\"rank-math-question\">Wie schnell kann ich eine Antwort erwarten?<\/h3>\n<div class=\"rank-math-answer\">\n\n<p>Innerhalb von 24 Stunden. Egal an welchem Tag, unser Support wird Ihnen so schnell wie m\u00f6glich die gew\u00fcnschte Antwort geben. Das bedeutet auch, dass wir rund um die Uhr arbeiten, um f\u00fcr jeden Patienten einen zuverl\u00e4ssigen Service zu bieten.\u00a0<\/p>\n\n<\/div>\n<\/li>\n<\/ul>\n<\/div>\n<\/div>","protected":false},"excerpt":{"rendered":"<p>Get in touch with our experts for free Contact Us Our team will provide you a detailed answer about your enquiry as soon as possible. Get an answer from professionals Guidance on choosing the best dental clinics You get to choose the clinic that seems better to you Do you have any questions? One of &#8230; <a title=\"Kontaktieren Sie uns jetzt\" class=\"read-more\" href=\"https:\/\/dentdinamo.com\/de\/kontakt\/\" aria-label=\"Mehr Informationen \u00fcber Contact\">Read more<\/a><\/p>","protected":false},"author":1,"featured_media":0,"parent":0,"menu_order":0,"comment_status":"closed","ping_status":"closed","template":"","meta":{"rank_math_lock_modified_date":false,"footnotes":""},"class_list":["post-1475","page","type-page","status-publish"],"_links":{"self":[{"href":"https:\/\/dentdinamo.com\/de\/wp-json\/wp\/v2\/pages\/1475","targetHints":{"allow":["GET"]}}],"collection":[{"href":"https:\/\/dentdinamo.com\/de\/wp-json\/wp\/v2\/pages"}],"about":[{"href":"https:\/\/dentdinamo.com\/de\/wp-json\/wp\/v2\/types\/page"}],"author":[{"embeddable":true,"href":"https:\/\/dentdinamo.com\/de\/wp-json\/wp\/v2\/users\/1"}],"replies":[{"embeddable":true,"href":"https:\/\/dentdinamo.com\/de\/wp-json\/wp\/v2\/comments?post=1475"}],"version-history":[{"count":2,"href":"https:\/\/dentdinamo.com\/de\/wp-json\/wp\/v2\/pages\/1475\/revisions"}],"predecessor-version":[{"id":3960,"href":"https:\/\/dentdinamo.com\/de\/wp-json\/wp\/v2\/pages\/1475\/revisions\/3960"}],"wp:attachment":[{"href":"https:\/\/dentdinamo.com\/de\/wp-json\/wp\/v2\/media?parent=1475"}],"curies":[{"name":"wp","href":"https:\/\/api.w.org\/{rel}","templated":true}]}}