{"id":1762,"date":"2023-03-06T17:29:02","date_gmt":"2023-03-06T17:29:02","guid":{"rendered":"https:\/\/dentdinamo.com\/?page_id=1762"},"modified":"2023-03-14T12:51:28","modified_gmt":"2023-03-14T12:51:28","slug":"blog","status":"publish","type":"page","link":"https:\/\/dentdinamo.com\/de\/blog\/","title":{"rendered":"Blog"},"content":{"rendered":"<div class=\"gb-container gb-container-65c13fbe\">\n<div class=\"gb-container gb-container-27cdf53b\">\n<h1 class=\"gb-headline gb-headline-a7f7065f gb-headline-text\">Blog<\/h1>\n\n\n<p class=\"gb-headline gb-headline-7f0f180b gb-headline-text\"><nav aria-label=\"Semmelbr\u00f6sel\" class=\"rank-math-breadcrumb\"><p><span class=\"last\">Startseite<\/span><\/p><\/nav><\/p>\n\n<\/div>\n<\/div>\n\n<div class=\"gb-container gb-container-2a806107\">\n\n<div class=\"gb-grid-wrapper gb-grid-wrapper-be385801 gb-query-loop-wrapper\">\n<div class=\"gb-grid-column gb-grid-column-a04fc778 gb-query-loop-item post-3856 post type-post status-publish format-standard has-post-thumbnail hentry category-blog\"><div class=\"gb-container gb-container-a04fc778 post-card\">\n<div class=\"gb-headline gb-headline-ade2311e post-category gb-headline-text\"><span class=\"post-term-item term-blog\">Blog<\/span><\/div>\n\n<figure class=\"gb-block-image gb-block-image-e71d7781\"><a href=\"https:\/\/dentdinamo.com\/de\/brennen-im-mund-was-zu-tun-ist-symptome-und-behandlung\/\"><img loading=\"lazy\" decoding=\"async\" width=\"1000\" height=\"667\" src=\"https:\/\/dentdinamo.com\/wp-content\/uploads\/2023\/09\/male-using-spray-sore-throat-1-1.webp\" class=\"gb-image-e71d7781\" alt=\"\" srcset=\"https:\/\/dentdinamo.com\/wp-content\/uploads\/2023\/09\/male-using-spray-sore-throat-1-1.webp 1000w, https:\/\/dentdinamo.com\/wp-content\/uploads\/2023\/09\/male-using-spray-sore-throat-1-1-300x200.webp 300w, https:\/\/dentdinamo.com\/wp-content\/uploads\/2023\/09\/male-using-spray-sore-throat-1-1-768x512.webp 768w, https:\/\/dentdinamo.com\/wp-content\/uploads\/2023\/09\/male-using-spray-sore-throat-1-1-18x12.webp 18w\" sizes=\"auto, (max-width: 1000px) 100vw, 1000px\" \/><\/a><\/figure>\n\n<div class=\"gb-container gb-container-5f5e46ef\">\n<h3 class=\"gb-headline gb-headline-4faf331d gb-headline-text\"><a href=\"https:\/\/dentdinamo.com\/de\/brennen-im-mund-was-zu-tun-ist-symptome-und-behandlung\/\">Brennender Mund, was ist zu tun? Ursachen, Symptome und Behandlungen<\/a><\/h3>\n\n<p class=\"gb-headline gb-headline-2b49b853 gb-headline-text\">Das Gef\u00fchl, von Zeit zu Zeit ein Jucken oder Brennen im Mund zu versp\u00fcren, ist normal, vor allem, wenn man zuvor Lebensmittel gegessen hat, die dieses Gef\u00fchl verst\u00e4rken k\u00f6nnen, ...<\/p>\n\n<div class=\"gb-headline gb-headline-1d062b96 gb-headline-text\"><a href=\"https:\/\/dentdinamo.com\/de\/brennen-im-mund-was-zu-tun-ist-symptome-und-behandlung\/\">Mehr lesen \"<\/a><\/div>\n<\/div>\n\n\n<div style=\"height:25px\" aria-hidden=\"true\" class=\"wp-block-spacer spacer\"><\/div>\n\n\n<div class=\"gb-headline gb-headline-cee0112d gb-headline-text\"><a href=\"https:\/\/dentdinamo.com\/de\/brennen-im-mund-was-zu-tun-ist-symptome-und-behandlung\/\"><time class=\"entry-date published\" datetime=\"2023-09-05T14:40:03+00:00\">5. September 2023<\/time><\/a><\/div>\n<\/div><\/div>\n\n<div class=\"gb-grid-column gb-grid-column-a04fc778 gb-query-loop-item post-3166 post type-post status-publish format-standard has-post-thumbnail hentry category-uncategorized\"><div class=\"gb-container gb-container-a04fc778 post-card\">\n<div class=\"gb-headline gb-headline-ade2311e post-category gb-headline-text\"><span class=\"post-term-item term-uncategorized\">Uncategorized<\/span><\/div>\n\n<figure class=\"gb-block-image gb-block-image-e71d7781\"><a href=\"https:\/\/dentdinamo.com\/de\/schmelzerosion-symptome-und-ursachen\/\"><img loading=\"lazy\" decoding=\"async\" width=\"1000\" height=\"667\" src=\"https:\/\/dentdinamo.com\/wp-content\/uploads\/2023\/03\/white-teeth-1-1.webp\" class=\"gb-image-e71d7781\" alt=\"\" srcset=\"https:\/\/dentdinamo.com\/wp-content\/uploads\/2023\/03\/white-teeth-1-1.webp 1000w, https:\/\/dentdinamo.com\/wp-content\/uploads\/2023\/03\/white-teeth-1-1-300x200.webp 300w, https:\/\/dentdinamo.com\/wp-content\/uploads\/2023\/03\/white-teeth-1-1-768x512.webp 768w\" sizes=\"auto, (max-width: 1000px) 100vw, 1000px\" \/><\/a><\/figure>\n\n<div class=\"gb-container gb-container-5f5e46ef\">\n<h3 class=\"gb-headline gb-headline-4faf331d gb-headline-text\"><a href=\"https:\/\/dentdinamo.com\/de\/schmelzerosion-symptome-und-ursachen\/\">Zahnschmelz-Erosion - Symptome und Ursachen<\/a><\/h3>\n\n<p class=\"gb-headline gb-headline-2b49b853 gb-headline-text\">Gegenw\u00e4rtig f\u00fchren viele Menschen einen ungesunden Lebensstil in dem Glauben, dass dies ihrem t\u00e4glichen Leben irgendwie zugute kommt, w\u00e4hrend sie sich mit leeren Kalorien, leerer Unterhaltung und<\/p>\n\n<div class=\"gb-headline gb-headline-1d062b96 gb-headline-text\"><a href=\"https:\/\/dentdinamo.com\/de\/schmelzerosion-symptome-und-ursachen\/\">Mehr lesen \"<\/a><\/div>\n<\/div>\n\n\n<div style=\"height:25px\" aria-hidden=\"true\" class=\"wp-block-spacer spacer\"><\/div>\n\n\n<div class=\"gb-headline gb-headline-cee0112d gb-headline-text\"><a href=\"https:\/\/dentdinamo.com\/de\/schmelzerosion-symptome-und-ursachen\/\"><time class=\"entry-date published\" datetime=\"2023-03-14T11:35:02+00:00\">M\u00e4rz 14, 2023<\/time><\/a><\/div>\n<\/div><\/div>\n\n<div class=\"gb-grid-column gb-grid-column-a04fc778 gb-query-loop-item post-576 post type-post status-publish format-standard has-post-thumbnail hentry category-uncategorized\"><div class=\"gb-container gb-container-a04fc778 post-card\">\n<div class=\"gb-headline gb-headline-ade2311e post-category gb-headline-text\"><span class=\"post-term-item term-uncategorized\">Uncategorized<\/span><\/div>\n\n<figure class=\"gb-block-image gb-block-image-e71d7781\"><a href=\"https:\/\/dentdinamo.com\/de\/test\/\"><img loading=\"lazy\" decoding=\"async\" width=\"750\" height=\"750\" src=\"https:\/\/dentdinamo.com\/wp-content\/uploads\/2023\/03\/276093488_128853746357206_7316110126867192074_n.jpg\" class=\"gb-image-e71d7781\" alt=\"\" srcset=\"https:\/\/dentdinamo.com\/wp-content\/uploads\/2023\/03\/276093488_128853746357206_7316110126867192074_n.jpg 750w, https:\/\/dentdinamo.com\/wp-content\/uploads\/2023\/03\/276093488_128853746357206_7316110126867192074_n-300x300.jpg 300w, https:\/\/dentdinamo.com\/wp-content\/uploads\/2023\/03\/276093488_128853746357206_7316110126867192074_n-150x150.jpg 150w\" sizes=\"auto, (max-width: 750px) 100vw, 750px\" \/><\/a><\/figure>\n\n<div class=\"gb-container gb-container-5f5e46ef\">\n<h3 class=\"gb-headline gb-headline-4faf331d gb-headline-text\"><a href=\"https:\/\/dentdinamo.com\/de\/test\/\">Test<\/a><\/h3>\n\n<p class=\"gb-headline gb-headline-2b49b853 gb-headline-text\">wefewfewfewfewf<\/p>\n\n<div class=\"gb-headline gb-headline-1d062b96 gb-headline-text\"><a href=\"https:\/\/dentdinamo.com\/de\/test\/\">Mehr lesen \"<\/a><\/div>\n<\/div>\n\n\n<div style=\"height:25px\" aria-hidden=\"true\" class=\"wp-block-spacer spacer\"><\/div>\n\n\n<div class=\"gb-headline gb-headline-cee0112d gb-headline-text\"><a href=\"https:\/\/dentdinamo.com\/de\/test\/\"><time class=\"entry-date published\" datetime=\"2023-03-02T14:32:09+00:00\">M\u00e4rz 2, 2023<\/time><\/a><\/div>\n<\/div><\/div>\n\n<div class=\"gb-grid-column gb-grid-column-a04fc778 gb-query-loop-item post-1 post type-post status-publish format-standard has-post-thumbnail hentry category-uncategorized\"><div class=\"gb-container gb-container-a04fc778 post-card\">\n<div class=\"gb-headline gb-headline-ade2311e post-category gb-headline-text\"><span class=\"post-term-item term-uncategorized\">Uncategorized<\/span><\/div>\n\n<figure class=\"gb-block-image gb-block-image-e71d7781\"><a href=\"https:\/\/dentdinamo.com\/de\/hello-world-2\/\"><img loading=\"lazy\" decoding=\"async\" width=\"1000\" height=\"667\" src=\"https:\/\/dentdinamo.com\/wp-content\/uploads\/2023\/03\/gum-inflammation-cropped-shot-young-woman-s-face-with-doctor-s-hand-blue-glove-her-jaw-1-1-1.webp\" class=\"gb-image-e71d7781\" alt=\"\" srcset=\"https:\/\/dentdinamo.com\/wp-content\/uploads\/2023\/03\/gum-inflammation-cropped-shot-young-woman-s-face-with-doctor-s-hand-blue-glove-her-jaw-1-1-1.webp 1000w, https:\/\/dentdinamo.com\/wp-content\/uploads\/2023\/03\/gum-inflammation-cropped-shot-young-woman-s-face-with-doctor-s-hand-blue-glove-her-jaw-1-1-1-300x200.webp 300w, https:\/\/dentdinamo.com\/wp-content\/uploads\/2023\/03\/gum-inflammation-cropped-shot-young-woman-s-face-with-doctor-s-hand-blue-glove-her-jaw-1-1-1-768x512.webp 768w\" sizes=\"auto, (max-width: 1000px) 100vw, 1000px\" \/><\/a><\/figure>\n\n<div class=\"gb-container gb-container-5f5e46ef\">\n<h3 class=\"gb-headline gb-headline-4faf331d gb-headline-text\"><a href=\"https:\/\/dentdinamo.com\/de\/hello-world-2\/\">Hallo Welt!<\/a><\/h3>\n\n<p class=\"gb-headline gb-headline-2b49b853 gb-headline-text\">Willkommen bei WordPress. Dies ist Ihr erster Beitrag. Bearbeiten oder l\u00f6schen Sie ihn, und schreiben Sie dann weiter!<\/p>\n\n<div class=\"gb-headline gb-headline-1d062b96 gb-headline-text\"><a href=\"https:\/\/dentdinamo.com\/de\/hello-world-2\/\">Mehr lesen \"<\/a><\/div>\n<\/div>\n\n\n<div style=\"height:25px\" aria-hidden=\"true\" class=\"wp-block-spacer spacer\"><\/div>\n\n\n<div class=\"gb-headline gb-headline-cee0112d gb-headline-text\"><a href=\"https:\/\/dentdinamo.com\/de\/hello-world-2\/\"><time class=\"entry-date published\" datetime=\"2023-03-01T16:31:01+00:00\">1. M\u00e4rz 2023<\/time><\/a><\/div>\n<\/div><\/div>\n<\/div>\n\n<div class=\"gb-container gb-container-cca4189f gb-query-loop-pagination\">\n\n\n\n\n\n<\/div>\n\n<\/div>\n\n<div class=\"gb-container gb-container-8f28939a\">\n<div class=\"gb-container gb-container-191613bc\">\n\n<p class=\"gb-headline gb-headline-8b484ca1 gb-headline-text\">Erhalten Sie die neuesten Nachrichten!<\/p>\n\n\n\n<p class=\"has-base-3-color has-text-color\" style=\"font-size:16px\">Abonnieren Sie unseren Newsletter!<\/p>\n\n\n\n<div class=\"wp-block-contact-form-7-contact-form-selector newsletter\">\n<div class=\"wpcf7 no-js\" id=\"wpcf7-f1402-o1\" lang=\"en-US\" dir=\"ltr\">\n<div class=\"screen-reader-response\"><p role=\"status\" aria-live=\"polite\" aria-atomic=\"true\"><\/p> <ul><\/ul><\/div>\n<form action=\"\/de\/wp-json\/wp\/v2\/pages\/1762#wpcf7-f1402-o1\" method=\"post\" class=\"wpcf7-form init\" aria-label=\"Contact form\" novalidate=\"novalidate\" data-status=\"init\" data-trp-original-action=\"\/de\/wp-json\/wp\/v2\/pages\/1762#wpcf7-f1402-o1\">\n<div style=\"display: none;\">\n<input type=\"hidden\" name=\"_wpcf7\" value=\"1402\" \/>\n<input type=\"hidden\" name=\"_wpcf7_version\" value=\"5.9.8\" \/>\n<input type=\"hidden\" name=\"_wpcf7_locale\" value=\"en_US\" \/>\n<input type=\"hidden\" name=\"_wpcf7_unit_tag\" value=\"wpcf7-f1402-o1\" \/>\n<input type=\"hidden\" name=\"_wpcf7_container_post\" value=\"0\" \/>\n<input type=\"hidden\" name=\"_wpcf7_posted_data_hash\" value=\"\" \/>\n<input type=\"hidden\" name=\"_wpcf7_recaptcha_response\" value=\"\" \/>\n<\/div>\n<p><span class=\"wpcf7-form-control-wrap\" data-name=\"your-email\"><input size=\"40\" maxlength=\"400\" class=\"wpcf7-form-control wpcf7-email wpcf7-validates-as-required wpcf7-text wpcf7-validates-as-email\" autocomplete=\"email\" aria-required=\"true\" aria-invalid=\"false\" placeholder=\"E-Mail\" value=\"\" type=\"email\" name=\"your-email\" \/><\/span><input class=\"wpcf7-form-control wpcf7-submit has-spinner\" type=\"submit\" value=\"Senden Sie\" \/>\n<\/p><div class=\"wpcf7-response-output\" aria-hidden=\"true\"><\/div>\n<input type=\"hidden\" name=\"trp-form-language\" value=\"de\"\/><\/form>\n<\/div>\n<\/div>\n\n<\/div>\n\n<div class=\"gb-container gb-container-ad43d282\">\n\n<figure class=\"gb-block-image gb-block-image-412c3294\"><img loading=\"lazy\" decoding=\"async\" width=\"300\" height=\"275\" class=\"gb-image gb-image-412c3294\" src=\"https:\/\/dentdinamo.com\/wp-content\/uploads\/2023\/03\/3459558-1024x939-1-300x275.webp\" alt=\"\" title=\"3459558-1024x939\" srcset=\"https:\/\/dentdinamo.com\/wp-content\/uploads\/2023\/03\/3459558-1024x939-1-300x275.webp 300w, https:\/\/dentdinamo.com\/wp-content\/uploads\/2023\/03\/3459558-1024x939-1-768x704.webp 768w, https:\/\/dentdinamo.com\/wp-content\/uploads\/2023\/03\/3459558-1024x939-1.webp 1024w\" sizes=\"auto, (max-width: 300px) 100vw, 300px\" \/><\/figure>\n\n<\/div>\n<\/div>","protected":false},"excerpt":{"rendered":"<p>Blog<\/p>","protected":false},"author":1,"featured_media":0,"parent":0,"menu_order":0,"comment_status":"closed","ping_status":"closed","template":"","meta":{"rank_math_lock_modified_date":false,"footnotes":""},"class_list":["post-1762","page","type-page","status-publish"],"_links":{"self":[{"href":"https:\/\/dentdinamo.com\/de\/wp-json\/wp\/v2\/pages\/1762","targetHints":{"allow":["GET"]}}],"collection":[{"href":"https:\/\/dentdinamo.com\/de\/wp-json\/wp\/v2\/pages"}],"about":[{"href":"https:\/\/dentdinamo.com\/de\/wp-json\/wp\/v2\/types\/page"}],"author":[{"embeddable":true,"href":"https:\/\/dentdinamo.com\/de\/wp-json\/wp\/v2\/users\/1"}],"replies":[{"embeddable":true,"href":"https:\/\/dentdinamo.com\/de\/wp-json\/wp\/v2\/comments?post=1762"}],"version-history":[{"count":32,"href":"https:\/\/dentdinamo.com\/de\/wp-json\/wp\/v2\/pages\/1762\/revisions"}],"predecessor-version":[{"id":3221,"href":"https:\/\/dentdinamo.com\/de\/wp-json\/wp\/v2\/pages\/1762\/revisions\/3221"}],"wp:attachment":[{"href":"https:\/\/dentdinamo.com\/de\/wp-json\/wp\/v2\/media?parent=1762"}],"curies":[{"name":"wp","href":"https:\/\/api.w.org\/{rel}","templated":true}]}}