{"id":2442,"date":"2023-03-09T16:37:15","date_gmt":"2023-03-09T16:37:15","guid":{"rendered":"https:\/\/dentdinamo.com\/?page_id=2442"},"modified":"2023-03-14T11:33:17","modified_gmt":"2023-03-14T11:33:17","slug":"locations","status":"publish","type":"page","link":"https:\/\/dentdinamo.com\/de\/standorte\/","title":{"rendered":"Standorte"},"content":{"rendered":"<div class=\"gb-container gb-container-65c13fbe\">\n<div class=\"gb-container gb-container-27cdf53b\">\n<h1 class=\"gb-headline gb-headline-a7f7065f gb-headline-text\">Standorte<\/h1>\n\n\n<p class=\"gb-headline gb-headline-7f0f180b gb-headline-text\"><nav aria-label=\"Semmelbr\u00f6sel\" class=\"rank-math-breadcrumb\"><p><span class=\"last\">Startseite<\/span><\/p><\/nav><\/p>\n\n<\/div>\n<\/div>\n\n<div class=\"gb-container gb-container-2a806107\">\n\n<div class=\"gb-grid-wrapper gb-grid-wrapper-be385801 gb-query-loop-wrapper\">\n<div class=\"gb-grid-column gb-grid-column-a04fc778 gb-query-loop-item post-3074 post type-post status-publish format-standard hentry category-locations\"><div class=\"gb-container gb-container-a04fc778 post-card\">\n<div class=\"gb-container gb-container-5f5e46ef\">\n<h3 class=\"gb-headline gb-headline-4faf331d gb-headline-text\"><a href=\"https:\/\/dentdinamo.com\/de\/zahnarzt-in-albanien\/\">Zahnarzt in Albanien<\/a><\/h3>\n\n\n\n<div class=\"gb-headline gb-headline-1d062b96 gb-headline-text\"><a href=\"https:\/\/dentdinamo.com\/de\/zahnarzt-in-albanien\/\">Mehr lesen \"<\/a><\/div>\n<\/div>\n\n\n<div style=\"height:25px\" aria-hidden=\"true\" class=\"wp-block-spacer spacer\"><\/div>\n\n\n<div class=\"gb-headline gb-headline-cee0112d gb-headline-text\"><a href=\"https:\/\/dentdinamo.com\/de\/zahnarzt-in-albanien\/\"><time class=\"entry-date published\" datetime=\"2023-03-13T18:04:03+00:00\">M\u00e4rz 13, 2023<\/time><\/a><\/div>\n<\/div><\/div>\n\n<div class=\"gb-grid-column gb-grid-column-a04fc778 gb-query-loop-item post-3072 post type-post status-publish format-standard hentry category-locations\"><div class=\"gb-container gb-container-a04fc778 post-card\">\n<div class=\"gb-container gb-container-5f5e46ef\">\n<h3 class=\"gb-headline gb-headline-4faf331d gb-headline-text\"><a href=\"https:\/\/dentdinamo.com\/de\/standort-italien\/\">Italien Standort<\/a><\/h3>\n\n\n\n<div class=\"gb-headline gb-headline-1d062b96 gb-headline-text\"><a href=\"https:\/\/dentdinamo.com\/de\/standort-italien\/\">Mehr lesen \"<\/a><\/div>\n<\/div>\n\n\n<div style=\"height:25px\" aria-hidden=\"true\" class=\"wp-block-spacer spacer\"><\/div>\n\n\n<div class=\"gb-headline gb-headline-cee0112d gb-headline-text\"><a href=\"https:\/\/dentdinamo.com\/de\/standort-italien\/\"><time class=\"entry-date published\" datetime=\"2023-03-13T18:03:01+00:00\">M\u00e4rz 13, 2023<\/time><\/a><\/div>\n<\/div><\/div>\n\n<div class=\"gb-grid-column gb-grid-column-a04fc778 gb-query-loop-item post-3054 post type-post status-publish format-standard hentry category-locations\"><div class=\"gb-container gb-container-a04fc778 post-card\">\n<div class=\"gb-container gb-container-5f5e46ef\">\n<h3 class=\"gb-headline gb-headline-4faf331d gb-headline-text\"><a href=\"https:\/\/dentdinamo.com\/de\/zahnarzt-in-albanien-zahnarztlicher-tourismus-in-albanien-dent-dinamo\/\">Zahnarzt in Albanien: Zahn\u00e4rztlicher Tourismus in Albanien - Dent Dinamo<\/a><\/h3>\n\n<p class=\"gb-headline gb-headline-2b49b853 gb-headline-text\">Dent Dinamo arbeitet mit den modernsten und spezialisiertesten Zahnkliniken in Albanien zusammen. Diese Zahnkliniken sind mit Hilfe ihres wissenschaftlichen Personals bereit, jeden in ihren gut ausgestatteten und modernen R\u00e4umen, die in Tirana leicht zug\u00e4nglich sind, zu empfangen. Mit der Hilfe von Zahntourismus in Albanien k\u00f6nnen Sie von ... <a title=\"Zahnarzt in Albanien: Zahn\u00e4rztlicher Tourismus in Albanien - Dent Dinamo\" class=\"read-more\" href=\"https:\/\/dentdinamo.com\/de\/zahnarzt-in-albanien-zahnarztlicher-tourismus-in-albanien-dent-dinamo\/\" aria-label=\"Mehr Informationen \u00fcber Dentist in Albania: Dental Tourism in Albania \u2013 Dent Dinamo\">Read more<\/a><\/p>\n\n<div class=\"gb-headline gb-headline-1d062b96 gb-headline-text\"><a href=\"https:\/\/dentdinamo.com\/de\/zahnarzt-in-albanien-zahnarztlicher-tourismus-in-albanien-dent-dinamo\/\">Mehr lesen \"<\/a><\/div>\n<\/div>\n\n\n<div style=\"height:25px\" aria-hidden=\"true\" class=\"wp-block-spacer spacer\"><\/div>\n\n\n<div class=\"gb-headline gb-headline-cee0112d gb-headline-text\"><a href=\"https:\/\/dentdinamo.com\/de\/zahnarzt-in-albanien-zahnarztlicher-tourismus-in-albanien-dent-dinamo\/\"><time class=\"entry-date published\" datetime=\"2023-03-13T17:51:57+00:00\">M\u00e4rz 13, 2023<\/time><\/a><\/div>\n<\/div><\/div>\n<\/div>\n\n<\/div>\n\n<div class=\"gb-container gb-container-8f28939a\">\n<div class=\"gb-container gb-container-191613bc\">\n\n<p class=\"gb-headline gb-headline-8b484ca1 gb-headline-text\">Erhalten Sie die neuesten Nachrichten!<\/p>\n\n\n\n<p class=\"has-base-3-color has-text-color\" style=\"font-size:16px\">Abonnieren Sie unseren Newsletter!<\/p>\n\n\n\n<div class=\"wp-block-contact-form-7-contact-form-selector newsletter\">\n<div class=\"wpcf7 no-js\" id=\"wpcf7-f1402-o1\" lang=\"en-US\" dir=\"ltr\">\n<div class=\"screen-reader-response\"><p role=\"status\" aria-live=\"polite\" aria-atomic=\"true\"><\/p> <ul><\/ul><\/div>\n<form action=\"\/de\/wp-json\/wp\/v2\/pages\/2442#wpcf7-f1402-o1\" method=\"post\" class=\"wpcf7-form init\" aria-label=\"Contact form\" novalidate=\"novalidate\" data-status=\"init\" data-trp-original-action=\"\/de\/wp-json\/wp\/v2\/pages\/2442#wpcf7-f1402-o1\">\n<div style=\"display: none;\">\n<input type=\"hidden\" name=\"_wpcf7\" value=\"1402\" \/>\n<input type=\"hidden\" name=\"_wpcf7_version\" value=\"5.9.8\" \/>\n<input type=\"hidden\" name=\"_wpcf7_locale\" value=\"en_US\" \/>\n<input type=\"hidden\" name=\"_wpcf7_unit_tag\" value=\"wpcf7-f1402-o1\" \/>\n<input type=\"hidden\" name=\"_wpcf7_container_post\" value=\"0\" \/>\n<input type=\"hidden\" name=\"_wpcf7_posted_data_hash\" value=\"\" \/>\n<input type=\"hidden\" name=\"_wpcf7_recaptcha_response\" value=\"\" \/>\n<\/div>\n<p><span class=\"wpcf7-form-control-wrap\" data-name=\"your-email\"><input size=\"40\" maxlength=\"400\" class=\"wpcf7-form-control wpcf7-email wpcf7-validates-as-required wpcf7-text wpcf7-validates-as-email\" autocomplete=\"email\" aria-required=\"true\" aria-invalid=\"false\" placeholder=\"E-Mail\" value=\"\" type=\"email\" name=\"your-email\" \/><\/span><input class=\"wpcf7-form-control wpcf7-submit has-spinner\" type=\"submit\" value=\"Senden Sie\" \/>\n<\/p><div class=\"wpcf7-response-output\" aria-hidden=\"true\"><\/div>\n<input type=\"hidden\" name=\"trp-form-language\" value=\"de\"\/><\/form>\n<\/div>\n<\/div>\n\n<\/div>\n\n<div class=\"gb-container gb-container-ad43d282\">\n\n<figure class=\"gb-block-image gb-block-image-412c3294\"><img loading=\"lazy\" decoding=\"async\" width=\"300\" height=\"275\" class=\"gb-image gb-image-412c3294\" src=\"https:\/\/dentdinamo.com\/wp-content\/uploads\/2023\/03\/3459558-1024x939-1-300x275.webp\" alt=\"\" title=\"3459558-1024x939\" srcset=\"https:\/\/dentdinamo.com\/wp-content\/uploads\/2023\/03\/3459558-1024x939-1-300x275.webp 300w, https:\/\/dentdinamo.com\/wp-content\/uploads\/2023\/03\/3459558-1024x939-1-768x704.webp 768w, https:\/\/dentdinamo.com\/wp-content\/uploads\/2023\/03\/3459558-1024x939-1.webp 1024w\" sizes=\"auto, (max-width: 300px) 100vw, 300px\" \/><\/figure>\n\n<\/div>\n<\/div>","protected":false},"excerpt":{"rendered":"<p>Standorte<\/p>","protected":false},"author":1,"featured_media":0,"parent":0,"menu_order":0,"comment_status":"closed","ping_status":"closed","template":"","meta":{"rank_math_lock_modified_date":false,"footnotes":""},"class_list":["post-2442","page","type-page","status-publish"],"_links":{"self":[{"href":"https:\/\/dentdinamo.com\/de\/wp-json\/wp\/v2\/pages\/2442","targetHints":{"allow":["GET"]}}],"collection":[{"href":"https:\/\/dentdinamo.com\/de\/wp-json\/wp\/v2\/pages"}],"about":[{"href":"https:\/\/dentdinamo.com\/de\/wp-json\/wp\/v2\/types\/page"}],"author":[{"embeddable":true,"href":"https:\/\/dentdinamo.com\/de\/wp-json\/wp\/v2\/users\/1"}],"replies":[{"embeddable":true,"href":"https:\/\/dentdinamo.com\/de\/wp-json\/wp\/v2\/comments?post=2442"}],"version-history":[{"count":6,"href":"https:\/\/dentdinamo.com\/de\/wp-json\/wp\/v2\/pages\/2442\/revisions"}],"predecessor-version":[{"id":3165,"href":"https:\/\/dentdinamo.com\/de\/wp-json\/wp\/v2\/pages\/2442\/revisions\/3165"}],"wp:attachment":[{"href":"https:\/\/dentdinamo.com\/de\/wp-json\/wp\/v2\/media?parent=2442"}],"curies":[{"name":"wp","href":"https:\/\/api.w.org\/{rel}","templated":true}]}}