{"id":2445,"date":"2023-03-09T16:37:39","date_gmt":"2023-03-09T16:37:39","guid":{"rendered":"https:\/\/dentdinamo.com\/?page_id=2445"},"modified":"2023-03-14T11:06:29","modified_gmt":"2023-03-14T11:06:29","slug":"clinic-contact","status":"publish","type":"page","link":"https:\/\/dentdinamo.com\/de\/klinik-kontakt\/","title":{"rendered":"Kontakt zur Klinik"},"content":{"rendered":"<div class=\"gb-container gb-container-65c13fbe\">\n<div class=\"gb-container gb-container-27cdf53b\">\n<div class=\"gb-container gb-container-b2fd5082\">\n\n<p class=\"gb-headline gb-headline-7f0f180b gb-headline-text\"><a href=\"https:\/\/dentdinamo.com\/de\/\"><nav aria-label=\"Semmelbr\u00f6sel\" class=\"rank-math-breadcrumb\"><p><span class=\"last\">Startseite<\/span><\/p><\/nav><\/a><\/p>\n\n\n\n<h6 class=\"gb-headline gb-headline-351c12b5 gb-headline-text\">Lassen Sie uns Albanien zum f\u00fchrenden Land f\u00fcr Zahntourismus machen.<\/h6>\n\n\n\n<h1 class=\"gb-headline gb-headline-a7f7065f gb-headline-text\">Dent Dinamo beitreten<\/h1>\n\n\n\n<p class=\"gb-headline gb-headline-6e9c6527 gb-headline-text\">Unser Team wird Ihnen so schnell wie m\u00f6glich eine detaillierte Antwort auf Ihre Anfrage geben.<\/p>\n\n\n\n<p class=\"gb-headline gb-headline-6ebef113\"><span class=\"gb-icon\"><svg aria-hidden=\"true\" role=\"img\" height=\"1em\" width=\"1em\" viewbox=\"0 0 512 512\" xmlns=\"http:\/\/www.w3.org\/2000\/svg\"><path fill=\"currentColor\" d=\"M256 56c110.532 0 200 89.451 200 200 0 110.532-89.451 200-200 200-110.532 0-200-89.451-200-200 0-110.532 89.451-200 200-200m0-48C119.033 8 8 119.033 8 256s111.033 248 248 248 248-111.033 248-248S392.967 8 256 8zm0 168c-44.183 0-80 35.817-80 80s35.817 80 80 80 80-35.817 80-80-35.817-80-80-80z\"><\/path><\/svg><\/span><span class=\"gb-headline-text\">Mehr Kunden aus europ\u00e4ischen L\u00e4ndern gewinnen<\/span><\/p>\n\n\n\n<p class=\"gb-headline gb-headline-ba7967f3\"><span class=\"gb-icon\"><svg aria-hidden=\"true\" role=\"img\" height=\"1em\" width=\"1em\" viewbox=\"0 0 512 512\" xmlns=\"http:\/\/www.w3.org\/2000\/svg\"><path fill=\"currentColor\" d=\"M256 56c110.532 0 200 89.451 200 200 0 110.532-89.451 200-200 200-110.532 0-200-89.451-200-200 0-110.532 89.451-200 200-200m0-48C119.033 8 8 119.033 8 256s111.033 248 248 248 248-111.033 248-248S392.967 8 256 8zm0 168c-44.183 0-80 35.817-80 80s35.817 80 80 80 80-35.817 80-80-35.817-80-80-80z\"><\/path><\/svg><\/span><span class=\"gb-headline-text\">Keine Anmeldegeb\u00fchren<\/span><\/p>\n\n\n\n<p class=\"gb-headline gb-headline-5999bd45\"><span class=\"gb-icon\"><svg aria-hidden=\"true\" role=\"img\" height=\"1em\" width=\"1em\" viewbox=\"0 0 512 512\" xmlns=\"http:\/\/www.w3.org\/2000\/svg\"><path fill=\"currentColor\" d=\"M256 56c110.532 0 200 89.451 200 200 0 110.532-89.451 200-200 200-110.532 0-200-89.451-200-200 0-110.532 89.451-200 200-200m0-48C119.033 8 8 119.033 8 256s111.033 248 248 248 248-111.033 248-248S392.967 8 256 8zm0 168c-44.183 0-80 35.817-80 80s35.817 80 80 80 80-35.817 80-80-35.817-80-80-80z\"><\/path><\/svg><\/span><span class=\"gb-headline-text\">Mehr Wert f\u00fcr Ihre Klinik<\/span><\/p>\n\n<\/div>\n\n<div class=\"gb-container gb-container-fc22f23a\">\n<div class=\"gb-container gb-container-54ac564d box-shadow\">\n\n<h6 class=\"gb-headline gb-headline-a3bc245d gb-headline-text\">Haben Sie noch Fragen? Einer unserer Experten wird Sie kontaktieren<\/h6>\n\n\n\n<div class=\"wp-block-contact-form-7-contact-form-selector\">\n<div class=\"wpcf7 no-js\" id=\"wpcf7-f3078-o1\" lang=\"en-US\" dir=\"ltr\">\n<div class=\"screen-reader-response\"><p role=\"status\" aria-live=\"polite\" aria-atomic=\"true\"><\/p> <ul><\/ul><\/div>\n<form action=\"\/de\/wp-json\/wp\/v2\/pages\/2445#wpcf7-f3078-o1\" method=\"post\" class=\"wpcf7-form init contactForm\" name=\"ContactForm\" aria-label=\"Kontaktformular\" novalidate=\"novalidate\" data-status=\"init\" data-trp-original-action=\"\/de\/wp-json\/wp\/v2\/pages\/2445#wpcf7-f3078-o1\">\n<div style=\"display: none;\">\n<input type=\"hidden\" name=\"_wpcf7\" value=\"3078\" \/>\n<input type=\"hidden\" name=\"_wpcf7_version\" value=\"5.9.8\" \/>\n<input type=\"hidden\" name=\"_wpcf7_locale\" value=\"en_US\" \/>\n<input type=\"hidden\" name=\"_wpcf7_unit_tag\" value=\"wpcf7-f3078-o1\" \/>\n<input type=\"hidden\" name=\"_wpcf7_container_post\" value=\"0\" \/>\n<input type=\"hidden\" name=\"_wpcf7_posted_data_hash\" value=\"\" \/>\n<input type=\"hidden\" name=\"_wpcf7_recaptcha_response\" value=\"\" \/>\n<\/div>\n<p><label class=\"w-50\"> Name<br \/>\n<span class=\"wpcf7-form-control-wrap\" data-name=\"contact-name\"><input size=\"40\" maxlength=\"400\" class=\"wpcf7-form-control wpcf7-text wpcf7-validates-as-required\" aria-required=\"true\" aria-invalid=\"false\" placeholder=\"Name\" value=\"\" type=\"text\" name=\"contact-name\" \/><\/span> <\/label>\n<\/p>\n<p><label class=\"w-50\"> Nachname<br \/>\n<span class=\"wpcf7-form-control-wrap\" data-name=\"surname\"><input size=\"40\" maxlength=\"400\" class=\"wpcf7-form-control wpcf7-text wpcf7-validates-as-required\" aria-required=\"true\" aria-invalid=\"false\" placeholder=\"Nachname\" value=\"\" type=\"text\" name=\"surname\" \/><\/span> <\/label>\n<\/p>\n<p><label class=\"w-50\"> E-Mail<br \/>\n<span class=\"wpcf7-form-control-wrap\" data-name=\"email\"><input size=\"40\" maxlength=\"400\" class=\"wpcf7-form-control wpcf7-email wpcf7-validates-as-required wpcf7-text wpcf7-validates-as-email\" aria-required=\"true\" aria-invalid=\"false\" placeholder=\"E-Mail\" value=\"\" type=\"email\" name=\"email\" \/><\/span> <\/label>\n<\/p>\n<p><label class=\"w-50\"> Telefon<br \/>\n<span class=\"wpcf7-form-control-wrap\" data-name=\"phone\"><input size=\"40\" maxlength=\"400\" class=\"wpcf7-form-control wpcf7-tel wpcf7-validates-as-required wpcf7-text wpcf7-validates-as-tel\" aria-required=\"true\" aria-invalid=\"false\" placeholder=\"Telefon\" value=\"\" type=\"tel\" name=\"phone\" \/><\/span><br \/>\n<\/label>\n<\/p>\n<p><label class=\"w-100\"> Name der Klinik<br \/>\n<span class=\"wpcf7-form-control-wrap\" data-name=\"clinic-name\"><input size=\"40\" maxlength=\"400\" class=\"wpcf7-form-control wpcf7-text wpcf7-validates-as-required w-100\" aria-required=\"true\" aria-invalid=\"false\" placeholder=\"Name der Klinik\" value=\"\" type=\"text\" name=\"clinic-name\" \/><\/span> <\/label>\n<\/p>\n<p><label class=\"w-100\"> Nachricht<br \/>\n<span class=\"wpcf7-form-control-wrap\" data-name=\"message\"><textarea cols=\"40\" rows=\"10\" maxlength=\"2000\" class=\"wpcf7-form-control wpcf7-textarea wpcf7-validates-as-required\" aria-required=\"true\" aria-invalid=\"false\" placeholder=\"Nachricht\" name=\"message\"><\/textarea><\/span> <\/label>\n<\/p>\n<p><span><br \/>\nIndem ich auf die untenstehende Schaltfl\u00e4che klicke, stimme ich zu, dass mich ein Dent Dinamo-Spezialist per Textnachricht oder Telefonanruf an die von mir angegebene Telefonnummer \u00fcber Dent Dinamo-Angebote informieren darf, ohne dass eine Zustimmung zum Kauf erforderlich ist. Ihre Daten werden in \u00dcbereinstimmung mit unserer Datenschutzrichtlinie gesammelt und verwendet.<br \/>\n<\/span>\n<\/p>\n<p><input class=\"wpcf7-form-control wpcf7-submit has-spinner w-100\" type=\"submit\" value=\"Senden Sie\" \/>\n<\/p><div class=\"wpcf7-response-output\" aria-hidden=\"true\"><\/div>\n<input type=\"hidden\" name=\"trp-form-language\" value=\"de\"\/><\/form>\n<\/div>\n<\/div>\n\n<\/div>\n<\/div>\n<\/div>\n<\/div>\n\n<div class=\"gb-container gb-container-06b72cae\">\n<div class=\"gb-container gb-container-1749a703\">\n<div class=\"gb-container gb-container-ec8ffadd box-shadow\">\n\n<p class=\"gb-headline gb-headline-2ec520a4 gb-headline-text\">200+<\/p>\n\n\n\n<div class=\"gb-headline gb-headline-c6220baa gb-headline-text\">millionenfacher Zugang<\/div>\n\n<\/div>\n<\/div>\n\n<div class=\"gb-container gb-container-587dcb1e\">\n<div class=\"gb-container gb-container-b277bd23 box-shadow\">\n\n<p class=\"gb-headline gb-headline-980153d5 gb-headline-text\">3<\/p>\n\n\n\n<div class=\"gb-headline gb-headline-4e15d817 gb-headline-text\">verschiedene Pakete<\/div>\n\n<\/div>\n<\/div>\n\n<div class=\"gb-container gb-container-339126c2\">\n<div class=\"gb-container gb-container-eb5b267f box-shadow\">\n\n<p class=\"gb-headline gb-headline-a58131ac gb-headline-text\">10,000+<\/p>\n\n\n\n<div class=\"gb-headline gb-headline-443ea504 gb-headline-text\">neue monatliche Leads<\/div>\n\n<\/div>\n<\/div>\n\n<div class=\"gb-container gb-container-051f5641\">\n<div class=\"gb-container gb-container-9a0cfdbd box-shadow\">\n\n<p class=\"gb-headline gb-headline-0277b956 gb-headline-text\">4<\/p>\n\n\n\n<div class=\"gb-headline gb-headline-3789c3aa gb-headline-text\">verschiedene L\u00e4nder<\/div>\n\n<\/div>\n<\/div>\n<\/div>\n\n<div class=\"gb-container gb-container-96bdca39\">\n<div class=\"gb-container gb-container-98d51d22\">\n\n<p class=\"gb-headline gb-headline-3fdeb208 gb-headline-text\">Lasst uns mehr L\u00e4cheln in die Welt bringen<\/p>\n\n\n\n<h2 class=\"gb-headline gb-headline-f901b755 gb-headline-text\">Jedes L\u00e4cheln ist eine Chance<\/h2>\n\n\n\n<p>Wenn es jemanden gibt, der sich ein strahlenderes, besseres L\u00e4cheln w\u00fcnscht, m\u00f6chten wir, dass er von Ihrer Zahnklinik und Ihren Werten erf\u00e4hrt.<\/p>\n\n<\/div>\n\n<div class=\"gb-container gb-container-aa23892f\">\n\n<figure class=\"gb-block-image gb-block-image-0432bd13\"><img loading=\"lazy\" decoding=\"async\" width=\"1000\" height=\"1000\" class=\"gb-image gb-image-0432bd13\" src=\"https:\/\/dentdinamo.com\/wp-content\/uploads\/2023\/03\/professional-dentist-examining-patient-with-dental-microscope-1.webp\" alt=\"\" title=\"Berufszahnarzt-untersucht-Patient-mit-Zahnmikroskop-1\" srcset=\"https:\/\/dentdinamo.com\/wp-content\/uploads\/2023\/03\/professional-dentist-examining-patient-with-dental-microscope-1.webp 1000w, https:\/\/dentdinamo.com\/wp-content\/uploads\/2023\/03\/professional-dentist-examining-patient-with-dental-microscope-1-300x300.webp 300w, https:\/\/dentdinamo.com\/wp-content\/uploads\/2023\/03\/professional-dentist-examining-patient-with-dental-microscope-1-150x150.webp 150w, https:\/\/dentdinamo.com\/wp-content\/uploads\/2023\/03\/professional-dentist-examining-patient-with-dental-microscope-1-768x768.webp 768w\" sizes=\"auto, (max-width: 1000px) 100vw, 1000px\" \/><\/figure>\n\n<\/div>\n<\/div>\n\n<div class=\"gb-container gb-container-8f28939a\">\n<div class=\"gb-container gb-container-191613bc\">\n\n<p class=\"gb-headline gb-headline-8b484ca1 gb-headline-text\">Lesen Sie unseren Blog und erfahren Sie mehr \u00fcber Zahnbehandlungen.<\/p>\n\n\n\n<a class=\"gb-button gb-button-fa55aced gb-button-text\" href=\"https:\/\/dentdinamo.com\/de\/blog\/\">Pr\u00fcfen Sie unseren Block<\/a>\n\n<\/div>\n\n<div class=\"gb-container gb-container-ad43d282\">\n\n<figure class=\"gb-block-image gb-block-image-412c3294\"><img loading=\"lazy\" decoding=\"async\" width=\"500\" height=\"500\" class=\"gb-image gb-image-412c3294\" src=\"https:\/\/dentdinamo.com\/wp-content\/uploads\/2023\/03\/4242424234242.webp\" alt=\"\" title=\"4242424234242\" srcset=\"https:\/\/dentdinamo.com\/wp-content\/uploads\/2023\/03\/4242424234242.webp 500w, https:\/\/dentdinamo.com\/wp-content\/uploads\/2023\/03\/4242424234242-300x300.webp 300w, https:\/\/dentdinamo.com\/wp-content\/uploads\/2023\/03\/4242424234242-150x150.webp 150w\" sizes=\"auto, (max-width: 500px) 100vw, 500px\" \/><\/figure>\n\n<\/div>\n<\/div>\n\n<div class=\"gb-container gb-container-84e5e43f\">\n\n<h2 class=\"gb-headline gb-headline-7a8b893b gb-headline-text\">FAQ'S<\/h2>\n\n\n<div id=\"rank-math-faq\" class=\"rank-math-block\">\n<div class=\"rank-math-list\">\n<div id=\"faq-question-1678732571326\" class=\"rank-math-list-item\">\n<h3 class=\"rank-math-question\">Was sind die Leistungen und Vorteile von Dent Dinamo f\u00fcr die Patienten?<\/h3>\n<div class=\"rank-math-answer\">\n\n<p>Unsere L\u00f6sung erleichtert die Verwaltung der Zahnarzttermine Ihrer Patienten dank der Online-Terminbuchung 24\/7.<\/p>\n<p>\u200d -<strong>Der Dienst ist einfach und<\/strong>\u00a0benutzerfreundlich: Sie brauchen nur einen Internetanschluss und eine E-Mail, um einen Termin zu vereinbaren, auch au\u00dferhalb der \u00d6ffnungszeiten Ihrer Praxis. Die Patienten k\u00f6nnen auch einen Termin f\u00fcr eine geliebte Person vereinbaren, zum Beispiel f\u00fcr ein Kind oder einen \u00e4lteren Verwandten.<br \/>\u200d -<strong>Die Online-Terminbuchung ist absolut sicher.\u00a0<\/strong>Wir stellen sicher, dass jeder Patient einen vertraulichen Service erh\u00e4lt.<\/p>\n\n<\/div>\n<\/div>\n<div id=\"faq-question-1678732640288\" class=\"rank-math-list-item\">\n<h3 class=\"rank-math-question\">Warum profitiert Ihre Klinik von dieser Zusammenarbeit?<\/h3>\n<div class=\"rank-math-answer\">\n\n<p>Sie haben nicht nur die gro\u00dfartige M\u00f6glichkeit, Ihre Klinik und Ihre Werte Tausenden von Patienten zu pr\u00e4sentieren, die an Ihren Dienstleistungen interessiert sind, sondern Sie k\u00f6nnen auch mehr Patienten gewinnen, wenn diese an Ihnen interessiert sind und Sie in ihren Augen die vertrauensw\u00fcrdigste Quelle sind.<\/p>\n\n<\/div>\n<\/div>\n<div id=\"faq-question-1678732658359\" class=\"rank-math-list-item\">\n<h3 class=\"rank-math-question\">Muss ich f\u00fcr den Beitritt etwas bezahlen?<\/h3>\n<div class=\"rank-math-answer\">\n\n<p>Der Beitritt zu Dent Dinamo ist kostenlos. Aber um aufgenommen zu werden, muss Ihre Klinik genehmigt werden, nachdem unsere Experten eine klinische Pr\u00fcfung durchgef\u00fchrt haben und von der Qualit\u00e4t und den Werten, die Sie bieten, \u00fcberzeugt sind.<\/p>\n\n<\/div>\n<\/div>\n<\/div>\n<\/div>\n<\/div>","protected":false},"excerpt":{"rendered":"<p>Let&#8217;s make Albania the leading country for dental tourism. Join Dent Dinamo Our team will provide you a detailed answer about your enquiry as soon as possible. Get more clients from European countries No sign up fees Add more value to your clinic Do you have any questions? One of our experts will contact you &#8230; <a title=\"Kontakt zur Klinik\" class=\"read-more\" href=\"https:\/\/dentdinamo.com\/de\/klinik-kontakt\/\" aria-label=\"Mehr Informationen \u00fcber Clinic Contact\">Read more<\/a><\/p>","protected":false},"author":1,"featured_media":0,"parent":0,"menu_order":0,"comment_status":"closed","ping_status":"closed","template":"","meta":{"rank_math_lock_modified_date":false,"footnotes":""},"class_list":["post-2445","page","type-page","status-publish"],"_links":{"self":[{"href":"https:\/\/dentdinamo.com\/de\/wp-json\/wp\/v2\/pages\/2445","targetHints":{"allow":["GET"]}}],"collection":[{"href":"https:\/\/dentdinamo.com\/de\/wp-json\/wp\/v2\/pages"}],"about":[{"href":"https:\/\/dentdinamo.com\/de\/wp-json\/wp\/v2\/types\/page"}],"author":[{"embeddable":true,"href":"https:\/\/dentdinamo.com\/de\/wp-json\/wp\/v2\/users\/1"}],"replies":[{"embeddable":true,"href":"https:\/\/dentdinamo.com\/de\/wp-json\/wp\/v2\/comments?post=2445"}],"version-history":[{"count":36,"href":"https:\/\/dentdinamo.com\/de\/wp-json\/wp\/v2\/pages\/2445\/revisions"}],"predecessor-version":[{"id":3145,"href":"https:\/\/dentdinamo.com\/de\/wp-json\/wp\/v2\/pages\/2445\/revisions\/3145"}],"wp:attachment":[{"href":"https:\/\/dentdinamo.com\/de\/wp-json\/wp\/v2\/media?parent=2445"}],"curies":[{"name":"wp","href":"https:\/\/api.w.org\/{rel}","templated":true}]}}