{"id":2445,"date":"2023-03-09T16:37:39","date_gmt":"2023-03-09T16:37:39","guid":{"rendered":"https:\/\/dentdinamo.com\/?page_id=2445"},"modified":"2023-03-14T11:06:29","modified_gmt":"2023-03-14T11:06:29","slug":"clinic-contact","status":"publish","type":"page","link":"https:\/\/dentdinamo.com\/es\/clinica-contacto\/","title":{"rendered":"Contacto con la cl\u00ednica"},"content":{"rendered":"<div class=\"gb-container gb-container-65c13fbe\">\n<div class=\"gb-container gb-container-27cdf53b\">\n<div class=\"gb-container gb-container-b2fd5082\">\n\n<p class=\"gb-headline gb-headline-7f0f180b gb-headline-text\"><a href=\"https:\/\/dentdinamo.com\/es\/\"><nav aria-label=\"pan rallado\" class=\"rank-math-breadcrumb\"><p><span class=\"last\">Inicio<\/span><\/p><\/nav><\/a><\/p>\n\n\n\n<h6 class=\"gb-headline gb-headline-351c12b5 gb-headline-text\">Hagamos de Albania el pa\u00eds l\u00edder en turismo dental.<\/h6>\n\n\n\n<h1 class=\"gb-headline gb-headline-a7f7065f gb-headline-text\">\u00danete a Dent Dinamo<\/h1>\n\n\n\n<p class=\"gb-headline gb-headline-6e9c6527 gb-headline-text\">Nuestro equipo le dar\u00e1 una respuesta detallada sobre su consulta lo antes posible.<\/p>\n\n\n\n<p class=\"gb-headline gb-headline-6ebef113\"><span class=\"gb-icon\"><svg aria-hidden=\"true\" role=\"img\" height=\"1em\" width=\"1em\" viewbox=\"0 0 512 512\" xmlns=\"http:\/\/www.w3.org\/2000\/svg\"><path fill=\"currentColor\" d=\"M256 56c110.532 0 200 89.451 200 200 0 110.532-89.451 200-200 200-110.532 0-200-89.451-200-200 0-110.532 89.451-200 200-200m0-48C119.033 8 8 119.033 8 256s111.033 248 248 248 248-111.033 248-248S392.967 8 256 8zm0 168c-44.183 0-80 35.817-80 80s35.817 80 80 80 80-35.817 80-80-35.817-80-80-80z\"><\/path><\/svg><\/span><span class=\"gb-headline-text\">Conseguir m\u00e1s clientes de pa\u00edses europeos<\/span><\/p>\n\n\n\n<p class=\"gb-headline gb-headline-ba7967f3\"><span class=\"gb-icon\"><svg aria-hidden=\"true\" role=\"img\" height=\"1em\" width=\"1em\" viewbox=\"0 0 512 512\" xmlns=\"http:\/\/www.w3.org\/2000\/svg\"><path fill=\"currentColor\" d=\"M256 56c110.532 0 200 89.451 200 200 0 110.532-89.451 200-200 200-110.532 0-200-89.451-200-200 0-110.532 89.451-200 200-200m0-48C119.033 8 8 119.033 8 256s111.033 248 248 248 248-111.033 248-248S392.967 8 256 8zm0 168c-44.183 0-80 35.817-80 80s35.817 80 80 80 80-35.817 80-80-35.817-80-80-80z\"><\/path><\/svg><\/span><span class=\"gb-headline-text\">Sin cuotas de inscripci\u00f3n<\/span><\/p>\n\n\n\n<p class=\"gb-headline gb-headline-5999bd45\"><span class=\"gb-icon\"><svg aria-hidden=\"true\" role=\"img\" height=\"1em\" width=\"1em\" viewbox=\"0 0 512 512\" xmlns=\"http:\/\/www.w3.org\/2000\/svg\"><path fill=\"currentColor\" d=\"M256 56c110.532 0 200 89.451 200 200 0 110.532-89.451 200-200 200-110.532 0-200-89.451-200-200 0-110.532 89.451-200 200-200m0-48C119.033 8 8 119.033 8 256s111.033 248 248 248 248-111.033 248-248S392.967 8 256 8zm0 168c-44.183 0-80 35.817-80 80s35.817 80 80 80 80-35.817 80-80-35.817-80-80-80z\"><\/path><\/svg><\/span><span class=\"gb-headline-text\">A\u00f1ada m\u00e1s valor a su cl\u00ednica<\/span><\/p>\n\n<\/div>\n\n<div class=\"gb-container gb-container-fc22f23a\">\n<div class=\"gb-container gb-container-54ac564d box-shadow\">\n\n<h6 class=\"gb-headline gb-headline-a3bc245d gb-headline-text\">\u00bfTiene alguna duda? Uno de nuestros expertos se pondr\u00e1 en contacto con usted<\/h6>\n\n\n\n<div class=\"wp-block-contact-form-7-contact-form-selector\">\n<div class=\"wpcf7 no-js\" id=\"wpcf7-f3078-o1\" lang=\"en-US\" dir=\"ltr\">\n<div class=\"screen-reader-response\"><p role=\"status\" aria-live=\"polite\" aria-atomic=\"true\"><\/p> <ul><\/ul><\/div>\n<form action=\"\/es\/wp-json\/wp\/v2\/pages\/2445#wpcf7-f3078-o1\" method=\"post\" class=\"wpcf7-form init contactForm\" name=\"ContactForm\" aria-label=\"Formulario De Contacto\" novalidate=\"novalidate\" data-status=\"init\" data-trp-original-action=\"\/es\/wp-json\/wp\/v2\/pages\/2445#wpcf7-f3078-o1\">\n<div style=\"display: none;\">\n<input type=\"hidden\" name=\"_wpcf7\" value=\"3078\" \/>\n<input type=\"hidden\" name=\"_wpcf7_version\" value=\"5.9.8\" \/>\n<input type=\"hidden\" name=\"_wpcf7_locale\" value=\"en_US\" \/>\n<input type=\"hidden\" name=\"_wpcf7_unit_tag\" value=\"wpcf7-f3078-o1\" \/>\n<input type=\"hidden\" name=\"_wpcf7_container_post\" value=\"0\" \/>\n<input type=\"hidden\" name=\"_wpcf7_posted_data_hash\" value=\"\" \/>\n<input type=\"hidden\" name=\"_wpcf7_recaptcha_response\" value=\"\" \/>\n<\/div>\n<p><label class=\"w-50\"> Nombre<br \/>\n<span class=\"wpcf7-form-control-wrap\" data-name=\"contact-name\"><input size=\"40\" maxlength=\"400\" class=\"wpcf7-form-control wpcf7-text wpcf7-validates-as-required\" aria-required=\"true\" aria-invalid=\"false\" placeholder=\"Nombre\" value=\"\" type=\"text\" name=\"contact-name\" \/><\/span> <\/label>\n<\/p>\n<p><label class=\"w-50\"> Apellido<br \/>\n<span class=\"wpcf7-form-control-wrap\" data-name=\"surname\"><input size=\"40\" maxlength=\"400\" class=\"wpcf7-form-control wpcf7-text wpcf7-validates-as-required\" aria-required=\"true\" aria-invalid=\"false\" placeholder=\"Apellido\" value=\"\" type=\"text\" name=\"surname\" \/><\/span> <\/label>\n<\/p>\n<p><label class=\"w-50\"> Env\u00ede un correo electr\u00f3nico a<br \/>\n<span class=\"wpcf7-form-control-wrap\" data-name=\"email\"><input size=\"40\" maxlength=\"400\" class=\"wpcf7-form-control wpcf7-email wpcf7-validates-as-required wpcf7-text wpcf7-validates-as-email\" aria-required=\"true\" aria-invalid=\"false\" placeholder=\"Env\u00ede un correo electr\u00f3nico a\" value=\"\" type=\"email\" name=\"email\" \/><\/span> <\/label>\n<\/p>\n<p><label class=\"w-50\"> Tel\u00e9fono<br \/>\n<span class=\"wpcf7-form-control-wrap\" data-name=\"phone\"><input size=\"40\" maxlength=\"400\" class=\"wpcf7-form-control wpcf7-tel wpcf7-validates-as-required wpcf7-text wpcf7-validates-as-tel\" aria-required=\"true\" aria-invalid=\"false\" placeholder=\"Tel\u00e9fono\" value=\"\" type=\"tel\" name=\"phone\" \/><\/span><br \/>\n<\/label>\n<\/p>\n<p><label class=\"w-100\"> Nombre de la cl\u00ednica<br \/>\n<span class=\"wpcf7-form-control-wrap\" data-name=\"clinic-name\"><input size=\"40\" maxlength=\"400\" class=\"wpcf7-form-control wpcf7-text wpcf7-validates-as-required w-100\" aria-required=\"true\" aria-invalid=\"false\" placeholder=\"Nombre de la cl\u00ednica\" value=\"\" type=\"text\" name=\"clinic-name\" \/><\/span> <\/label>\n<\/p>\n<p><label class=\"w-100\"> Mensaje<br \/>\n<span class=\"wpcf7-form-control-wrap\" data-name=\"message\"><textarea cols=\"40\" rows=\"10\" maxlength=\"2000\" class=\"wpcf7-form-control wpcf7-textarea wpcf7-validates-as-required\" aria-required=\"true\" aria-invalid=\"false\" placeholder=\"Mensaje\" name=\"message\"><\/textarea><\/span> <\/label>\n<\/p>\n<p><span><br \/>\nAl hacer clic en el bot\u00f3n de abajo, acepto que un especialista de Dent Dinamo se ponga en contacto conmigo a trav\u00e9s de mensajes de texto o llamadas telef\u00f3nicas al n\u00famero de tel\u00e9fono proporcionado por m\u00ed acerca de las ofertas de Dent Dinamo y no se requiere mi consentimiento para realizar una compra. Su informaci\u00f3n se recopila y utiliza de acuerdo con nuestra pol\u00edtica de privacidad.<br \/>\n<\/span>\n<\/p>\n<p><input class=\"wpcf7-form-control wpcf7-submit has-spinner w-100\" type=\"submit\" value=\"Enviar\" \/>\n<\/p><div class=\"wpcf7-response-output\" aria-hidden=\"true\"><\/div>\n<input type=\"hidden\" name=\"trp-form-language\" value=\"es\"\/><\/form>\n<\/div>\n<\/div>\n\n<\/div>\n<\/div>\n<\/div>\n<\/div>\n\n<div class=\"gb-container gb-container-06b72cae\">\n<div class=\"gb-container gb-container-1749a703\">\n<div class=\"gb-container gb-container-ec8ffadd box-shadow\">\n\n<p class=\"gb-headline gb-headline-2ec520a4 gb-headline-text\">200+<\/p>\n\n\n\n<div class=\"gb-headline gb-headline-c6220baa gb-headline-text\">acceso al mill\u00f3n de maket<\/div>\n\n<\/div>\n<\/div>\n\n<div class=\"gb-container gb-container-587dcb1e\">\n<div class=\"gb-container gb-container-b277bd23 box-shadow\">\n\n<p class=\"gb-headline gb-headline-980153d5 gb-headline-text\">3<\/p>\n\n\n\n<div class=\"gb-headline gb-headline-4e15d817 gb-headline-text\">diferentes paquetes<\/div>\n\n<\/div>\n<\/div>\n\n<div class=\"gb-container gb-container-339126c2\">\n<div class=\"gb-container gb-container-eb5b267f box-shadow\">\n\n<p class=\"gb-headline gb-headline-a58131ac gb-headline-text\">10,000+<\/p>\n\n\n\n<div class=\"gb-headline gb-headline-443ea504 gb-headline-text\">nuevos clientes potenciales mensuales<\/div>\n\n<\/div>\n<\/div>\n\n<div class=\"gb-container gb-container-051f5641\">\n<div class=\"gb-container gb-container-9a0cfdbd box-shadow\">\n\n<p class=\"gb-headline gb-headline-0277b956 gb-headline-text\">4<\/p>\n\n\n\n<div class=\"gb-headline gb-headline-3789c3aa gb-headline-text\">diferentes pa\u00edses<\/div>\n\n<\/div>\n<\/div>\n<\/div>\n\n<div class=\"gb-container gb-container-96bdca39\">\n<div class=\"gb-container gb-container-98d51d22\">\n\n<p class=\"gb-headline gb-headline-3fdeb208 gb-headline-text\">Llevemos m\u00e1s sonrisas al mundo<\/p>\n\n\n\n<h2 class=\"gb-headline gb-headline-f901b755 gb-headline-text\">Cada sonrisa es una oportunidad<\/h2>\n\n\n\n<p>Si hay alguien que quiere una sonrisa mejor y m\u00e1s brillante, queremos que conozca su cl\u00ednica dental y sus valores.<\/p>\n\n<\/div>\n\n<div class=\"gb-container gb-container-aa23892f\">\n\n<figure class=\"gb-block-image gb-block-image-0432bd13\"><img loading=\"lazy\" decoding=\"async\" width=\"1000\" height=\"1000\" class=\"gb-image gb-image-0432bd13\" src=\"https:\/\/dentdinamo.com\/wp-content\/uploads\/2023\/03\/professional-dentist-examining-patient-with-dental-microscope-1.webp\" alt=\"\" title=\"profesional-dentista-examinando-paciente-con-microscopio-dental-1\" srcset=\"https:\/\/dentdinamo.com\/wp-content\/uploads\/2023\/03\/professional-dentist-examining-patient-with-dental-microscope-1.webp 1000w, https:\/\/dentdinamo.com\/wp-content\/uploads\/2023\/03\/professional-dentist-examining-patient-with-dental-microscope-1-300x300.webp 300w, https:\/\/dentdinamo.com\/wp-content\/uploads\/2023\/03\/professional-dentist-examining-patient-with-dental-microscope-1-150x150.webp 150w, https:\/\/dentdinamo.com\/wp-content\/uploads\/2023\/03\/professional-dentist-examining-patient-with-dental-microscope-1-768x768.webp 768w\" sizes=\"auto, (max-width: 1000px) 100vw, 1000px\" \/><\/figure>\n\n<\/div>\n<\/div>\n\n<div class=\"gb-container gb-container-8f28939a\">\n<div class=\"gb-container gb-container-191613bc\">\n\n<p class=\"gb-headline gb-headline-8b484ca1 gb-headline-text\">Consulta nuestro blog y obt\u00e9n m\u00e1s informaci\u00f3n sobre los tratamientos dentales.<\/p>\n\n\n\n<a class=\"gb-button gb-button-fa55aced gb-button-text\" href=\"https:\/\/dentdinamo.com\/es\/blog\/\">Compruebe nuestro bloque<\/a>\n\n<\/div>\n\n<div class=\"gb-container gb-container-ad43d282\">\n\n<figure class=\"gb-block-image gb-block-image-412c3294\"><img loading=\"lazy\" decoding=\"async\" width=\"500\" height=\"500\" class=\"gb-image gb-image-412c3294\" src=\"https:\/\/dentdinamo.com\/wp-content\/uploads\/2023\/03\/4242424234242.webp\" alt=\"\" title=\"4242424234242\" srcset=\"https:\/\/dentdinamo.com\/wp-content\/uploads\/2023\/03\/4242424234242.webp 500w, https:\/\/dentdinamo.com\/wp-content\/uploads\/2023\/03\/4242424234242-300x300.webp 300w, https:\/\/dentdinamo.com\/wp-content\/uploads\/2023\/03\/4242424234242-150x150.webp 150w\" sizes=\"auto, (max-width: 500px) 100vw, 500px\" \/><\/figure>\n\n<\/div>\n<\/div>\n\n<div class=\"gb-container gb-container-84e5e43f\">\n\n<h2 class=\"gb-headline gb-headline-7a8b893b gb-headline-text\">PREGUNTAS FRECUENTES<\/h2>\n\n\n<div id=\"rank-math-faq\" class=\"rank-math-block\">\n<div class=\"rank-math-list\">\n<div id=\"faq-question-1678732571326\" class=\"rank-math-list-item\">\n<h3 class=\"rank-math-question\">\u00bfCu\u00e1les son los servicios y ventajas de Dent Dinamo para los pacientes?<\/h3>\n<div class=\"rank-math-answer\">\n\n<p>Nuestra soluci\u00f3n facilita la gesti\u00f3n de las citas dentales de sus pacientes gracias a la reserva de citas en l\u00ednea 24 horas al d\u00eda, 7 d\u00edas a la semana.<\/p>\n<p>\u200d -<strong>El servicio es sencillo y<\/strong>\u00a0f\u00e1cil de usar: s\u00f3lo necesitan una conexi\u00f3n a Internet y un correo electr\u00f3nico para concertar una cita, incluso fuera del horario de apertura de su consulta. Los pacientes tambi\u00e9n pueden pedir cita para un ser querido, como un hijo o un familiar mayor.<br \/>\u200d -<strong>La reserva de citas en l\u00ednea es totalmente segura.\u00a0<\/strong>Nos aseguramos de ofrecer a cada paciente un servicio confidencial.<\/p>\n\n<\/div>\n<\/div>\n<div id=\"faq-question-1678732640288\" class=\"rank-math-list-item\">\n<h3 class=\"rank-math-question\">\u00bfPor qu\u00e9 se beneficia la cl\u00ednica de esta colaboraci\u00f3n?<\/h3>\n<div class=\"rank-math-answer\">\n\n<p>Adem\u00e1s de tener la incre\u00edble oportunidad de mostrar tu cl\u00ednica y tus valores a miles de pacientes interesados en tus servicios, tambi\u00e9n puedes conseguir m\u00e1s pacientes si se interesan por ti y si eres la fuente m\u00e1s fiable a sus ojos.<\/p>\n\n<\/div>\n<\/div>\n<div id=\"faq-question-1678732658359\" class=\"rank-math-list-item\">\n<h3 class=\"rank-math-question\">\u00bfTengo que pagar algo para afiliarme?<\/h3>\n<div class=\"rank-math-answer\">\n\n<p>Afiliarse a Dent Dinamo es gratis. Pero ser aceptado significa que su cl\u00ednica necesita ser aprobada despu\u00e9s de que nuestros expertos realicen un control cl\u00ednico y est\u00e9n convencidos de la calidad y los valores que usted proporciona.<\/p>\n\n<\/div>\n<\/div>\n<\/div>\n<\/div>\n<\/div>","protected":false},"excerpt":{"rendered":"<p>Let&#8217;s make Albania the leading country for dental tourism. Join Dent Dinamo Our team will provide you a detailed answer about your enquiry as soon as possible. Get more clients from European countries No sign up fees Add more value to your clinic Do you have any questions? One of our experts will contact you &#8230; <a title=\"Contacto con la cl\u00ednica\" class=\"read-more\" href=\"https:\/\/dentdinamo.com\/es\/clinica-contacto\/\" aria-label=\"Leer m\u00e1s sobre Clinic Contact\">Leer m\u00e1s<\/a><\/p>","protected":false},"author":1,"featured_media":0,"parent":0,"menu_order":0,"comment_status":"closed","ping_status":"closed","template":"","meta":{"rank_math_lock_modified_date":false,"footnotes":""},"class_list":["post-2445","page","type-page","status-publish"],"_links":{"self":[{"href":"https:\/\/dentdinamo.com\/es\/wp-json\/wp\/v2\/pages\/2445","targetHints":{"allow":["GET"]}}],"collection":[{"href":"https:\/\/dentdinamo.com\/es\/wp-json\/wp\/v2\/pages"}],"about":[{"href":"https:\/\/dentdinamo.com\/es\/wp-json\/wp\/v2\/types\/page"}],"author":[{"embeddable":true,"href":"https:\/\/dentdinamo.com\/es\/wp-json\/wp\/v2\/users\/1"}],"replies":[{"embeddable":true,"href":"https:\/\/dentdinamo.com\/es\/wp-json\/wp\/v2\/comments?post=2445"}],"version-history":[{"count":36,"href":"https:\/\/dentdinamo.com\/es\/wp-json\/wp\/v2\/pages\/2445\/revisions"}],"predecessor-version":[{"id":3145,"href":"https:\/\/dentdinamo.com\/es\/wp-json\/wp\/v2\/pages\/2445\/revisions\/3145"}],"wp:attachment":[{"href":"https:\/\/dentdinamo.com\/es\/wp-json\/wp\/v2\/media?parent=2445"}],"curies":[{"name":"wp","href":"https:\/\/api.w.org\/{rel}","templated":true}]}}