{"id":3,"date":"2023-03-01T16:31:01","date_gmt":"2023-03-01T16:31:01","guid":{"rendered":"https:\/\/dentdinamo.com\/?page_id=3"},"modified":"2023-03-09T16:46:48","modified_gmt":"2023-03-09T16:46:48","slug":"privacy-policy","status":"publish","type":"page","link":"https:\/\/dentdinamo.com\/es\/politica-de-privacidad\/","title":{"rendered":"Pol\u00edtica de privacidad"},"content":{"rendered":"<h1 class=\"wp-block-heading\">Pol\u00edtica de privacidad<\/h1>\n\n\n\n<p><strong>Pol\u00edtica de privacidad<\/strong><\/p>\n\n\n\n<p>DentDinamo (\"nosotros\") se compromete a salvaguardar la privacidad de los visitantes de nuestro sitio web y de los usuarios registrados de la plataforma DentDinamo; este Aviso establece c\u00f3mo trataremos sus datos personales cuando actuemos como responsables del tratamiento de dichos datos y cuando su tratamiento se rija por el Reglamento General de Protecci\u00f3n de Datos (RGPD) de la UE.<\/p>\n\n\n\n<p>Definiciones<\/p>\n\n\n\n<p>Utilizamos el t\u00e9rmino \"datos personales\" para referirnos a cualquier informaci\u00f3n recopilada o procesada por, o en relaci\u00f3n con, este sitio web o la plataforma, que directa o indirectamente le identifique a usted o a factores espec\u00edficos suyos, como su nombre, direcci\u00f3n IP o preferencias de usuario.<br>A continuaci\u00f3n describimos los \"motivos legales\" para el tratamiento de sus datos personales. Estos motivos legales (a veces tambi\u00e9n denominados \"base jur\u00eddica\") son la justificaci\u00f3n conforme al RGPD para el tratamiento de sus datos personales. Si no existen motivos leg\u00edtimos para el tratamiento de sus datos personales, ni nosotros ni nadie podr\u00e1 acceder a ellos ni tratarlos.<\/p>\n\n\n\n<p>\u00bfQu\u00e9 datos personales recogemos?<\/p>\n\n\n\n<p>Podemos recopilar, almacenar y utilizar los siguientes tipos de informaci\u00f3n y datos personales (\"Informaci\u00f3n recopilada\"):<\/p>\n\n\n\n<ol class=\"wp-block-list\" type=\"a\">\n<li>informaci\u00f3n y datos personales sobre sus visitas y uso de este sitio web y nuestra plataforma. Recopilamos datos personales sobre su ordenador y sus visitas a este sitio web o a la plataforma, incluida su direcci\u00f3n IP, ubicaci\u00f3n geogr\u00e1fica, tipo de navegador, fuente de referencia, duraci\u00f3n de la visita y n\u00famero de p\u00e1ginas vistas, todo lo cual constituye tambi\u00e9n Informaci\u00f3n recopilada.<\/li>\n\n\n\n<li>informaci\u00f3n sobre cualquier transacci\u00f3n realizada entre usted y nosotros en este sitio web, incluida la informaci\u00f3n relativa a cualquier compra que realice de nuestros bienes o servicios. Recogemos datos:\n<ul class=\"wp-block-list\">\n<li>Nombre y apellidos<\/li>\n\n\n\n<li>T\u00edtulo<\/li>\n\n\n\n<li>Informaci\u00f3n de contacto (correo electr\u00f3nico, tel\u00e9fono)<\/li>\n\n\n\n<li>Datos de la vida profesional<\/li>\n\n\n\n<li>Datos personales<\/li>\n\n\n\n<li>Datos de conexi\u00f3n<\/li>\n\n\n\n<li>Datos de localizaci\u00f3n<\/li>\n\n\n\n<li>Datos de uso de aplicaciones<\/li>\n\n\n\n<li>Datos de comunicaci\u00f3n por correo electr\u00f3nico<\/li>\n\n\n\n<li>Datos de grabaci\u00f3n de llamadas<\/li>\n<\/ul>\n<\/li>\n\n\n\n<li>informaci\u00f3n que usted nos proporciona con el fin de registrarse con nosotros en el sitio web o la plataforma y\/o suscribirse a nuestros servicios del sitio web y\/o notificaciones por correo electr\u00f3nico. Para ello, recopilamos su nombre y apellidos, direcci\u00f3n de correo electr\u00f3nico y n\u00famero de tel\u00e9fono.<\/li>\n<\/ol>\n\n\n\n<p>Cookies y otras tecnolog\u00edas de seguimiento que utilizamos<\/p>\n\n\n\n<p>En este sitio web utilizamos cookies. Una cookie es un archivo de texto enviado por un servidor web a un navegador web y almacenado por dicho navegador. El archivo de texto se devuelve al servidor cada vez que el navegador solicita una p\u00e1gina del servidor. Esto permite al servidor web identificar y rastrear el navegador web.<\/p>\n\n\n\n<p>Podemos enviar una o m\u00e1s cookies que su navegador puede almacenar en su ordenador. La informaci\u00f3n que obtenemos de las cookies forma parte de la Informaci\u00f3n Recopilada. Nuestros anunciantes y proveedores de servicios tambi\u00e9n pueden enviarle cookies.<\/p>\n\n\n\n<p>La mayor\u00eda de los navegadores permiten rechazar las cookies. (Por ejemplo, en Internet Explorer puede rechazar todas las cookies haciendo clic en \"Herramientas\", \"Opciones de Internet\", \"Privacidad\" y seleccionando \"Bloquear todas las cookies\" mediante el selector deslizante). Sin embargo, esto tendr\u00e1 un impacto negativo en la usabilidad de muchos sitios web, incluido \u00e9ste.<\/p>\n\n\n\n<p>Para mejorar nuestros servicios y este sitio, podemos contratar a terceros proveedores de servicios para que gestionen este sitio y nos ayuden a supervisar, recopilar y analizar la informaci\u00f3n relativa a sus interacciones con este sitio web y los datos que introduzca, incluso mediante el uso de cookies de dichos proveedores en su ordenador.<\/p>\n\n\n\n<p>Para obtener m\u00e1s informaci\u00f3n sobre las cookies y otras tecnolog\u00edas de seguimiento que utilizamos, consulte nuestra Pol\u00edtica de cookies.<\/p>\n\n\n\n<p>Por qu\u00e9 utilizamos la informaci\u00f3n recopilada<\/p>\n\n\n\n<p>La informaci\u00f3n recopilada, incluidos los datos personales, se utilizar\u00e1 para:<\/p>\n\n\n\n<ol class=\"wp-block-list\" type=\"a\">\n<li>administrar y mejorar la usabilidad de este sitio web y de la plataforma;<\/li>\n\n\n\n<li>mejorar su experiencia de navegaci\u00f3n mediante la modificaci\u00f3n y sustituci\u00f3n de textos, im\u00e1genes, v\u00eddeos o enlaces para aumentar la relevancia para el visitante;<\/li>\n\n\n\n<li>enviarle comunicaciones de marketing y de otro tipo relacionadas con nuestra empresa o con empresas de terceros cuidadosamente seleccionadas que consideremos que pueden ser de su inter\u00e9s por correo postal o, cuando usted lo haya autorizado espec\u00edficamente, por correo electr\u00f3nico o tecnolog\u00eda similar;<\/li>\n\n\n\n<li>proporcionar a otras empresas informaci\u00f3n estad\u00edstica sobre nuestros usuarios. La informaci\u00f3n que proporcionamos a otras empresas no identificar\u00e1 a ning\u00fan usuario individual.<\/li>\n\n\n\n<li>nos permiten ver qu\u00e9 consultas realizadas a trav\u00e9s de nuestro sistema reciben respuesta, aunque restringimos qui\u00e9n puede ver el texto de las respuestas. Tenemos un sistema similar para las llamadas telef\u00f3nicas, enrut\u00e1ndolas a trav\u00e9s de una empresa llamada Twilio. Grabamos estas llamadas s\u00f3lo con el permiso expreso de la Cl\u00ednica. DentDinamo utiliza un tercero, MailGun, para enrutar correos electr\u00f3nicos entre nuestras Cl\u00ednicas y Usuarios y viceversa;<\/li>\n\n\n\n<li>recabar opiniones sobre nuestros propios servicios de terceras empresas independientes, como Trustpilot.<\/li>\n<\/ol>\n\n\n\n<p>Motivos legales<\/p>\n\n\n\n<p>Si usted es un usuario registrado de la plataforma, o un usuario del sitio web, el motivo legal para procesar su Informaci\u00f3n Recopilada es nuestro inter\u00e9s leg\u00edtimo en comprender c\u00f3mo interact\u00faan los usuarios con este sitio web y la plataforma, y para mejorar c\u00f3mo promocionamos nuestros productos y servicios.<\/p>\n\n\n\n<p>Compartir la informaci\u00f3n recopilada<\/p>\n\n\n\n<p>Podemos compartir la Informaci\u00f3n recopilada sobre usted:<\/p>\n\n\n\n<ol class=\"wp-block-list\" type=\"a\">\n<li>para permitir que nuestros proveedores de servicios (subprocesadores terceros) presten servicios de alojamiento en centros de datos, servicios de alojamiento de bases de datos, servicios de infraestructura de marcaci\u00f3n telef\u00f3nica, servicios de sincronizaci\u00f3n de correo electr\u00f3nico y para permitir que nuestros procesadores terceros presten servicios de operaciones de ventas y marketing;<\/li>\n\n\n\n<li>en la medida en que la ley nos obligue a ello;<\/li>\n\n\n\n<li>en relaci\u00f3n con cualquier procedimiento judicial o posible procedimiento judicial;<\/li>\n\n\n\n<li>para establecer, ejercer o defender nuestros derechos legales (incluido el suministro de informaci\u00f3n a terceros con fines de prevenci\u00f3n del fraude y reducci\u00f3n del riesgo de cr\u00e9dito).<\/li>\n\n\n\n<li>en respuesta a solicitudes legales de las autoridades p\u00fablicas, incluso para cumplir requisitos de seguridad nacional o de aplicaci\u00f3n de la ley.<\/li>\n<\/ol>\n\n\n\n<p>Seguridad de la informaci\u00f3n recogida<\/p>\n\n\n\n<p>Tomaremos las precauciones razonables para evitar la p\u00e9rdida, el uso indebido o la alteraci\u00f3n de sus datos personales. La transmisi\u00f3n de datos por Internet es intr\u00ednsecamente insegura y no podemos garantizar la seguridad de los datos enviados por Internet. Almacenaremos todos los datos personales que nos facilite o que recopilemos sobre usted en nuestros servidores seguros.<\/p>\n\n\n\n<p>Usted es responsable de mantener la confidencialidad de sus contrase\u00f1as. No le pediremos sus contrase\u00f1as.<\/p>\n\n\n\n<p>Conservaci\u00f3n de sus datos personales<\/p>\n\n\n\n<p>Conservamos sus datos personales hasta que usted o un miembro autorizado de su organizaci\u00f3n soliciten su eliminaci\u00f3n de nuestros sistemas.<\/p>\n\n\n\n<p>Modificaciones de este aviso<\/p>\n\n\n\n<p>Podemos actualizar esta pol\u00edtica de privacidad de vez en cuando publicando una nueva versi\u00f3n en nuestro sitio web. Debe consultar esta p\u00e1gina de vez en cuando para asegurarse de que est\u00e1 conforme con los cambios.<\/p>\n\n\n\n<p>Sitios web de terceros<\/p>\n\n\n\n<p>El sitio web contiene enlaces a otros sitios web. No somos responsables de las pol\u00edticas de privacidad de los sitios web de terceros ni de las acciones de los operadores de dichos sitios, incluida la recogida o el uso de sus datos personales.<\/p>\n\n\n\n<p>Acceso a sus datos personales<\/p>\n\n\n\n<p>Si utiliza este sitio web, previa solicitud, DentDinamo le conceder\u00e1 acceso a sus datos personales y le permitir\u00e1 corregir, modificar o eliminar la informaci\u00f3n que se demuestre que es inexacta o incompleta. Consulte los detalles de Contacto en nuestro sitio web.<\/p>\n\n\n\n<p>Si usted es usuario de una plataforma, dependemos de usted para actualizar y corregir sus datos personales en la medida necesaria para los fines para los que se recopilaron dichos datos, como la informaci\u00f3n de contacto que nos facilita para que podamos proporcionarle informaci\u00f3n de facturaci\u00f3n.<\/p>\n\n\n\n<p>Sus derechos<\/p>\n\n\n\n<p>Tiene derecho a que se corrijan (es decir, rectifiquen) los datos personales inadecuados, incompletos o incorrectos.<\/p>\n\n\n\n<p>Tambi\u00e9n tiene derecho a solicitar acceso a sus datos personales (incluida la recepci\u00f3n de una copia de los mismos), as\u00ed como informaci\u00f3n adicional sobre c\u00f3mo se han procesado los datos.<\/p>\n\n\n\n<p>Si alguna vez tratamos sus datos personales bas\u00e1ndonos en su consentimiento, tiene derecho a retirarlo en cualquier momento sin que ello afecte a la licitud del tratamiento basado en el consentimiento antes de su retirada.<\/p>\n\n\n\n<p>Adem\u00e1s, tiene derecho a que se borren sus datos personales en determinadas circunstancias.<\/p>\n\n\n\n<p>A partir del 25 de mayo de 2018, tambi\u00e9n tienes los siguientes derechos adicionales:<\/p>\n\n\n\n<ul class=\"wp-block-list\">\n<li><em>Portabilidad de los datos<\/em>&nbsp;- si alguna vez nos basamos (como fundamento jur\u00eddico del tratamiento) en su consentimiento o en el hecho de que el tratamiento es necesario para ejecutar un contrato del que usted es parte (como la realizaci\u00f3n de una consulta), y los datos personales se tratan por medios automatizados, usted tiene derecho a recibir todos los datos personales que nos haya facilitado en un formato estructurado, de uso com\u00fan y lectura mec\u00e1nica, y tambi\u00e9n a exigir que se transmitan a otro responsable del tratamiento cuando sea t\u00e9cnicamente posible.<\/li>\n\n\n\n<li><em>Derecho de supresi\u00f3n<\/em>&nbsp;- tiene derecho a que se borren sus datos personales en circunstancias espec\u00edficas, como cuando haya retirado su consentimiento, cuando se oponga al tratamiento basado en intereses leg\u00edtimos y no tengamos motivos leg\u00edtimos imperiosos (v\u00e9ase m\u00e1s adelante) o cuando los datos personales se traten de forma il\u00edcita, siempre que la legislaci\u00f3n aplicable no disponga lo contrario.<\/li>\n\n\n\n<li><em>Derecho a la limitaci\u00f3n del tratamiento<\/em>\u00a0- tiene derecho a restringir el tratamiento de sus datos personales (es decir, permitir s\u00f3lo su almacenamiento) cuando:\n<ul class=\"wp-block-list\">\n<li>usted impugna la exactitud de los datos personales, hasta que hayamos tomado medidas suficientes para corregir o verificar su exactitud;<\/li>\n\n\n\n<li>cuando el tratamiento sea il\u00edcito pero usted no quiera que borremos los datos personales;<\/li>\n\n\n\n<li>cuando ya no necesitemos sus datos personales para los fines del tratamiento, pero usted los necesite para el reconocimiento, ejercicio o defensa de reclamaciones judiciales; o<\/li>\n\n\n\n<li>cuando se haya opuesto al tratamiento, justificado por motivos legales (v\u00e9ase m\u00e1s abajo), a la espera de que se verifique si tenemos su permiso para continuar con el tratamiento.<\/li>\n<\/ul>\n<\/li>\n<\/ul>\n\n\n\n<p>Cuando sus datos personales est\u00e9n sujetos a restricciones, s\u00f3lo los trataremos con su consentimiento o para el establecimiento, ejercicio o defensa de reclamaciones legales.<\/p>\n\n\n\n<ul class=\"wp-block-list\">\n<li><em>Derecho a oponerse al tratamiento (incluida la elaboraci\u00f3n de perfiles) por motivos leg\u00edtimos&nbsp;<\/em>- cuando nos basemos en intereses leg\u00edtimos para tratar datos personales, usted tiene derecho a oponerse a dicho tratamiento. Si se opone, debemos detener ese tratamiento a menos que podamos demostrar motivos leg\u00edtimos imperiosos para el tratamiento que prevalezcan sobre sus intereses, derechos y libertades, o que necesitemos tratar los datos personales para el establecimiento, ejercicio o defensa de reclamaciones legales, o que una ley aplicable exija lo contrario.<\/li>\n\n\n\n<li><em>Derecho a oponerse a la comercializaci\u00f3n directa (incluida la elaboraci\u00f3n de perfiles)<\/em>&nbsp;- tiene derecho a oponerse a que utilicemos sus datos personales para fines de marketing directo (incluida la elaboraci\u00f3n de perfiles).<\/li>\n<\/ul>\n\n\n\n<p>Tambi\u00e9n tiene derecho a presentar una reclamaci\u00f3n ante la autoridad de control de su residencia habitual, lugar de trabajo o lugar de la presunta infracci\u00f3n, si considera que el tratamiento de sus datos personales infringe una ley aplicable.<\/p>\n\n\n\n<p>Puede ponerse en contacto con nosotros si desea ejercer cualquiera de sus derechos en relaci\u00f3n con sus datos personales tratados por este sitio web o la plataforma.<\/p>\n\n\n\n<p>P\u00f3ngase en contacto con nosotros si desea m\u00e1s informaci\u00f3n.<\/p>","protected":false},"excerpt":{"rendered":"<p>Privacy Policy Privacy Policy DentDinamo (\u201cwe\u201d) are committed to safeguarding the privacy of our website visitors and registered users of the DentDinamo platform; this Notice sets out how we will treat your personal data when we act as the controller of that data and when its processing is governed by the EU General Data Protection &#8230; <a title=\"Pol\u00edtica de privacidad\" class=\"read-more\" href=\"https:\/\/dentdinamo.com\/es\/politica-de-privacidad\/\" aria-label=\"Leer m\u00e1s sobre Privacy Policy\">Leer m\u00e1s<\/a><\/p>","protected":false},"author":1,"featured_media":0,"parent":0,"menu_order":0,"comment_status":"closed","ping_status":"open","template":"","meta":{"rank_math_lock_modified_date":false,"footnotes":""},"class_list":["post-3","page","type-page","status-publish"],"_links":{"self":[{"href":"https:\/\/dentdinamo.com\/es\/wp-json\/wp\/v2\/pages\/3","targetHints":{"allow":["GET"]}}],"collection":[{"href":"https:\/\/dentdinamo.com\/es\/wp-json\/wp\/v2\/pages"}],"about":[{"href":"https:\/\/dentdinamo.com\/es\/wp-json\/wp\/v2\/types\/page"}],"author":[{"embeddable":true,"href":"https:\/\/dentdinamo.com\/es\/wp-json\/wp\/v2\/users\/1"}],"replies":[{"embeddable":true,"href":"https:\/\/dentdinamo.com\/es\/wp-json\/wp\/v2\/comments?post=3"}],"version-history":[{"count":0,"href":"https:\/\/dentdinamo.com\/es\/wp-json\/wp\/v2\/pages\/3\/revisions"}],"wp:attachment":[{"href":"https:\/\/dentdinamo.com\/es\/wp-json\/wp\/v2\/media?parent=3"}],"curies":[{"name":"wp","href":"https:\/\/api.w.org\/{rel}","templated":true}]}}