{"id":1475,"date":"2023-03-06T10:29:16","date_gmt":"2023-03-06T10:29:16","guid":{"rendered":"https:\/\/dentdinamo.com\/?page_id=1475"},"modified":"2023-03-14T13:58:31","modified_gmt":"2023-03-14T13:58:31","slug":"contact","status":"publish","type":"page","link":"https:\/\/dentdinamo.com\/fr\/contact\/","title":{"rendered":"Contactez-nous maintenant"},"content":{"rendered":"<div class=\"gb-container gb-container-65c13fbe\">\n<div class=\"gb-container gb-container-27cdf53b\">\n<div class=\"gb-container gb-container-b2fd5082\">\n\n<p class=\"gb-headline gb-headline-7f0f180b gb-headline-text\"><a href=\"https:\/\/dentdinamo.com\/fr\/\"><nav aria-label=\"chapelure\" class=\"rank-math-breadcrumb\"><p><span class=\"last\">Domicile<\/span><\/p><\/nav><\/a><\/p>\n\n\n\n<h6 class=\"gb-headline gb-headline-351c12b5 gb-headline-text\">Prenez contact avec nos experts gratuitement<\/h6>\n\n\n\n<h1 class=\"gb-headline gb-headline-a7f7065f gb-headline-text\">Nous contacter<\/h1>\n\n\n\n<p class=\"gb-headline gb-headline-6e9c6527 gb-headline-text\">Notre \u00e9quipe vous fournira une r\u00e9ponse d\u00e9taill\u00e9e \u00e0 votre demande dans les meilleurs d\u00e9lais.<\/p>\n\n\n\n<p class=\"gb-headline gb-headline-6ebef113\"><span class=\"gb-icon\"><svg aria-hidden=\"true\" role=\"img\" height=\"1em\" width=\"1em\" viewbox=\"0 0 512 512\" xmlns=\"http:\/\/www.w3.org\/2000\/svg\"><path fill=\"currentColor\" d=\"M256 56c110.532 0 200 89.451 200 200 0 110.532-89.451 200-200 200-110.532 0-200-89.451-200-200 0-110.532 89.451-200 200-200m0-48C119.033 8 8 119.033 8 256s111.033 248 248 248 248-111.033 248-248S392.967 8 256 8zm0 168c-44.183 0-80 35.817-80 80s35.817 80 80 80 80-35.817 80-80-35.817-80-80-80z\"><\/path><\/svg><\/span><span class=\"gb-headline-text\">Obtenez une r\u00e9ponse de professionnels<\/span><\/p>\n\n\n\n<p class=\"gb-headline gb-headline-ba7967f3\"><span class=\"gb-icon\"><svg aria-hidden=\"true\" role=\"img\" height=\"1em\" width=\"1em\" viewbox=\"0 0 512 512\" xmlns=\"http:\/\/www.w3.org\/2000\/svg\"><path fill=\"currentColor\" d=\"M256 56c110.532 0 200 89.451 200 200 0 110.532-89.451 200-200 200-110.532 0-200-89.451-200-200 0-110.532 89.451-200 200-200m0-48C119.033 8 8 119.033 8 256s111.033 248 248 248 248-111.033 248-248S392.967 8 256 8zm0 168c-44.183 0-80 35.817-80 80s35.817 80 80 80 80-35.817 80-80-35.817-80-80-80z\"><\/path><\/svg><\/span><span class=\"gb-headline-text\">Conseils pour choisir les meilleures cliniques dentaires<\/span><\/p>\n\n\n\n<p class=\"gb-headline gb-headline-5999bd45\"><span class=\"gb-icon\"><svg aria-hidden=\"true\" role=\"img\" height=\"1em\" width=\"1em\" viewbox=\"0 0 512 512\" xmlns=\"http:\/\/www.w3.org\/2000\/svg\"><path fill=\"currentColor\" d=\"M256 56c110.532 0 200 89.451 200 200 0 110.532-89.451 200-200 200-110.532 0-200-89.451-200-200 0-110.532 89.451-200 200-200m0-48C119.033 8 8 119.033 8 256s111.033 248 248 248 248-111.033 248-248S392.967 8 256 8zm0 168c-44.183 0-80 35.817-80 80s35.817 80 80 80 80-35.817 80-80-35.817-80-80-80z\"><\/path><\/svg><\/span><span class=\"gb-headline-text\">Vous pouvez choisir la clinique qui vous convient le mieux.<\/span><\/p>\n\n<\/div>\n\n<div class=\"gb-container gb-container-fc22f23a\">\n<div class=\"gb-container gb-container-54ac564d box-shadow\">\n\n<h6 class=\"gb-headline gb-headline-a3bc245d gb-headline-text\">Vous avez des questions ? L'un de nos experts vous contactera<\/h6>\n\n\n\n<div class=\"wp-block-contact-form-7-contact-form-selector\">\n<div class=\"wpcf7 no-js\" id=\"wpcf7-f1511-o1\" lang=\"en-US\" dir=\"ltr\">\n<div class=\"screen-reader-response\"><p role=\"status\" aria-live=\"polite\" aria-atomic=\"true\"><\/p> <ul><\/ul><\/div>\n<form action=\"\/fr\/wp-json\/wp\/v2\/pages\/1475#wpcf7-f1511-o1\" method=\"post\" class=\"wpcf7-form init contactForm\" name=\"ContactForm\" aria-label=\"Formulaire de contact\" enctype=\"multipart\/form-data\" novalidate=\"novalidate\" data-status=\"init\" data-trp-original-action=\"\/fr\/wp-json\/wp\/v2\/pages\/1475#wpcf7-f1511-o1\">\n<div style=\"display: none;\">\n<input type=\"hidden\" name=\"_wpcf7\" value=\"1511\" \/>\n<input type=\"hidden\" name=\"_wpcf7_version\" value=\"5.9.8\" \/>\n<input type=\"hidden\" name=\"_wpcf7_locale\" value=\"en_US\" \/>\n<input type=\"hidden\" name=\"_wpcf7_unit_tag\" value=\"wpcf7-f1511-o1\" \/>\n<input type=\"hidden\" name=\"_wpcf7_container_post\" value=\"0\" \/>\n<input type=\"hidden\" name=\"_wpcf7_posted_data_hash\" value=\"\" \/>\n<input type=\"hidden\" name=\"_wpcf7_recaptcha_response\" value=\"\" \/>\n<\/div>\n<p><label class:required> Nom <\/label><br \/>\n<span class=\"wpcf7-form-control-wrap\" data-name=\"fname\"><input size=\"40\" maxlength=\"400\" class=\"wpcf7-form-control wpcf7-text wpcf7-validates-as-required w-50\" aria-required=\"true\" aria-invalid=\"false\" placeholder=\"Nom\" value=\"\" type=\"text\" name=\"fname\" \/><\/span>\n<\/p>\n<p><label class:required> E-mail<\/label><br \/>\n<span class=\"wpcf7-form-control-wrap\" data-name=\"email\"><input size=\"40\" maxlength=\"400\" class=\"wpcf7-form-control wpcf7-email wpcf7-validates-as-required wpcf7-text wpcf7-validates-as-email w-50\" aria-required=\"true\" aria-invalid=\"false\" placeholder=\"E-mail\" value=\"\" type=\"email\" name=\"email\" \/><\/span>\n<\/p>\n<p><label class:required> T\u00e9l\u00e9phoner<\/label><br \/>\n<span class=\"wpcf7-form-control-wrap\" data-name=\"phone\"><input size=\"40\" maxlength=\"400\" class=\"wpcf7-form-control wpcf7-tel wpcf7-validates-as-required wpcf7-text wpcf7-validates-as-tel w-50\" aria-required=\"true\" aria-invalid=\"false\" placeholder=\"T\u00e9l\u00e9phoner\" value=\"\" type=\"tel\" name=\"phone\" \/><\/span>\n<\/p>\n<p><label> Traitement <\/label><br \/>\n<span class=\"wpcf7-form-control-wrap\" data-name=\"treatment\"><input size=\"40\" maxlength=\"400\" class=\"wpcf7-form-control wpcf7-text w-50\" aria-invalid=\"false\" placeholder=\"Traitement\" value=\"\" type=\"text\" name=\"treatment\" \/><\/span>\n<\/p>\n<p><label> Rayons X<\/label><br \/>\n<span class=\"wpcf7-form-control-wrap\" data-name=\"x-ray\"><input size=\"40\" class=\"wpcf7-form-control wpcf7-file w-100\" accept=\".pdf,.png,.jpg\" aria-invalid=\"false\" type=\"file\" name=\"x-ray\" \/><\/span>\n<\/p>\n<p><label class=\"message\" > Message<\/label><br \/>\n<span class=\"wpcf7-form-control-wrap\" data-name=\"message\"><textarea cols=\"40\" rows=\"10\" maxlength=\"2000\" class=\"wpcf7-form-control wpcf7-textarea w-100\" aria-invalid=\"false\" placeholder=\"Message\" name=\"message\"><\/textarea><\/span>\n<\/p>\n<p>En cliquant sur le bouton \"Obtenir un devis gratuit\" ci-dessous, j'accepte qu'un sp\u00e9cialiste de Dent Dinamo me contacte par SMS ou par t\u00e9l\u00e9phone au num\u00e9ro de t\u00e9l\u00e9phone que j'ai fourni pour me faire part des offres de Dent Dinamo et que mon consentement ne soit pas requis pour effectuer un achat. Vos informations sont collect\u00e9es et utilis\u00e9es conform\u00e9ment \u00e0 notre politique de confidentialit\u00e9.\n<\/p>\n<p><input class=\"wpcf7-form-control wpcf7-submit has-spinner w-100\" type=\"submit\" value=\"Envoyer\" \/>\n<\/p><div class=\"wpcf7-response-output\" aria-hidden=\"true\"><\/div>\n<input type=\"hidden\" name=\"trp-form-language\" value=\"fr\"\/><\/form>\n<\/div>\n<\/div>\n\n<\/div>\n<\/div>\n<\/div>\n<\/div>\n\n<div class=\"gb-container gb-container-0d846808\" id=\"why\">\n<div class=\"gb-container gb-container-073c7692\">\n<div class=\"gb-container gb-container-b89ea12f\">\n\n<div class=\"gb-headline gb-headline-9ed599df gb-headline-text\">Pourquoi Dent Dinamo ?<\/div>\n\n<\/div>\n\n<div class=\"gb-container gb-container-8eab9b97\">\n\n<h4 class=\"gb-headline gb-headline-a056a974 gb-headline-text\">870+<\/h4>\n\n\n\n<h4 class=\"gb-headline gb-headline-9ccbf19b gb-headline-text\">clients du monde entier<\/h4>\n\n<\/div>\n\n<div class=\"gb-container gb-container-576b2218\">\n\n<h4 class=\"gb-headline gb-headline-6356c75c gb-headline-text\">55+<\/h4>\n\n\n\n<h4 class=\"gb-headline gb-headline-4c10e802 gb-headline-text\">cliniques albanaises<\/h4>\n\n<\/div>\n\n<div class=\"gb-container gb-container-82ed52f3\">\n\n<h4 class=\"gb-headline gb-headline-cec147fa gb-headline-text\">120+<\/h4>\n\n\n\n<h4 class=\"gb-headline gb-headline-d948775b gb-headline-text\">dentistes certifi\u00e9s<\/h4>\n\n<\/div>\n<\/div>\n<\/div>\n\n<div class=\"gb-container gb-container-67ab7ac8\" id=\"benefits\">\n<div class=\"gb-container gb-container-5cf2d3c4\">\n\n<h3 class=\"gb-headline gb-headline-b477573d gb-headline-text\">Nous croyons qu'un sourire peut changer le monde!<\/h3>\n\n\n\n<h2 class=\"gb-headline gb-headline-a44b3ba0 gb-headline-text\">Quel que soit votre \u00e2ge, nous pouvons vous aider.<\/h2>\n\n\n\n<p style=\"font-size:16px\">Ne vous inqui\u00e9tez pas de votre \u00e2ge, de votre billet d'avion ou de l'endroit o\u00f9 vous allez s\u00e9journer. Nous avons tout pr\u00e9vu. Contactez maintenant et obtenez un devis gratuit.<\/p>\n\n<\/div>\n\n<div class=\"gb-container gb-container-9edae025\">\n\n<figure class=\"gb-block-image gb-block-image-eef932ca\"><img loading=\"lazy\" decoding=\"async\" width=\"555\" height=\"369\" class=\"gb-image gb-image-eef932ca\" src=\"https:\/\/dentdinamo.com\/wp-content\/uploads\/2023\/03\/4231412342314124-1.webp\" alt=\"\" title=\"4231412342314124 (1)\" srcset=\"https:\/\/dentdinamo.com\/wp-content\/uploads\/2023\/03\/4231412342314124-1.webp 555w, https:\/\/dentdinamo.com\/wp-content\/uploads\/2023\/03\/4231412342314124-1-300x199.webp 300w\" sizes=\"auto, (max-width: 555px) 100vw, 555px\" \/><\/figure>\n\n<\/div>\n<\/div>\n\n<div class=\"gb-container gb-container-8f28939a\">\n<div class=\"gb-container gb-container-191613bc\">\n\n<p class=\"gb-headline gb-headline-8b484ca1 gb-headline-text\">Approuv\u00e9 et \u00e9valu\u00e9 par des centaines<\/p>\n\n\n\n<p class=\"gb-headline gb-headline-3004ceac gb-headline-text\">Nous choisissons chaque clinique avec soin en proc\u00e9dant \u00e0 une inspection sur place et en examinant attentivement les ant\u00e9c\u00e9dents et les commentaires de leurs patients.<\/p>\n\n\n\n<figure class=\"gb-block-image gb-block-image-f9085589\"><img loading=\"lazy\" decoding=\"async\" width=\"700\" height=\"115\" class=\"gb-image gb-image-f9085589\" src=\"https:\/\/dentdinamo.com\/wp-content\/uploads\/2023\/03\/Ratings-1-e1678205612731.webp\" alt=\"\" title=\"Notations\" srcset=\"https:\/\/dentdinamo.com\/wp-content\/uploads\/2023\/03\/Ratings-1-e1678205612731.webp 700w, https:\/\/dentdinamo.com\/wp-content\/uploads\/2023\/03\/Ratings-1-e1678205612731-300x49.webp 300w\" sizes=\"auto, (max-width: 700px) 100vw, 700px\" \/><\/figure>\n\n<\/div>\n\n<div class=\"gb-container gb-container-ad43d282\">\n\n<figure class=\"gb-block-image gb-block-image-412c3294\"><img loading=\"lazy\" decoding=\"async\" width=\"335\" height=\"280\" class=\"gb-image gb-image-412c3294\" src=\"https:\/\/dentdinamo.com\/wp-content\/uploads\/2023\/03\/6222328378-2.webp\" alt=\"\" title=\"6222328378\" srcset=\"https:\/\/dentdinamo.com\/wp-content\/uploads\/2023\/03\/6222328378-2.webp 335w, https:\/\/dentdinamo.com\/wp-content\/uploads\/2023\/03\/6222328378-2-300x251.webp 300w\" sizes=\"auto, (max-width: 335px) 100vw, 335px\" \/><\/figure>\n\n<\/div>\n<\/div>\n\n<div class=\"gb-container gb-container-e1e6d95d gallery-container\">\n<div class=\"gb-container gb-container-693df8fe\">\n<div class=\"gb-container gb-container-876b51c4\">\n\n<hr class=\"wp-block-separator has-text-color has-alpha-channel-opacity has-background\" style=\"background-color:#dadada;color:#dadada\"\/>\n\n<\/div>\n\n<div class=\"gb-container gb-container-a4b19efc\">\n\n<p class=\"gb-headline gb-headline-30c639e2 gb-headline-text\">COMME VU DANS<\/p>\n\n<\/div>\n\n<div class=\"gb-container gb-container-8aea8a6c\">\n\n<hr class=\"wp-block-separator has-text-color has-alpha-channel-opacity has-background\" style=\"background-color:#dadada;color:#dadada\"\/>\n\n<\/div>\n<\/div>\n\n<div class=\"gb-container gb-container-a3852333\">\n<div class=\"gb-container gb-container-293f1d01\">\n\n<figure class=\"gb-block-image gb-block-image-e86cbf40\"><img loading=\"lazy\" decoding=\"async\" width=\"45\" height=\"109\" class=\"gb-image gb-image-e86cbf40 feather\" src=\"https:\/\/dentdinamo.com\/wp-content\/uploads\/2023\/03\/CFa77Wv.webp\" alt=\"\" title=\"CFa77Wv\"\/><\/figure>\n\n<\/div>\n\n<div class=\"gb-container gb-container-37c81e10\">\n\n<figure class=\"wp-block-gallery has-nested-images columns-5 news-gallery wp-block-gallery-1 is-layout-flex wp-block-gallery-is-layout-flex\">\n<figure class=\"wp-block-image size-full\"><a href=\"http:\/\/www.wicz.com\/story\/46984846\/dent-dinamo-has-made-albanian-dental-tourism-a-simple-costeffective-and-oneofakind-experience\" target=\"_blank\" rel=\"noopener\"><img loading=\"lazy\" decoding=\"async\" width=\"130\" height=\"55\" data-id=\"1945\" src=\"https:\/\/dentdinamo.com\/wp-content\/uploads\/2023\/03\/Fox-1.webp\" alt=\"\" class=\"wp-image-1945\"\/><\/a><\/figure>\n\n\n\n<figure class=\"wp-block-image size-full\"><a href=\"https:\/\/www.newschannelnebraska.com\/story\/46984846\/dent-dinamo-has-made-albanian-dental-tourism-a-simple-costeffective-and-oneofakind-experience\" target=\"_blank\" rel=\"noopener\"><img loading=\"lazy\" decoding=\"async\" width=\"125\" height=\"75\" data-id=\"1966\" src=\"https:\/\/dentdinamo.com\/wp-content\/uploads\/2023\/03\/HrJWOxm.webp\" alt=\"\" class=\"wp-image-1966\"\/><\/a><\/figure>\n\n\n\n<figure class=\"wp-block-image size-full\"><a href=\"http:\/\/finance.azcentral.com\/azcentral\/article\/getnews-2022-7-29-dent-dinamo-has-made-albanian-dental-tourism-a-simple-cost-effective-and-one-of-a-kind-experience\/\" target=\"_blank\" rel=\"noopener\"><img loading=\"lazy\" decoding=\"async\" width=\"125\" height=\"45\" data-id=\"1962\" src=\"https:\/\/dentdinamo.com\/wp-content\/uploads\/2023\/03\/qgfZn5U-1-300x108-1.webp\" alt=\"\" class=\"wp-image-1962\"\/><\/a><\/figure>\n\n\n\n<figure class=\"wp-block-image size-full\"><a href=\"http:\/\/finance.dailyherald.com\/dailyherald\/article\/getnews-2022-7-29-dent-dinamo-has-made-albanian-dental-tourism-a-simple-cost-effective-and-one-of-a-kind-experience\/\" target=\"_blank\" rel=\"noopener\"><img loading=\"lazy\" decoding=\"async\" width=\"125\" height=\"25\" data-id=\"1964\" src=\"https:\/\/dentdinamo.com\/wp-content\/uploads\/2023\/03\/oUWHDZy.webp\" alt=\"\" class=\"wp-image-1964\"\/><\/a><\/figure>\n\n\n\n<figure class=\"wp-block-image size-full\"><a href=\"https:\/\/www.marketwatch.com\/press-release\/dent-dinamo-has-made-albanian-dental-tourism-a-simple-cost-effective-and-one-of-a-kind-experience-2022-07-28\" target=\"_blank\" rel=\"noopener\"><img loading=\"lazy\" decoding=\"async\" width=\"125\" height=\"51\" data-id=\"1968\" src=\"https:\/\/dentdinamo.com\/wp-content\/uploads\/2023\/03\/Clqb8aD-1-300x122-1.webp\" alt=\"\" class=\"wp-image-1968\"\/><\/a><\/figure>\n<\/figure>\n\n\n\n<p class=\"gb-headline gb-headline-986cb8db gb-headline-text\">ET PLUS DE 250 SITES D'INFORMATION <\/p>\n\n<\/div>\n\n<div class=\"gb-container gb-container-35695b62\">\n\n<figure class=\"gb-block-image gb-block-image-9ba67cd9\"><img loading=\"lazy\" decoding=\"async\" width=\"45\" height=\"109\" class=\"gb-image gb-image-9ba67cd9 feather backwards-x\" src=\"https:\/\/dentdinamo.com\/wp-content\/uploads\/2023\/03\/CFa77Wv.webp\" alt=\"\" title=\"CFa77Wv\"\/><\/figure>\n\n<\/div>\n<\/div>\n<\/div>\n\n<div class=\"gb-container gb-container-f135811b box-shadow\">\n<div class=\"gb-container gb-container-c5e974fe\">\n\n<h4 class=\"gb-headline gb-headline-a673d0b3 gb-headline-text\">Consultez notre blog et apprenez-en davantage sur les traitements dentaires.<\/h4>\n\n\n\n<a class=\"gb-button gb-button-e3367945 gb-button-text\" href=\"https:\/\/dentdinamo.com\/fr\/blog\/\">Consultez notre blog<\/a>\n\n<\/div>\n\n<div class=\"gb-container gb-container-4de0f0c4\">\n\n<figure class=\"gb-block-image gb-block-image-78c07a02\"><img loading=\"lazy\" decoding=\"async\" width=\"245\" height=\"245\" class=\"gb-image gb-image-78c07a02\" src=\"https:\/\/dentdinamo.com\/wp-content\/uploads\/2023\/03\/4242424234242-300x300-1.webp\" alt=\"\" title=\"4242424234242-300x300\" srcset=\"https:\/\/dentdinamo.com\/wp-content\/uploads\/2023\/03\/4242424234242-300x300-1.webp 245w, https:\/\/dentdinamo.com\/wp-content\/uploads\/2023\/03\/4242424234242-300x300-1-150x150.webp 150w\" sizes=\"auto, (max-width: 245px) 100vw, 245px\" \/><\/figure>\n\n<\/div>\n<\/div>\n\n<div class=\"gb-container gb-container-9d389070 faqs-container\">\n\n<h2 class=\"gb-headline gb-headline-18ae9a61 gb-headline-text\">FAQ<\/h2>\n\n\n<div id=\"rank-math-faq\" class=\"rank-math-block\">\n<ul class=\"rank-math-list\">\n<li id=\"faq-question-1678114850819\" class=\"rank-math-list-item\">\n<h3 class=\"rank-math-question\">V\u00e9rifiez-vous chaque demande ?<\/h3>\n<div class=\"rank-math-answer\">\n\n<p>Oui, nous v\u00e9rifions chaque demande de chaque patient. L'une des raisons pour lesquelles nous vous demandons vos coordonn\u00e9es est que nous souhaitons vous r\u00e9pondre dans les plus brefs d\u00e9lais avec une solution apr\u00e8s avoir consult\u00e9 votre demande.<\/p>\n\n<\/div>\n<\/li>\n<li id=\"faq-question-1678116786025\" class=\"rank-math-list-item\">\n<h3 class=\"rank-math-question\">Qui consultera ma demande?<\/h3>\n<div class=\"rank-math-answer\">\n\n<p>Un sp\u00e9cialiste certifi\u00e9 examinera votre demande concernant vos probl\u00e8mes dentaires. C'est pourquoi vous devez d\u00e9crire votre probl\u00e8me aussi bien que possible et essayer \u00e9galement d'inclure une radiographie pour un meilleur diagnostic.\u00a0<\/p>\n\n<\/div>\n<\/li>\n<li id=\"faq-question-1678116789377\" class=\"rank-math-list-item\">\n<h3 class=\"rank-math-question\">Dans quel d\u00e9lai puis-je esp\u00e9rer une r\u00e9ponse ?<\/h3>\n<div class=\"rank-math-answer\">\n\n<p>Dans les 24 heures. Quel que soit le jour, notre support vous fournira la r\u00e9ponse dont vous avez besoin le plus rapidement possible. Cela signifie \u00e9galement que nous travaillons 24h\/24 et 7j\/7 afin de fournir un service fiable \u00e0 chaque patient.\u00a0<\/p>\n\n<\/div>\n<\/li>\n<\/ul>\n<\/div>\n<\/div>","protected":false},"excerpt":{"rendered":"<p>Get in touch with our experts for free Contact Us Our team will provide you a detailed answer about your enquiry as soon as possible. Get an answer from professionals Guidance on choosing the best dental clinics You get to choose the clinic that seems better to you Do you have any questions? One of &#8230; <a title=\"Contactez-nous maintenant\" class=\"read-more\" href=\"https:\/\/dentdinamo.com\/fr\/contact\/\" aria-label=\"En savoir plus sur Contact\">Lire plus<\/a><\/p>","protected":false},"author":1,"featured_media":0,"parent":0,"menu_order":0,"comment_status":"closed","ping_status":"closed","template":"","meta":{"rank_math_lock_modified_date":false,"footnotes":""},"class_list":["post-1475","page","type-page","status-publish"],"_links":{"self":[{"href":"https:\/\/dentdinamo.com\/fr\/wp-json\/wp\/v2\/pages\/1475","targetHints":{"allow":["GET"]}}],"collection":[{"href":"https:\/\/dentdinamo.com\/fr\/wp-json\/wp\/v2\/pages"}],"about":[{"href":"https:\/\/dentdinamo.com\/fr\/wp-json\/wp\/v2\/types\/page"}],"author":[{"embeddable":true,"href":"https:\/\/dentdinamo.com\/fr\/wp-json\/wp\/v2\/users\/1"}],"replies":[{"embeddable":true,"href":"https:\/\/dentdinamo.com\/fr\/wp-json\/wp\/v2\/comments?post=1475"}],"version-history":[{"count":2,"href":"https:\/\/dentdinamo.com\/fr\/wp-json\/wp\/v2\/pages\/1475\/revisions"}],"predecessor-version":[{"id":3960,"href":"https:\/\/dentdinamo.com\/fr\/wp-json\/wp\/v2\/pages\/1475\/revisions\/3960"}],"wp:attachment":[{"href":"https:\/\/dentdinamo.com\/fr\/wp-json\/wp\/v2\/media?parent=1475"}],"curies":[{"name":"wp","href":"https:\/\/api.w.org\/{rel}","templated":true}]}}