{"id":1762,"date":"2023-03-06T17:29:02","date_gmt":"2023-03-06T17:29:02","guid":{"rendered":"https:\/\/dentdinamo.com\/?page_id=1762"},"modified":"2023-03-14T12:51:28","modified_gmt":"2023-03-14T12:51:28","slug":"blog","status":"publish","type":"page","link":"https:\/\/dentdinamo.com\/fr\/blog\/","title":{"rendered":"Blog"},"content":{"rendered":"<div class=\"gb-container gb-container-65c13fbe\">\n<div class=\"gb-container gb-container-27cdf53b\">\n<h1 class=\"gb-headline gb-headline-a7f7065f gb-headline-text\">Blog<\/h1>\n\n\n<p class=\"gb-headline gb-headline-7f0f180b gb-headline-text\"><nav aria-label=\"chapelure\" class=\"rank-math-breadcrumb\"><p><span class=\"last\">Domicile<\/span><\/p><\/nav><\/p>\n\n<\/div>\n<\/div>\n\n<div class=\"gb-container gb-container-2a806107\">\n\n<div class=\"gb-grid-wrapper gb-grid-wrapper-be385801 gb-query-loop-wrapper\">\n<div class=\"gb-grid-column gb-grid-column-a04fc778 gb-query-loop-item post-3856 post type-post status-publish format-standard has-post-thumbnail hentry category-blog\"><div class=\"gb-container gb-container-a04fc778 post-card\">\n<div class=\"gb-headline gb-headline-ade2311e post-category gb-headline-text\"><span class=\"post-term-item term-blog\">Blog<\/span><\/div>\n\n<figure class=\"gb-block-image gb-block-image-e71d7781\"><a href=\"https:\/\/dentdinamo.com\/fr\/bouche-brulante-que-faire-causes-symptomes-et-traitements\/\"><img loading=\"lazy\" decoding=\"async\" width=\"1000\" height=\"667\" src=\"https:\/\/dentdinamo.com\/wp-content\/uploads\/2023\/09\/male-using-spray-sore-throat-1-1.webp\" class=\"gb-image-e71d7781\" alt=\"\" srcset=\"https:\/\/dentdinamo.com\/wp-content\/uploads\/2023\/09\/male-using-spray-sore-throat-1-1.webp 1000w, https:\/\/dentdinamo.com\/wp-content\/uploads\/2023\/09\/male-using-spray-sore-throat-1-1-300x200.webp 300w, https:\/\/dentdinamo.com\/wp-content\/uploads\/2023\/09\/male-using-spray-sore-throat-1-1-768x512.webp 768w, https:\/\/dentdinamo.com\/wp-content\/uploads\/2023\/09\/male-using-spray-sore-throat-1-1-18x12.webp 18w\" sizes=\"auto, (max-width: 1000px) 100vw, 1000px\" \/><\/a><\/figure>\n\n<div class=\"gb-container gb-container-5f5e46ef\">\n<h3 class=\"gb-headline gb-headline-4faf331d gb-headline-text\"><a href=\"https:\/\/dentdinamo.com\/fr\/bouche-brulante-que-faire-causes-symptomes-et-traitements\/\">Br\u00fblures dans la bouche, que faire ? Causes, sympt\u00f4mes et traitements<\/a><\/h3>\n\n<p class=\"gb-headline gb-headline-2b49b853 gb-headline-text\">Il est courant de ressentir des d\u00e9mangeaisons ou des br\u00fblures dans la bouche de temps en temps, surtout si vous avez d\u00e9j\u00e0 mang\u00e9 des aliments qui peuvent augmenter cette sensation, ...<\/p>\n\n<div class=\"gb-headline gb-headline-1d062b96 gb-headline-text\"><a href=\"https:\/\/dentdinamo.com\/fr\/bouche-brulante-que-faire-causes-symptomes-et-traitements\/\">Lire la suite \"<\/a><\/div>\n<\/div>\n\n\n<div style=\"height:25px\" aria-hidden=\"true\" class=\"wp-block-spacer spacer\"><\/div>\n\n\n<div class=\"gb-headline gb-headline-cee0112d gb-headline-text\"><a href=\"https:\/\/dentdinamo.com\/fr\/bouche-brulante-que-faire-causes-symptomes-et-traitements\/\"><time class=\"entry-date published\" datetime=\"2023-09-05T14:40:03+00:00\">5 septembre 2023<\/time><\/a><\/div>\n<\/div><\/div>\n\n<div class=\"gb-grid-column gb-grid-column-a04fc778 gb-query-loop-item post-3166 post type-post status-publish format-standard has-post-thumbnail hentry category-uncategorized\"><div class=\"gb-container gb-container-a04fc778 post-card\">\n<div class=\"gb-headline gb-headline-ade2311e post-category gb-headline-text\"><span class=\"post-term-item term-uncategorized\">Non class\u00e9<\/span><\/div>\n\n<figure class=\"gb-block-image gb-block-image-e71d7781\"><a href=\"https:\/\/dentdinamo.com\/fr\/erosion-de-lemail-symptomes-et-causes\/\"><img loading=\"lazy\" decoding=\"async\" width=\"1000\" height=\"667\" src=\"https:\/\/dentdinamo.com\/wp-content\/uploads\/2023\/03\/white-teeth-1-1.webp\" class=\"gb-image-e71d7781\" alt=\"\" srcset=\"https:\/\/dentdinamo.com\/wp-content\/uploads\/2023\/03\/white-teeth-1-1.webp 1000w, https:\/\/dentdinamo.com\/wp-content\/uploads\/2023\/03\/white-teeth-1-1-300x200.webp 300w, https:\/\/dentdinamo.com\/wp-content\/uploads\/2023\/03\/white-teeth-1-1-768x512.webp 768w\" sizes=\"auto, (max-width: 1000px) 100vw, 1000px\" \/><\/a><\/figure>\n\n<div class=\"gb-container gb-container-5f5e46ef\">\n<h3 class=\"gb-headline gb-headline-4faf331d gb-headline-text\"><a href=\"https:\/\/dentdinamo.com\/fr\/erosion-de-lemail-symptomes-et-causes\/\">\u00c9rosion de l'\u00e9mail - Sympt\u00f4mes et causes<\/a><\/h3>\n\n<p class=\"gb-headline gb-headline-2b49b853 gb-headline-text\">Actuellement, de nombreuses personnes maintiennent des modes de vie malsains en pensant que cela profitera d'une mani\u00e8re ou d'une autre \u00e0 leur vie quotidienne, car elles se remplissent de calories vides, de divertissements vides et de<\/p>\n\n<div class=\"gb-headline gb-headline-1d062b96 gb-headline-text\"><a href=\"https:\/\/dentdinamo.com\/fr\/erosion-de-lemail-symptomes-et-causes\/\">Lire la suite \"<\/a><\/div>\n<\/div>\n\n\n<div style=\"height:25px\" aria-hidden=\"true\" class=\"wp-block-spacer spacer\"><\/div>\n\n\n<div class=\"gb-headline gb-headline-cee0112d gb-headline-text\"><a href=\"https:\/\/dentdinamo.com\/fr\/erosion-de-lemail-symptomes-et-causes\/\"><time class=\"entry-date published\" datetime=\"2023-03-14T11:35:02+00:00\">14 mars 2023<\/time><\/a><\/div>\n<\/div><\/div>\n\n<div class=\"gb-grid-column gb-grid-column-a04fc778 gb-query-loop-item post-576 post type-post status-publish format-standard has-post-thumbnail hentry category-uncategorized\"><div class=\"gb-container gb-container-a04fc778 post-card\">\n<div class=\"gb-headline gb-headline-ade2311e post-category gb-headline-text\"><span class=\"post-term-item term-uncategorized\">Non class\u00e9<\/span><\/div>\n\n<figure class=\"gb-block-image gb-block-image-e71d7781\"><a href=\"https:\/\/dentdinamo.com\/fr\/test\/\"><img loading=\"lazy\" decoding=\"async\" width=\"750\" height=\"750\" src=\"https:\/\/dentdinamo.com\/wp-content\/uploads\/2023\/03\/276093488_128853746357206_7316110126867192074_n.jpg\" class=\"gb-image-e71d7781\" alt=\"\" srcset=\"https:\/\/dentdinamo.com\/wp-content\/uploads\/2023\/03\/276093488_128853746357206_7316110126867192074_n.jpg 750w, https:\/\/dentdinamo.com\/wp-content\/uploads\/2023\/03\/276093488_128853746357206_7316110126867192074_n-300x300.jpg 300w, https:\/\/dentdinamo.com\/wp-content\/uploads\/2023\/03\/276093488_128853746357206_7316110126867192074_n-150x150.jpg 150w\" sizes=\"auto, (max-width: 750px) 100vw, 750px\" \/><\/a><\/figure>\n\n<div class=\"gb-container gb-container-5f5e46ef\">\n<h3 class=\"gb-headline gb-headline-4faf331d gb-headline-text\"><a href=\"https:\/\/dentdinamo.com\/fr\/test\/\">test<\/a><\/h3>\n\n<p class=\"gb-headline gb-headline-2b49b853 gb-headline-text\">wefewfewfewf<\/p>\n\n<div class=\"gb-headline gb-headline-1d062b96 gb-headline-text\"><a href=\"https:\/\/dentdinamo.com\/fr\/test\/\">Lire la suite \"<\/a><\/div>\n<\/div>\n\n\n<div style=\"height:25px\" aria-hidden=\"true\" class=\"wp-block-spacer spacer\"><\/div>\n\n\n<div class=\"gb-headline gb-headline-cee0112d gb-headline-text\"><a href=\"https:\/\/dentdinamo.com\/fr\/test\/\"><time class=\"entry-date published\" datetime=\"2023-03-02T14:32:09+00:00\">2 mars 2023<\/time><\/a><\/div>\n<\/div><\/div>\n\n<div class=\"gb-grid-column gb-grid-column-a04fc778 gb-query-loop-item post-1 post type-post status-publish format-standard has-post-thumbnail hentry category-uncategorized\"><div class=\"gb-container gb-container-a04fc778 post-card\">\n<div class=\"gb-headline gb-headline-ade2311e post-category gb-headline-text\"><span class=\"post-term-item term-uncategorized\">Non class\u00e9<\/span><\/div>\n\n<figure class=\"gb-block-image gb-block-image-e71d7781\"><a href=\"https:\/\/dentdinamo.com\/fr\/bonjour-monde-2\/\"><img loading=\"lazy\" decoding=\"async\" width=\"1000\" height=\"667\" src=\"https:\/\/dentdinamo.com\/wp-content\/uploads\/2023\/03\/gum-inflammation-cropped-shot-young-woman-s-face-with-doctor-s-hand-blue-glove-her-jaw-1-1-1.webp\" class=\"gb-image-e71d7781\" alt=\"\" srcset=\"https:\/\/dentdinamo.com\/wp-content\/uploads\/2023\/03\/gum-inflammation-cropped-shot-young-woman-s-face-with-doctor-s-hand-blue-glove-her-jaw-1-1-1.webp 1000w, https:\/\/dentdinamo.com\/wp-content\/uploads\/2023\/03\/gum-inflammation-cropped-shot-young-woman-s-face-with-doctor-s-hand-blue-glove-her-jaw-1-1-1-300x200.webp 300w, https:\/\/dentdinamo.com\/wp-content\/uploads\/2023\/03\/gum-inflammation-cropped-shot-young-woman-s-face-with-doctor-s-hand-blue-glove-her-jaw-1-1-1-768x512.webp 768w\" sizes=\"auto, (max-width: 1000px) 100vw, 1000px\" \/><\/a><\/figure>\n\n<div class=\"gb-container gb-container-5f5e46ef\">\n<h3 class=\"gb-headline gb-headline-4faf331d gb-headline-text\"><a href=\"https:\/\/dentdinamo.com\/fr\/bonjour-monde-2\/\">Bonjour \u00e0 tous !<\/a><\/h3>\n\n<p class=\"gb-headline gb-headline-2b49b853 gb-headline-text\">Bienvenue sur WordPress. Ceci est votre premier article. Modifiez-le ou supprimez-le, puis commencez \u00e0 \u00e9crire !<\/p>\n\n<div class=\"gb-headline gb-headline-1d062b96 gb-headline-text\"><a href=\"https:\/\/dentdinamo.com\/fr\/bonjour-monde-2\/\">Lire la suite \"<\/a><\/div>\n<\/div>\n\n\n<div style=\"height:25px\" aria-hidden=\"true\" class=\"wp-block-spacer spacer\"><\/div>\n\n\n<div class=\"gb-headline gb-headline-cee0112d gb-headline-text\"><a href=\"https:\/\/dentdinamo.com\/fr\/bonjour-monde-2\/\"><time class=\"entry-date published\" datetime=\"2023-03-01T16:31:01+00:00\">1er mars 2023<\/time><\/a><\/div>\n<\/div><\/div>\n<\/div>\n\n<div class=\"gb-container gb-container-cca4189f gb-query-loop-pagination\">\n\n\n\n\n\n<\/div>\n\n<\/div>\n\n<div class=\"gb-container gb-container-8f28939a\">\n<div class=\"gb-container gb-container-191613bc\">\n\n<p class=\"gb-headline gb-headline-8b484ca1 gb-headline-text\">Recevez les derni\u00e8res nouvelles !<\/p>\n\n\n\n<p class=\"has-base-3-color has-text-color\" style=\"font-size:16px\">Inscrivez-vous \u00e0 notre newsletter !<\/p>\n\n\n\n<div class=\"wp-block-contact-form-7-contact-form-selector newsletter\">\n<div class=\"wpcf7 no-js\" id=\"wpcf7-f1402-o1\" lang=\"en-US\" dir=\"ltr\">\n<div class=\"screen-reader-response\"><p role=\"status\" aria-live=\"polite\" aria-atomic=\"true\"><\/p> <ul><\/ul><\/div>\n<form action=\"\/fr\/wp-json\/wp\/v2\/pages\/1762#wpcf7-f1402-o1\" method=\"post\" class=\"wpcf7-form init\" aria-label=\"Contact form\" novalidate=\"novalidate\" data-status=\"init\" data-trp-original-action=\"\/fr\/wp-json\/wp\/v2\/pages\/1762#wpcf7-f1402-o1\">\n<div style=\"display: none;\">\n<input type=\"hidden\" name=\"_wpcf7\" value=\"1402\" \/>\n<input type=\"hidden\" name=\"_wpcf7_version\" value=\"5.9.8\" \/>\n<input type=\"hidden\" name=\"_wpcf7_locale\" value=\"en_US\" \/>\n<input type=\"hidden\" name=\"_wpcf7_unit_tag\" value=\"wpcf7-f1402-o1\" \/>\n<input type=\"hidden\" name=\"_wpcf7_container_post\" value=\"0\" \/>\n<input type=\"hidden\" name=\"_wpcf7_posted_data_hash\" value=\"\" \/>\n<input type=\"hidden\" name=\"_wpcf7_recaptcha_response\" value=\"\" \/>\n<\/div>\n<p><span class=\"wpcf7-form-control-wrap\" data-name=\"your-email\"><input size=\"40\" maxlength=\"400\" class=\"wpcf7-form-control wpcf7-email wpcf7-validates-as-required wpcf7-text wpcf7-validates-as-email\" autocomplete=\"email\" aria-required=\"true\" aria-invalid=\"false\" placeholder=\"E-mail\" value=\"\" type=\"email\" name=\"your-email\" \/><\/span><input class=\"wpcf7-form-control wpcf7-submit has-spinner\" type=\"submit\" value=\"Envoyer\" \/>\n<\/p><div class=\"wpcf7-response-output\" aria-hidden=\"true\"><\/div>\n<input type=\"hidden\" name=\"trp-form-language\" value=\"fr\"\/><\/form>\n<\/div>\n<\/div>\n\n<\/div>\n\n<div class=\"gb-container gb-container-ad43d282\">\n\n<figure class=\"gb-block-image gb-block-image-412c3294\"><img loading=\"lazy\" decoding=\"async\" width=\"300\" height=\"275\" class=\"gb-image gb-image-412c3294\" src=\"https:\/\/dentdinamo.com\/wp-content\/uploads\/2023\/03\/3459558-1024x939-1-300x275.webp\" alt=\"\" title=\"3459558-1024x939\" srcset=\"https:\/\/dentdinamo.com\/wp-content\/uploads\/2023\/03\/3459558-1024x939-1-300x275.webp 300w, https:\/\/dentdinamo.com\/wp-content\/uploads\/2023\/03\/3459558-1024x939-1-768x704.webp 768w, https:\/\/dentdinamo.com\/wp-content\/uploads\/2023\/03\/3459558-1024x939-1.webp 1024w\" sizes=\"auto, (max-width: 300px) 100vw, 300px\" \/><\/figure>\n\n<\/div>\n<\/div>","protected":false},"excerpt":{"rendered":"<p>Blog<\/p>","protected":false},"author":1,"featured_media":0,"parent":0,"menu_order":0,"comment_status":"closed","ping_status":"closed","template":"","meta":{"rank_math_lock_modified_date":false,"footnotes":""},"class_list":["post-1762","page","type-page","status-publish"],"_links":{"self":[{"href":"https:\/\/dentdinamo.com\/fr\/wp-json\/wp\/v2\/pages\/1762","targetHints":{"allow":["GET"]}}],"collection":[{"href":"https:\/\/dentdinamo.com\/fr\/wp-json\/wp\/v2\/pages"}],"about":[{"href":"https:\/\/dentdinamo.com\/fr\/wp-json\/wp\/v2\/types\/page"}],"author":[{"embeddable":true,"href":"https:\/\/dentdinamo.com\/fr\/wp-json\/wp\/v2\/users\/1"}],"replies":[{"embeddable":true,"href":"https:\/\/dentdinamo.com\/fr\/wp-json\/wp\/v2\/comments?post=1762"}],"version-history":[{"count":32,"href":"https:\/\/dentdinamo.com\/fr\/wp-json\/wp\/v2\/pages\/1762\/revisions"}],"predecessor-version":[{"id":3221,"href":"https:\/\/dentdinamo.com\/fr\/wp-json\/wp\/v2\/pages\/1762\/revisions\/3221"}],"wp:attachment":[{"href":"https:\/\/dentdinamo.com\/fr\/wp-json\/wp\/v2\/media?parent=1762"}],"curies":[{"name":"wp","href":"https:\/\/api.w.org\/{rel}","templated":true}]}}