{"id":2445,"date":"2023-03-09T16:37:39","date_gmt":"2023-03-09T16:37:39","guid":{"rendered":"https:\/\/dentdinamo.com\/?page_id=2445"},"modified":"2023-03-14T11:06:29","modified_gmt":"2023-03-14T11:06:29","slug":"clinic-contact","status":"publish","type":"page","link":"https:\/\/dentdinamo.com\/fr\/clinique-contact\/","title":{"rendered":"Contact clinique"},"content":{"rendered":"<div class=\"gb-container gb-container-65c13fbe\">\n<div class=\"gb-container gb-container-27cdf53b\">\n<div class=\"gb-container gb-container-b2fd5082\">\n\n<p class=\"gb-headline gb-headline-7f0f180b gb-headline-text\"><a href=\"https:\/\/dentdinamo.com\/fr\/\"><nav aria-label=\"chapelure\" class=\"rank-math-breadcrumb\"><p><span class=\"last\">Domicile<\/span><\/p><\/nav><\/a><\/p>\n\n\n\n<h6 class=\"gb-headline gb-headline-351c12b5 gb-headline-text\">Faisons de l'Albanie le pays leader en mati\u00e8re de tourisme dentaire.<\/h6>\n\n\n\n<h1 class=\"gb-headline gb-headline-a7f7065f gb-headline-text\">Rejoindre Dent Dinamo<\/h1>\n\n\n\n<p class=\"gb-headline gb-headline-6e9c6527 gb-headline-text\">Notre \u00e9quipe vous fournira une r\u00e9ponse d\u00e9taill\u00e9e \u00e0 votre demande dans les meilleurs d\u00e9lais.<\/p>\n\n\n\n<p class=\"gb-headline gb-headline-6ebef113\"><span class=\"gb-icon\"><svg aria-hidden=\"true\" role=\"img\" height=\"1em\" width=\"1em\" viewbox=\"0 0 512 512\" xmlns=\"http:\/\/www.w3.org\/2000\/svg\"><path fill=\"currentColor\" d=\"M256 56c110.532 0 200 89.451 200 200 0 110.532-89.451 200-200 200-110.532 0-200-89.451-200-200 0-110.532 89.451-200 200-200m0-48C119.033 8 8 119.033 8 256s111.033 248 248 248 248-111.033 248-248S392.967 8 256 8zm0 168c-44.183 0-80 35.817-80 80s35.817 80 80 80 80-35.817 80-80-35.817-80-80-80z\"><\/path><\/svg><\/span><span class=\"gb-headline-text\">Obtenir plus de clients des pays europ\u00e9ens<\/span><\/p>\n\n\n\n<p class=\"gb-headline gb-headline-ba7967f3\"><span class=\"gb-icon\"><svg aria-hidden=\"true\" role=\"img\" height=\"1em\" width=\"1em\" viewbox=\"0 0 512 512\" xmlns=\"http:\/\/www.w3.org\/2000\/svg\"><path fill=\"currentColor\" d=\"M256 56c110.532 0 200 89.451 200 200 0 110.532-89.451 200-200 200-110.532 0-200-89.451-200-200 0-110.532 89.451-200 200-200m0-48C119.033 8 8 119.033 8 256s111.033 248 248 248 248-111.033 248-248S392.967 8 256 8zm0 168c-44.183 0-80 35.817-80 80s35.817 80 80 80 80-35.817 80-80-35.817-80-80-80z\"><\/path><\/svg><\/span><span class=\"gb-headline-text\">Pas de frais d'inscription<\/span><\/p>\n\n\n\n<p class=\"gb-headline gb-headline-5999bd45\"><span class=\"gb-icon\"><svg aria-hidden=\"true\" role=\"img\" height=\"1em\" width=\"1em\" viewbox=\"0 0 512 512\" xmlns=\"http:\/\/www.w3.org\/2000\/svg\"><path fill=\"currentColor\" d=\"M256 56c110.532 0 200 89.451 200 200 0 110.532-89.451 200-200 200-110.532 0-200-89.451-200-200 0-110.532 89.451-200 200-200m0-48C119.033 8 8 119.033 8 256s111.033 248 248 248 248-111.033 248-248S392.967 8 256 8zm0 168c-44.183 0-80 35.817-80 80s35.817 80 80 80 80-35.817 80-80-35.817-80-80-80z\"><\/path><\/svg><\/span><span class=\"gb-headline-text\">Ajoutez de la valeur \u00e0 votre clinique<\/span><\/p>\n\n<\/div>\n\n<div class=\"gb-container gb-container-fc22f23a\">\n<div class=\"gb-container gb-container-54ac564d box-shadow\">\n\n<h6 class=\"gb-headline gb-headline-a3bc245d gb-headline-text\">Vous avez des questions ? L'un de nos experts vous contactera<\/h6>\n\n\n\n<div class=\"wp-block-contact-form-7-contact-form-selector\">\n<div class=\"wpcf7 no-js\" id=\"wpcf7-f3078-o1\" lang=\"en-US\" dir=\"ltr\">\n<div class=\"screen-reader-response\"><p role=\"status\" aria-live=\"polite\" aria-atomic=\"true\"><\/p> <ul><\/ul><\/div>\n<form action=\"\/fr\/wp-json\/wp\/v2\/pages\/2445#wpcf7-f3078-o1\" method=\"post\" class=\"wpcf7-form init contactForm\" name=\"ContactForm\" aria-label=\"Formulaire de contact\" novalidate=\"novalidate\" data-status=\"init\" data-trp-original-action=\"\/fr\/wp-json\/wp\/v2\/pages\/2445#wpcf7-f3078-o1\">\n<div style=\"display: none;\">\n<input type=\"hidden\" name=\"_wpcf7\" value=\"3078\" \/>\n<input type=\"hidden\" name=\"_wpcf7_version\" value=\"5.9.8\" \/>\n<input type=\"hidden\" name=\"_wpcf7_locale\" value=\"en_US\" \/>\n<input type=\"hidden\" name=\"_wpcf7_unit_tag\" value=\"wpcf7-f3078-o1\" \/>\n<input type=\"hidden\" name=\"_wpcf7_container_post\" value=\"0\" \/>\n<input type=\"hidden\" name=\"_wpcf7_posted_data_hash\" value=\"\" \/>\n<input type=\"hidden\" name=\"_wpcf7_recaptcha_response\" value=\"\" \/>\n<\/div>\n<p><label class=\"w-50\"> Nom<br \/>\n<span class=\"wpcf7-form-control-wrap\" data-name=\"contact-name\"><input size=\"40\" maxlength=\"400\" class=\"wpcf7-form-control wpcf7-text wpcf7-validates-as-required\" aria-required=\"true\" aria-invalid=\"false\" placeholder=\"Nom\" value=\"\" type=\"text\" name=\"contact-name\" \/><\/span> <\/label>\n<\/p>\n<p><label class=\"w-50\"> Nom de famille<br \/>\n<span class=\"wpcf7-form-control-wrap\" data-name=\"surname\"><input size=\"40\" maxlength=\"400\" class=\"wpcf7-form-control wpcf7-text wpcf7-validates-as-required\" aria-required=\"true\" aria-invalid=\"false\" placeholder=\"Nom de famille\" value=\"\" type=\"text\" name=\"surname\" \/><\/span> <\/label>\n<\/p>\n<p><label class=\"w-50\"> E-mail<br \/>\n<span class=\"wpcf7-form-control-wrap\" data-name=\"email\"><input size=\"40\" maxlength=\"400\" class=\"wpcf7-form-control wpcf7-email wpcf7-validates-as-required wpcf7-text wpcf7-validates-as-email\" aria-required=\"true\" aria-invalid=\"false\" placeholder=\"E-mail\" value=\"\" type=\"email\" name=\"email\" \/><\/span> <\/label>\n<\/p>\n<p><label class=\"w-50\"> T\u00e9l\u00e9phoner<br \/>\n<span class=\"wpcf7-form-control-wrap\" data-name=\"phone\"><input size=\"40\" maxlength=\"400\" class=\"wpcf7-form-control wpcf7-tel wpcf7-validates-as-required wpcf7-text wpcf7-validates-as-tel\" aria-required=\"true\" aria-invalid=\"false\" placeholder=\"T\u00e9l\u00e9phoner\" value=\"\" type=\"tel\" name=\"phone\" \/><\/span><br \/>\n<\/label>\n<\/p>\n<p><label class=\"w-100\"> Nom de la clinique<br \/>\n<span class=\"wpcf7-form-control-wrap\" data-name=\"clinic-name\"><input size=\"40\" maxlength=\"400\" class=\"wpcf7-form-control wpcf7-text wpcf7-validates-as-required w-100\" aria-required=\"true\" aria-invalid=\"false\" placeholder=\"Nom de la clinique\" value=\"\" type=\"text\" name=\"clinic-name\" \/><\/span> <\/label>\n<\/p>\n<p><label class=\"w-100\"> Message<br \/>\n<span class=\"wpcf7-form-control-wrap\" data-name=\"message\"><textarea cols=\"40\" rows=\"10\" maxlength=\"2000\" class=\"wpcf7-form-control wpcf7-textarea wpcf7-validates-as-required\" aria-required=\"true\" aria-invalid=\"false\" placeholder=\"Message\" name=\"message\"><\/textarea><\/span> <\/label>\n<\/p>\n<p><span><br \/>\nEn cliquant sur le bouton ci-dessous, j'accepte qu'un sp\u00e9cialiste de Dent Dinamo me contacte par message texte ou par appel t\u00e9l\u00e9phonique au num\u00e9ro de t\u00e9l\u00e9phone que j'ai fourni au sujet des offres de Dent Dinamo et le consentement n'est pas requis pour effectuer un achat. Vos informations sont collect\u00e9es et utilis\u00e9es conform\u00e9ment \u00e0 notre politique de confidentialit\u00e9.<br \/>\n<\/span>\n<\/p>\n<p><input class=\"wpcf7-form-control wpcf7-submit has-spinner w-100\" type=\"submit\" value=\"Envoyer\" \/>\n<\/p><div class=\"wpcf7-response-output\" aria-hidden=\"true\"><\/div>\n<input type=\"hidden\" name=\"trp-form-language\" value=\"fr\"\/><\/form>\n<\/div>\n<\/div>\n\n<\/div>\n<\/div>\n<\/div>\n<\/div>\n\n<div class=\"gb-container gb-container-06b72cae\">\n<div class=\"gb-container gb-container-1749a703\">\n<div class=\"gb-container gb-container-ec8ffadd box-shadow\">\n\n<p class=\"gb-headline gb-headline-2ec520a4 gb-headline-text\">200+<\/p>\n\n\n\n<div class=\"gb-headline gb-headline-c6220baa gb-headline-text\">millions d'euros d'acc\u00e8s au march\u00e9<\/div>\n\n<\/div>\n<\/div>\n\n<div class=\"gb-container gb-container-587dcb1e\">\n<div class=\"gb-container gb-container-b277bd23 box-shadow\">\n\n<p class=\"gb-headline gb-headline-980153d5 gb-headline-text\">3<\/p>\n\n\n\n<div class=\"gb-headline gb-headline-4e15d817 gb-headline-text\">diff\u00e9rents paquets<\/div>\n\n<\/div>\n<\/div>\n\n<div class=\"gb-container gb-container-339126c2\">\n<div class=\"gb-container gb-container-eb5b267f box-shadow\">\n\n<p class=\"gb-headline gb-headline-a58131ac gb-headline-text\">10,000+<\/p>\n\n\n\n<div class=\"gb-headline gb-headline-443ea504 gb-headline-text\">nouveaux prospects mensuels<\/div>\n\n<\/div>\n<\/div>\n\n<div class=\"gb-container gb-container-051f5641\">\n<div class=\"gb-container gb-container-9a0cfdbd box-shadow\">\n\n<p class=\"gb-headline gb-headline-0277b956 gb-headline-text\">4<\/p>\n\n\n\n<div class=\"gb-headline gb-headline-3789c3aa gb-headline-text\">diff\u00e9rents pays<\/div>\n\n<\/div>\n<\/div>\n<\/div>\n\n<div class=\"gb-container gb-container-96bdca39\">\n<div class=\"gb-container gb-container-98d51d22\">\n\n<p class=\"gb-headline gb-headline-3fdeb208 gb-headline-text\">Faisons en sorte que le monde soit plus souriant<\/p>\n\n\n\n<h2 class=\"gb-headline gb-headline-f901b755 gb-headline-text\">Chaque sourire est une opportunit\u00e9<\/h2>\n\n\n\n<p>S'il y a quelqu'un qui veut un sourire plus \u00e9clatant et plus beau, nous voulons qu'il connaisse votre clinique dentaire et vos valeurs.<\/p>\n\n<\/div>\n\n<div class=\"gb-container gb-container-aa23892f\">\n\n<figure class=\"gb-block-image gb-block-image-0432bd13\"><img loading=\"lazy\" decoding=\"async\" width=\"1000\" height=\"1000\" class=\"gb-image gb-image-0432bd13\" src=\"https:\/\/dentdinamo.com\/wp-content\/uploads\/2023\/03\/professional-dentist-examining-patient-with-dental-microscope-1.webp\" alt=\"\" title=\"dentiste-professionnel-examinant-un-patient-avec-microscope-dentaire-1\" srcset=\"https:\/\/dentdinamo.com\/wp-content\/uploads\/2023\/03\/professional-dentist-examining-patient-with-dental-microscope-1.webp 1000w, https:\/\/dentdinamo.com\/wp-content\/uploads\/2023\/03\/professional-dentist-examining-patient-with-dental-microscope-1-300x300.webp 300w, https:\/\/dentdinamo.com\/wp-content\/uploads\/2023\/03\/professional-dentist-examining-patient-with-dental-microscope-1-150x150.webp 150w, https:\/\/dentdinamo.com\/wp-content\/uploads\/2023\/03\/professional-dentist-examining-patient-with-dental-microscope-1-768x768.webp 768w\" sizes=\"auto, (max-width: 1000px) 100vw, 1000px\" \/><\/figure>\n\n<\/div>\n<\/div>\n\n<div class=\"gb-container gb-container-8f28939a\">\n<div class=\"gb-container gb-container-191613bc\">\n\n<p class=\"gb-headline gb-headline-8b484ca1 gb-headline-text\">Consultez notre blog et apprenez-en davantage sur les traitements dentaires.<\/p>\n\n\n\n<a class=\"gb-button gb-button-fa55aced gb-button-text\" href=\"https:\/\/dentdinamo.com\/fr\/blog\/\">Consultez notre bloc<\/a>\n\n<\/div>\n\n<div class=\"gb-container gb-container-ad43d282\">\n\n<figure class=\"gb-block-image gb-block-image-412c3294\"><img loading=\"lazy\" decoding=\"async\" width=\"500\" height=\"500\" class=\"gb-image gb-image-412c3294\" src=\"https:\/\/dentdinamo.com\/wp-content\/uploads\/2023\/03\/4242424234242.webp\" alt=\"\" title=\"4242424234242\" srcset=\"https:\/\/dentdinamo.com\/wp-content\/uploads\/2023\/03\/4242424234242.webp 500w, https:\/\/dentdinamo.com\/wp-content\/uploads\/2023\/03\/4242424234242-300x300.webp 300w, https:\/\/dentdinamo.com\/wp-content\/uploads\/2023\/03\/4242424234242-150x150.webp 150w\" sizes=\"auto, (max-width: 500px) 100vw, 500px\" \/><\/figure>\n\n<\/div>\n<\/div>\n\n<div class=\"gb-container gb-container-84e5e43f\">\n\n<h2 class=\"gb-headline gb-headline-7a8b893b gb-headline-text\">FAQ<\/h2>\n\n\n<div id=\"rank-math-faq\" class=\"rank-math-block\">\n<div class=\"rank-math-list\">\n<div id=\"faq-question-1678732571326\" class=\"rank-math-list-item\">\n<h3 class=\"rank-math-question\">Quels sont les services et les avantages de Dent Dinamo pour les patients ?<\/h3>\n<div class=\"rank-math-answer\">\n\n<p>Notre solution facilite la gestion des rendez-vous dentaires de vos patients gr\u00e2ce \u00e0 la prise de rendez-vous en ligne 24h\/24 et 7j\/7.<\/p>\n<p>\u200d -<strong>Le service est simple et<\/strong>\u00a0convivial : il suffit d'une connexion Internet et d'un courriel pour prendre rendez-vous, m\u00eame en dehors des heures d'ouverture de votre cabinet. Les patients peuvent \u00e9galement prendre rendez-vous pour un proche, comme un enfant ou un parent \u00e2g\u00e9.<br \/>\u200d -<strong>La prise de rendez-vous en ligne est totalement s\u00e9curis\u00e9e.\u00a0<\/strong>Nous veillons \u00e0 ce que chaque patient b\u00e9n\u00e9ficie d'un service confidentiel.<\/p>\n\n<\/div>\n<\/div>\n<div id=\"faq-question-1678732640288\" class=\"rank-math-list-item\">\n<h3 class=\"rank-math-question\">Pourquoi votre clinique b\u00e9n\u00e9ficie-t-elle de cette collaboration ?<\/h3>\n<div class=\"rank-math-answer\">\n\n<p>En plus d'avoir la chance de pr\u00e9senter votre clinique et vos valeurs \u00e0 des milliers de patients int\u00e9ress\u00e9s par vos services, vous pouvez \u00e9galement obtenir plus de patients s'ils s'int\u00e9ressent \u00e0 vous et si vous \u00eates la source la plus fiable \u00e0 leurs yeux.<\/p>\n\n<\/div>\n<\/div>\n<div id=\"faq-question-1678732658359\" class=\"rank-math-list-item\">\n<h3 class=\"rank-math-question\">Dois-je payer quelque chose pour adh\u00e9rer ?<\/h3>\n<div class=\"rank-math-answer\">\n\n<p>Rejoindre Dent Dinamo est gratuit. Mais pour \u00eatre accept\u00e9e, votre clinique doit \u00eatre approuv\u00e9e apr\u00e8s que nos experts aient effectu\u00e9 un contr\u00f4le clinique et aient \u00e9t\u00e9 convaincus de la qualit\u00e9 et des valeurs que vous offrez.<\/p>\n\n<\/div>\n<\/div>\n<\/div>\n<\/div>\n<\/div>","protected":false},"excerpt":{"rendered":"<p>Let&#8217;s make Albania the leading country for dental tourism. Join Dent Dinamo Our team will provide you a detailed answer about your enquiry as soon as possible. Get more clients from European countries No sign up fees Add more value to your clinic Do you have any questions? One of our experts will contact you &#8230; <a title=\"Contact clinique\" class=\"read-more\" href=\"https:\/\/dentdinamo.com\/fr\/clinique-contact\/\" aria-label=\"En savoir plus sur Clinic Contact\">Lire plus<\/a><\/p>","protected":false},"author":1,"featured_media":0,"parent":0,"menu_order":0,"comment_status":"closed","ping_status":"closed","template":"","meta":{"rank_math_lock_modified_date":false,"footnotes":""},"class_list":["post-2445","page","type-page","status-publish"],"_links":{"self":[{"href":"https:\/\/dentdinamo.com\/fr\/wp-json\/wp\/v2\/pages\/2445","targetHints":{"allow":["GET"]}}],"collection":[{"href":"https:\/\/dentdinamo.com\/fr\/wp-json\/wp\/v2\/pages"}],"about":[{"href":"https:\/\/dentdinamo.com\/fr\/wp-json\/wp\/v2\/types\/page"}],"author":[{"embeddable":true,"href":"https:\/\/dentdinamo.com\/fr\/wp-json\/wp\/v2\/users\/1"}],"replies":[{"embeddable":true,"href":"https:\/\/dentdinamo.com\/fr\/wp-json\/wp\/v2\/comments?post=2445"}],"version-history":[{"count":36,"href":"https:\/\/dentdinamo.com\/fr\/wp-json\/wp\/v2\/pages\/2445\/revisions"}],"predecessor-version":[{"id":3145,"href":"https:\/\/dentdinamo.com\/fr\/wp-json\/wp\/v2\/pages\/2445\/revisions\/3145"}],"wp:attachment":[{"href":"https:\/\/dentdinamo.com\/fr\/wp-json\/wp\/v2\/media?parent=2445"}],"curies":[{"name":"wp","href":"https:\/\/api.w.org\/{rel}","templated":true}]}}