{"id":3,"date":"2023-03-01T16:31:01","date_gmt":"2023-03-01T16:31:01","guid":{"rendered":"https:\/\/dentdinamo.com\/?page_id=3"},"modified":"2023-03-09T16:46:48","modified_gmt":"2023-03-09T16:46:48","slug":"privacy-policy","status":"publish","type":"page","link":"https:\/\/dentdinamo.com\/fr\/politique-de-confidentialite\/","title":{"rendered":"Politique de confidentialit\u00e9"},"content":{"rendered":"<h1 class=\"wp-block-heading\">Politique de confidentialit\u00e9<\/h1>\n\n\n\n<p><strong>Politique de confidentialit\u00e9<\/strong><\/p>\n\n\n\n<p>DentDinamo (\" nous \") s'engage \u00e0 prot\u00e9ger la vie priv\u00e9e des visiteurs de son site web et des utilisateurs enregistr\u00e9s de la plateforme DentDinamo ; le pr\u00e9sent avis d\u00e9finit la mani\u00e8re dont nous traiterons vos donn\u00e9es \u00e0 caract\u00e8re personnel lorsque nous agissons en tant que responsable du traitement de ces donn\u00e9es et que leur traitement est r\u00e9gi par le r\u00e8glement g\u00e9n\u00e9ral sur la protection des donn\u00e9es (RGPD) de l'Union europ\u00e9enne.<\/p>\n\n\n\n<p>D\u00e9finitions<\/p>\n\n\n\n<p>Nous utilisons le terme \"donn\u00e9es \u00e0 caract\u00e8re personnel\" pour d\u00e9signer toute information collect\u00e9e ou trait\u00e9e par, ou en relation avec, ce site web ou la plateforme, qui vous identifie directement ou indirectement, ou des facteurs qui vous sont propres, tels que votre nom, votre adresse IP ou vos pr\u00e9f\u00e9rences d'utilisateur.<br>Nous d\u00e9crivons ci-dessous les \"motifs l\u00e9gitimes\" du traitement de vos donn\u00e9es \u00e0 caract\u00e8re personnel. Ces motifs l\u00e9gitimes (parfois \u00e9galement appel\u00e9s \"base juridique\") justifient le traitement de vos donn\u00e9es \u00e0 caract\u00e8re personnel en vertu du GDPR. S'il n'existe pas de motifs l\u00e9gitimes pour le traitement de vos donn\u00e9es \u00e0 caract\u00e8re personnel, ni nous ni personne d'autre n'est autoris\u00e9 \u00e0 acc\u00e9der \u00e0 vos donn\u00e9es \u00e0 caract\u00e8re personnel ou \u00e0 les traiter.<\/p>\n\n\n\n<p>Quelles sont les donn\u00e9es personnelles que nous collectons ?<\/p>\n\n\n\n<p>Nous pouvons collecter, stocker et utiliser les types d'informations et de donn\u00e9es \u00e0 caract\u00e8re personnel suivants (\"informations collect\u00e9es\") :<\/p>\n\n\n\n<ol class=\"wp-block-list\" type=\"a\">\n<li>des informations et des donn\u00e9es personnelles sur vos visites et votre utilisation de ce site web et de notre plateforme. Nous recueillons des donn\u00e9es personnelles sur votre ordinateur et vos visites sur ce site web ou la plateforme, y compris votre adresse IP, votre emplacement g\u00e9ographique, votre type de navigateur, votre source de r\u00e9f\u00e9rence, la dur\u00e9e de votre visite et le nombre de pages consult\u00e9es, qui sont toutes des informations recueillies.<\/li>\n\n\n\n<li>des informations sur toutes les transactions effectu\u00e9es entre vous et nous sur ce site web, y compris les informations relatives \u00e0 tout achat que vous faites de nos biens ou services. Nous collectons :\n<ul class=\"wp-block-list\">\n<li>Nom et pr\u00e9nom<\/li>\n\n\n\n<li>Titre<\/li>\n\n\n\n<li>Coordonn\u00e9es (courriel, t\u00e9l\u00e9phone)<\/li>\n\n\n\n<li>Donn\u00e9es sur la vie professionnelle<\/li>\n\n\n\n<li>Donn\u00e9es relatives \u00e0 la vie priv\u00e9e<\/li>\n\n\n\n<li>Donn\u00e9es de connexion<\/li>\n\n\n\n<li>Donn\u00e9es de localisation<\/li>\n\n\n\n<li>Donn\u00e9es d'utilisation des applications<\/li>\n\n\n\n<li>Donn\u00e9es de communication par courrier \u00e9lectronique<\/li>\n\n\n\n<li>Donn\u00e9es d'enregistrement des appels<\/li>\n<\/ul>\n<\/li>\n\n\n\n<li>les informations que vous nous fournissez pour vous inscrire sur le site web ou la plateforme et\/ou pour vous abonner aux services de notre site web et\/ou aux notifications par courrier \u00e9lectronique. Nous recueillons le nom et le pr\u00e9nom, l'adresse \u00e9lectronique et le num\u00e9ro de t\u00e9l\u00e9phone \u00e0 ces fins.<\/li>\n<\/ol>\n\n\n\n<p>Cookies et autres technologies de suivi que nous utilisons<\/p>\n\n\n\n<p>Nous utilisons des cookies sur ce site web. Un cookie est un fichier texte envoy\u00e9 par un serveur web \u00e0 un navigateur web et stock\u00e9 par ce dernier. Le fichier texte est ensuite renvoy\u00e9 au serveur chaque fois que le navigateur demande une page au serveur. Cela permet au serveur web d'identifier et de suivre le navigateur web.<\/p>\n\n\n\n<p>Nous pouvons envoyer un ou plusieurs cookies qui peuvent \u00eatre stock\u00e9s par votre navigateur sur votre ordinateur. Les informations que nous obtenons gr\u00e2ce aux cookies font partie des informations collect\u00e9es. Nos annonceurs et fournisseurs de services peuvent \u00e9galement vous envoyer des cookies.<\/p>\n\n\n\n<p>La plupart des navigateurs vous permettent de refuser les cookies. (Par exemple, dans Internet Explorer, vous pouvez refuser tous les cookies en cliquant sur \"Outils\", \"Options Internet\", \"Confidentialit\u00e9\", et en s\u00e9lectionnant \"Bloquer tous les cookies\" \u00e0 l'aide du s\u00e9lecteur coulissant). Cela aura toutefois un impact n\u00e9gatif sur la convivialit\u00e9 de nombreux sites web, y compris celui-ci.<\/p>\n\n\n\n<p>Afin d'am\u00e9liorer nos services et ce site, nous pouvons faire appel \u00e0 des prestataires de services tiers pour exploiter ce site et nous aider \u00e0 surveiller, collecter et analyser les informations concernant vos interactions avec ce site et les donn\u00e9es que vous saisissez, y compris en utilisant les cookies de ces prestataires sur votre ordinateur.<\/p>\n\n\n\n<p>Pour plus d'informations sur les cookies et les autres technologies de suivi que nous utilisons, veuillez consulter notre politique en mati\u00e8re de cookies.<\/p>\n\n\n\n<p>Pourquoi nous utilisons les informations collect\u00e9es<\/p>\n\n\n\n<p>Les informations collect\u00e9es, y compris les donn\u00e9es personnelles, seront utilis\u00e9es pour :<\/p>\n\n\n\n<ol class=\"wp-block-list\" type=\"a\">\n<li>administrer et am\u00e9liorer la convivialit\u00e9 de ce site web et de la plate-forme ;<\/li>\n\n\n\n<li>am\u00e9liorer votre exp\u00e9rience de navigation en modifiant et en rempla\u00e7ant du texte, des images, des vid\u00e9os ou des liens afin d'accro\u00eetre la pertinence pour le visiteur ;<\/li>\n\n\n\n<li>vous envoyer des communications marketing et autres relatives \u00e0 nos activit\u00e9s ou aux activit\u00e9s de tiers soigneusement s\u00e9lectionn\u00e9s, que nous pensons susceptibles de vous int\u00e9resser, par courrier ou, si vous y avez sp\u00e9cifiquement consenti, par courrier \u00e9lectronique ou par une technologie similaire ;<\/li>\n\n\n\n<li>fournir \u00e0 d'autres entreprises des informations statistiques sur nos utilisateurs. Les informations que nous fournissons \u00e0 d'autres entreprises ne permettent pas d'identifier un utilisateur individuel.<\/li>\n\n\n\n<li>nous permettent de voir les r\u00e9ponses donn\u00e9es aux demandes faites par l'interm\u00e9diaire de notre syst\u00e8me, mais nous limitons l'acc\u00e8s au texte des r\u00e9ponses. Nous disposons d'un syst\u00e8me similaire pour les appels t\u00e9l\u00e9phoniques, que nous acheminons par l'interm\u00e9diaire d'une soci\u00e9t\u00e9 appel\u00e9e Twilio. Nous n'enregistrons ces appels qu'avec l'autorisation expresse de la clinique. DentDinamo utilise un tiers, MailGun, pour acheminer les courriers \u00e9lectroniques entre nos Cliniques et les Utilisateurs et vice-versa ;<\/li>\n\n\n\n<li>recueillir des commentaires sur nos propres services aupr\u00e8s de soci\u00e9t\u00e9s tierces ind\u00e9pendantes, telles que Trustpilot.<\/li>\n<\/ol>\n\n\n\n<p>Motifs l\u00e9gitimes<\/p>\n\n\n\n<p>Si vous \u00eates un utilisateur enregistr\u00e9 de la plate-forme ou un utilisateur du site web, les motifs l\u00e9gitimes du traitement de vos informations collect\u00e9es sont notre int\u00e9r\u00eat l\u00e9gitime \u00e0 comprendre comment les utilisateurs interagissent avec ce site web et la plate-forme, et \u00e0 am\u00e9liorer la fa\u00e7on dont nous faisons la promotion de nos produits et services.<\/p>\n\n\n\n<p>Partage des informations collect\u00e9es<\/p>\n\n\n\n<p>Nous pouvons partager les informations collect\u00e9es \u00e0 votre sujet :<\/p>\n\n\n\n<ol class=\"wp-block-list\" type=\"a\">\n<li>pour permettre \u00e0 nos prestataires de services (sous-traitants tiers) de fournir des services d'h\u00e9bergement de centres de donn\u00e9es, des services d'h\u00e9bergement de bases de donn\u00e9es, des services d'infrastructure de num\u00e9rotation, des services de synchronisation d'e-mails et pour permettre \u00e0 nos sous-traitants tiers de fournir des services d'op\u00e9rations de vente et de marketing ;<\/li>\n\n\n\n<li>dans la mesure o\u00f9 la loi nous y oblige ;<\/li>\n\n\n\n<li>dans le cadre d'une proc\u00e9dure judiciaire ou d'un projet de proc\u00e9dure judiciaire ;<\/li>\n\n\n\n<li>afin d'\u00e9tablir, d'exercer ou de d\u00e9fendre nos droits l\u00e9gaux (y compris la fourniture d'informations \u00e0 des tiers \u00e0 des fins de pr\u00e9vention de la fraude et de r\u00e9duction du risque de cr\u00e9dit).<\/li>\n\n\n\n<li>en r\u00e9ponse \u00e0 des demandes l\u00e9gitimes des autorit\u00e9s publiques, notamment pour r\u00e9pondre \u00e0 des exigences en mati\u00e8re de s\u00e9curit\u00e9 nationale ou d'application de la loi.<\/li>\n<\/ol>\n\n\n\n<p>S\u00e9curit\u00e9 des informations collect\u00e9es<\/p>\n\n\n\n<p>Nous prendrons des pr\u00e9cautions raisonnables pour \u00e9viter la perte, l'utilisation abusive ou l'alt\u00e9ration de vos donn\u00e9es personnelles. La transmission de donn\u00e9es sur l'internet est intrins\u00e8quement peu s\u00fbre et nous ne pouvons pas garantir la s\u00e9curit\u00e9 des donn\u00e9es envoy\u00e9es sur l'internet. Nous conserverons toutes les donn\u00e9es personnelles que vous nous fournissez ou que nous recueillons \u00e0 votre sujet sur nos serveurs s\u00e9curis\u00e9s.<\/p>\n\n\n\n<p>Vous \u00eates responsable de la confidentialit\u00e9 de vos mots de passe. Nous ne vous demanderons pas vos mots de passe.<\/p>\n\n\n\n<p>Conservation de vos donn\u00e9es personnelles<\/p>\n\n\n\n<p>Nous conservons vos donn\u00e9es personnelles jusqu'\u00e0 ce que vous ou un membre autoris\u00e9 de votre organisation demandiez \u00e0 ce qu'elles soient supprim\u00e9es de nos syst\u00e8mes.<\/p>\n\n\n\n<p>Modifications du pr\u00e9sent avis<\/p>\n\n\n\n<p>Nous pouvons mettre \u00e0 jour cette politique de confidentialit\u00e9 de temps \u00e0 autre en publiant une nouvelle version sur notre site web. Nous vous conseillons de consulter cette page de temps en temps pour vous assurer que vous \u00eates d'accord avec les changements.<\/p>\n\n\n\n<p>Sites web de tiers<\/p>\n\n\n\n<p>Le site web contient des liens vers d'autres sites web. Nous ne sommes pas responsables des politiques de confidentialit\u00e9 des sites web de tiers ou des actions de ces op\u00e9rateurs de sites, y compris la collecte ou l'utilisation de vos donn\u00e9es personnelles.<\/p>\n\n\n\n<p>Acc\u00e8s \u00e0 vos donn\u00e9es personnelles<\/p>\n\n\n\n<p>Si vous utilisez ce site web, DentDinamo vous donnera acc\u00e8s, sur demande, \u00e0 vos donn\u00e9es personnelles et vous permettra de corriger, modifier ou supprimer les informations dont il est d\u00e9montr\u00e9 qu'elles sont inexactes ou incompl\u00e8tes. Voir les coordonn\u00e9es de contact sur notre site web.<\/p>\n\n\n\n<p>Si vous \u00eates un utilisateur de la plateforme, nous comptons sur vous pour mettre \u00e0 jour et corriger vos donn\u00e9es personnelles dans la mesure n\u00e9cessaire aux fins pour lesquelles ces donn\u00e9es ont \u00e9t\u00e9 collect\u00e9es, telles que les informations de contact que vous nous fournissez afin que nous puissions vous fournir des informations de facturation.<\/p>\n\n\n\n<p>Vos droits<\/p>\n\n\n\n<p>Vous avez le droit de faire corriger (c'est-\u00e0-dire rectifier) les donn\u00e9es \u00e0 caract\u00e8re personnel inad\u00e9quates, incompl\u00e8tes ou incorrectes.<\/p>\n\n\n\n<p>Vous avez \u00e9galement le droit de demander l'acc\u00e8s \u00e0 vos donn\u00e9es personnelles (y compris d'en recevoir une copie) ainsi que des informations suppl\u00e9mentaires sur la mani\u00e8re dont les donn\u00e9es ont \u00e9t\u00e9 trait\u00e9es.<\/p>\n\n\n\n<p>Si nous traitons vos donn\u00e9es \u00e0 caract\u00e8re personnel sur la base de votre consentement, vous avez le droit de retirer ce consentement \u00e0 tout moment sans que cela n'affecte la l\u00e9galit\u00e9 du traitement fond\u00e9 sur le consentement avant son retrait.<\/p>\n\n\n\n<p>En outre, vous avez le droit de faire effacer vos donn\u00e9es personnelles dans certaines circonstances.<\/p>\n\n\n\n<p>Depuis le 25 mai 2018, vous disposez \u00e9galement des droits suppl\u00e9mentaires suivants :<\/p>\n\n\n\n<ul class=\"wp-block-list\">\n<li><em>Portabilit\u00e9 des donn\u00e9es<\/em>&nbsp;- si nous nous fondons (comme motif l\u00e9gitime de traitement) sur votre consentement ou sur le fait que le traitement est n\u00e9cessaire \u00e0 l'ex\u00e9cution d'un contrat auquel vous \u00eates partie (comme une demande de renseignements), et que les donn\u00e9es \u00e0 caract\u00e8re personnel sont trait\u00e9es de mani\u00e8re automatis\u00e9e, vous avez le droit de recevoir toutes les donn\u00e9es \u00e0 caract\u00e8re personnel que vous nous avez fournies dans un format structur\u00e9, couramment utilis\u00e9 et lisible par machine, et d'exiger qu'elles soient transmises \u00e0 un autre responsable du traitement lorsque cela est techniquement possible.<\/li>\n\n\n\n<li><em>Droit \u00e0 l'effacement<\/em>&nbsp;- vous avez le droit de faire effacer vos donn\u00e9es \u00e0 caract\u00e8re personnel dans des circonstances sp\u00e9cifiques, par exemple lorsque vous avez retir\u00e9 votre consentement, lorsque vous vous opposez \u00e0 un traitement fond\u00e9 sur des int\u00e9r\u00eats l\u00e9gitimes et que nous n'avons pas de motifs l\u00e9gitimes imp\u00e9rieux (voir ci-dessous) ou lorsque des donn\u00e9es \u00e0 caract\u00e8re personnel sont trait\u00e9es de mani\u00e8re illicite, \u00e0 condition que le droit applicable n'en dispose pas autrement.<\/li>\n\n\n\n<li><em>Droit \u00e0 la limitation du traitement<\/em>\u00a0- vous avez le droit de restreindre le traitement de vos donn\u00e9es \u00e0 caract\u00e8re personnel (c'est-\u00e0-dire d'autoriser uniquement leur stockage) lorsque :\n<ul class=\"wp-block-list\">\n<li>vous contestez l'exactitude des donn\u00e9es \u00e0 caract\u00e8re personnel, jusqu'\u00e0 ce que nous ayons pris des mesures suffisantes pour corriger ou v\u00e9rifier leur exactitude ;<\/li>\n\n\n\n<li>lorsque le traitement est ill\u00e9gal mais que vous ne souhaitez pas que nous effacions les donn\u00e9es \u00e0 caract\u00e8re personnel ;<\/li>\n\n\n\n<li>lorsque nous n'avons plus besoin de vos donn\u00e9es \u00e0 caract\u00e8re personnel aux fins du traitement, mais que vous avez besoin de ces donn\u00e9es \u00e0 caract\u00e8re personnel pour la constatation, l'exercice ou la d\u00e9fense de droits en justice ; ou<\/li>\n\n\n\n<li>lorsque vous vous \u00eates oppos\u00e9 au traitement, justifi\u00e9 par des motifs l\u00e9gitimes (voir ci-dessous), en attendant de v\u00e9rifier si nous avons votre autorisation de poursuivre le traitement.<\/li>\n<\/ul>\n<\/li>\n<\/ul>\n\n\n\n<p>Lorsque vos donn\u00e9es \u00e0 caract\u00e8re personnel font l'objet d'une restriction, nous ne les traitons qu'avec votre consentement ou pour l'\u00e9tablissement, l'exercice ou la d\u00e9fense de r\u00e9clamations l\u00e9gales.<\/p>\n\n\n\n<ul class=\"wp-block-list\">\n<li><em>Droit de s'opposer au traitement (y compris le profilage) fond\u00e9 sur des motifs l\u00e9gitimes&nbsp;<\/em>- lorsque nous nous appuyons sur des int\u00e9r\u00eats l\u00e9gitimes pour traiter des donn\u00e9es \u00e0 caract\u00e8re personnel, vous avez le droit de vous opposer \u00e0 ce traitement. Si vous vous y opposez, nous devons cesser ce traitement, sauf si nous pouvons d\u00e9montrer des motifs l\u00e9gitimes imp\u00e9rieux pour le traitement qui l'emportent sur vos int\u00e9r\u00eats, droits et libert\u00e9s, ou si nous avons besoin de traiter les donn\u00e9es \u00e0 caract\u00e8re personnel pour la constatation, l'exercice ou la d\u00e9fense de droits en justice, ou si une loi applicable en dispose autrement.<\/li>\n\n\n\n<li><em>Droit d'opposition au marketing direct (y compris le profilage)<\/em>&nbsp;- vous avez le droit de vous opposer \u00e0 l'utilisation de vos donn\u00e9es personnelles \u00e0 des fins de marketing direct (y compris le profilage).<\/li>\n<\/ul>\n\n\n\n<p>Vous avez \u00e9galement le droit d'introduire une r\u00e9clamation aupr\u00e8s de l'autorit\u00e9 de contr\u00f4le de votre r\u00e9sidence habituelle, de votre lieu de travail ou du lieu de l'infraction pr\u00e9sum\u00e9e, si vous estimez que le traitement de vos donn\u00e9es \u00e0 caract\u00e8re personnel enfreint une loi applicable.<\/p>\n\n\n\n<p>Vous pouvez nous contacter si vous souhaitez exercer l'un de vos droits concernant vos donn\u00e9es personnelles trait\u00e9es par ce site web ou la plateforme.<\/p>\n\n\n\n<p>Contactez-nous pour plus d'informations.<\/p>","protected":false},"excerpt":{"rendered":"<p>Privacy Policy Privacy Policy DentDinamo (\u201cwe\u201d) are committed to safeguarding the privacy of our website visitors and registered users of the DentDinamo platform; this Notice sets out how we will treat your personal data when we act as the controller of that data and when its processing is governed by the EU General Data Protection &#8230; <a title=\"Politique de confidentialit\u00e9\" class=\"read-more\" href=\"https:\/\/dentdinamo.com\/fr\/politique-de-confidentialite\/\" aria-label=\"En savoir plus sur Privacy Policy\">Lire plus<\/a><\/p>","protected":false},"author":1,"featured_media":0,"parent":0,"menu_order":0,"comment_status":"closed","ping_status":"open","template":"","meta":{"rank_math_lock_modified_date":false,"footnotes":""},"class_list":["post-3","page","type-page","status-publish"],"_links":{"self":[{"href":"https:\/\/dentdinamo.com\/fr\/wp-json\/wp\/v2\/pages\/3","targetHints":{"allow":["GET"]}}],"collection":[{"href":"https:\/\/dentdinamo.com\/fr\/wp-json\/wp\/v2\/pages"}],"about":[{"href":"https:\/\/dentdinamo.com\/fr\/wp-json\/wp\/v2\/types\/page"}],"author":[{"embeddable":true,"href":"https:\/\/dentdinamo.com\/fr\/wp-json\/wp\/v2\/users\/1"}],"replies":[{"embeddable":true,"href":"https:\/\/dentdinamo.com\/fr\/wp-json\/wp\/v2\/comments?post=3"}],"version-history":[{"count":0,"href":"https:\/\/dentdinamo.com\/fr\/wp-json\/wp\/v2\/pages\/3\/revisions"}],"wp:attachment":[{"href":"https:\/\/dentdinamo.com\/fr\/wp-json\/wp\/v2\/media?parent=3"}],"curies":[{"name":"wp","href":"https:\/\/api.w.org\/{rel}","templated":true}]}}