{"id":1475,"date":"2023-03-06T10:29:16","date_gmt":"2023-03-06T10:29:16","guid":{"rendered":"https:\/\/dentdinamo.com\/?page_id=1475"},"modified":"2023-03-14T13:58:31","modified_gmt":"2023-03-14T13:58:31","slug":"contact","status":"publish","type":"page","link":"https:\/\/dentdinamo.com\/sq\/contact\/","title":{"rendered":"Kontaktoni Tani"},"content":{"rendered":"<div class=\"gb-container gb-container-65c13fbe\">\n<div class=\"gb-container gb-container-27cdf53b\">\n<div class=\"gb-container gb-container-b2fd5082\">\n\n<p class=\"gb-headline gb-headline-7f0f180b gb-headline-text\"><a href=\"https:\/\/dentdinamo.com\/sq\/\"><nav aria-label=\"therrime buke\" class=\"rank-math-breadcrumb\"><p><span class=\"last\">Kreu<\/span><\/p><\/nav><\/a><\/p>\n\n\n\n<h6 class=\"gb-headline gb-headline-351c12b5 gb-headline-text\">Kontaktoni me ekspert\u00ebt tan\u00eb falas<\/h6>\n\n\n\n<h1 class=\"gb-headline gb-headline-a7f7065f gb-headline-text\">Kontakt<\/h1>\n\n\n\n<p class=\"gb-headline gb-headline-6e9c6527 gb-headline-text\">Ekipi yn\u00eb do t'ju jap\u00eb nj\u00eb p\u00ebrgjigje t\u00eb detajuar n\u00eb lidhje me k\u00ebrkes\u00ebn tuaj sa m\u00eb shpejt t\u00eb jet\u00eb e mundur.<\/p>\n\n\n\n<p class=\"gb-headline gb-headline-6ebef113\"><span class=\"gb-icon\"><svg aria-hidden=\"true\" role=\"img\" height=\"1em\" width=\"1em\" viewbox=\"0 0 512 512\" xmlns=\"http:\/\/www.w3.org\/2000\/svg\"><path fill=\"currentColor\" d=\"M256 56c110.532 0 200 89.451 200 200 0 110.532-89.451 200-200 200-110.532 0-200-89.451-200-200 0-110.532 89.451-200 200-200m0-48C119.033 8 8 119.033 8 256s111.033 248 248 248 248-111.033 248-248S392.967 8 256 8zm0 168c-44.183 0-80 35.817-80 80s35.817 80 80 80 80-35.817 80-80-35.817-80-80-80z\"><\/path><\/svg><\/span><span class=\"gb-headline-text\">Merrni nj\u00eb p\u00ebrgjigje nga profesionist\u00ebt<\/span><\/p>\n\n\n\n<p class=\"gb-headline gb-headline-ba7967f3\"><span class=\"gb-icon\"><svg aria-hidden=\"true\" role=\"img\" height=\"1em\" width=\"1em\" viewbox=\"0 0 512 512\" xmlns=\"http:\/\/www.w3.org\/2000\/svg\"><path fill=\"currentColor\" d=\"M256 56c110.532 0 200 89.451 200 200 0 110.532-89.451 200-200 200-110.532 0-200-89.451-200-200 0-110.532 89.451-200 200-200m0-48C119.033 8 8 119.033 8 256s111.033 248 248 248 248-111.033 248-248S392.967 8 256 8zm0 168c-44.183 0-80 35.817-80 80s35.817 80 80 80 80-35.817 80-80-35.817-80-80-80z\"><\/path><\/svg><\/span><span class=\"gb-headline-text\">Udh\u00ebzime p\u00ebr zgjedhjen e klinikave m\u00eb t\u00eb mira dentare<\/span><\/p>\n\n\n\n<p class=\"gb-headline gb-headline-5999bd45\"><span class=\"gb-icon\"><svg aria-hidden=\"true\" role=\"img\" height=\"1em\" width=\"1em\" viewbox=\"0 0 512 512\" xmlns=\"http:\/\/www.w3.org\/2000\/svg\"><path fill=\"currentColor\" d=\"M256 56c110.532 0 200 89.451 200 200 0 110.532-89.451 200-200 200-110.532 0-200-89.451-200-200 0-110.532 89.451-200 200-200m0-48C119.033 8 8 119.033 8 256s111.033 248 248 248 248-111.033 248-248S392.967 8 256 8zm0 168c-44.183 0-80 35.817-80 80s35.817 80 80 80 80-35.817 80-80-35.817-80-80-80z\"><\/path><\/svg><\/span><span class=\"gb-headline-text\">Ju mund t\u00eb zgjidhni klinik\u00ebn q\u00eb ju duket m\u00eb e mir\u00eb<\/span><\/p>\n\n<\/div>\n\n<div class=\"gb-container gb-container-fc22f23a\">\n<div class=\"gb-container gb-container-54ac564d box-shadow\">\n\n<h6 class=\"gb-headline gb-headline-a3bc245d gb-headline-text\">A keni ndonj\u00eb pyetje? Nj\u00eb nga ekspert\u00ebt tan\u00eb do t'ju ndihmoj\u00eb<\/h6>\n\n\n\n<div class=\"wp-block-contact-form-7-contact-form-selector\">\n<div class=\"wpcf7 no-js\" id=\"wpcf7-f1511-o1\" lang=\"en-US\" dir=\"ltr\">\n<div class=\"screen-reader-response\"><p role=\"status\" aria-live=\"polite\" aria-atomic=\"true\"><\/p> <ul><\/ul><\/div>\n<form action=\"\/sq\/wp-json\/wp\/v2\/pages\/1475#wpcf7-f1511-o1\" method=\"post\" class=\"wpcf7-form init contactForm\" name=\"ContactForm\" aria-label=\"Forma E Kontaktit\" enctype=\"multipart\/form-data\" novalidate=\"novalidate\" data-status=\"init\" data-trp-original-action=\"\/sq\/wp-json\/wp\/v2\/pages\/1475#wpcf7-f1511-o1\">\n<div style=\"display: none;\">\n<input type=\"hidden\" name=\"_wpcf7\" value=\"1511\" \/>\n<input type=\"hidden\" name=\"_wpcf7_version\" value=\"5.9.8\" \/>\n<input type=\"hidden\" name=\"_wpcf7_locale\" value=\"en_US\" \/>\n<input type=\"hidden\" name=\"_wpcf7_unit_tag\" value=\"wpcf7-f1511-o1\" \/>\n<input type=\"hidden\" name=\"_wpcf7_container_post\" value=\"0\" \/>\n<input type=\"hidden\" name=\"_wpcf7_posted_data_hash\" value=\"\" \/>\n<input type=\"hidden\" name=\"_wpcf7_recaptcha_response\" value=\"\" \/>\n<\/div>\n<p><label class:required> Emri <\/label><br \/>\n<span class=\"wpcf7-form-control-wrap\" data-name=\"fname\"><input size=\"40\" maxlength=\"400\" class=\"wpcf7-form-control wpcf7-text wpcf7-validates-as-required w-50\" aria-required=\"true\" aria-invalid=\"false\" placeholder=\"Emri\" value=\"\" type=\"text\" name=\"fname\" \/><\/span>\n<\/p>\n<p><label class:required> Email<\/label><br \/>\n<span class=\"wpcf7-form-control-wrap\" data-name=\"email\"><input size=\"40\" maxlength=\"400\" class=\"wpcf7-form-control wpcf7-email wpcf7-validates-as-required wpcf7-text wpcf7-validates-as-email w-50\" aria-required=\"true\" aria-invalid=\"false\" placeholder=\"Email\" value=\"\" type=\"email\" name=\"email\" \/><\/span>\n<\/p>\n<p><label class:required> Telefoni<\/label><br \/>\n<span class=\"wpcf7-form-control-wrap\" data-name=\"phone\"><input size=\"40\" maxlength=\"400\" class=\"wpcf7-form-control wpcf7-tel wpcf7-validates-as-required wpcf7-text wpcf7-validates-as-tel w-50\" aria-required=\"true\" aria-invalid=\"false\" placeholder=\"Telefoni\" value=\"\" type=\"tel\" name=\"phone\" \/><\/span>\n<\/p>\n<p><label> Trajtimi <\/label><br \/>\n<span class=\"wpcf7-form-control-wrap\" data-name=\"treatment\"><input size=\"40\" maxlength=\"400\" class=\"wpcf7-form-control wpcf7-text w-50\" aria-invalid=\"false\" placeholder=\"Trajtimi\" value=\"\" type=\"text\" name=\"treatment\" \/><\/span>\n<\/p>\n<p><label> X-ray<\/label><br \/>\n<span class=\"wpcf7-form-control-wrap\" data-name=\"x-ray\"><input size=\"40\" class=\"wpcf7-form-control wpcf7-file w-100\" accept=\".pdf,.png,.jpg\" aria-invalid=\"false\" type=\"file\" name=\"x-ray\" \/><\/span>\n<\/p>\n<p><label class=\"message\" > Mesazhi<\/label><br \/>\n<span class=\"wpcf7-form-control-wrap\" data-name=\"message\"><textarea cols=\"40\" rows=\"10\" maxlength=\"2000\" class=\"wpcf7-form-control wpcf7-textarea w-100\" aria-invalid=\"false\" placeholder=\"Mesazhi\" name=\"message\"><\/textarea><\/span>\n<\/p>\n<p>Duke klikuar butonin \"D\u00ebrgoni\" m\u00eb posht\u00eb, pranoj q\u00eb nj\u00eb specialist i Dent Dinamo mund t\u00eb m\u00eb kontaktoj\u00eb me mesazhe me tekst ose telefonata n\u00eb numrin e telefonit t\u00eb dh\u00ebn\u00eb nga un\u00eb n\u00eb lidhje me ofertat e Dent Dinamo dhe nuk k\u00ebrkohet p\u00eblqimi p\u00ebr t\u00eb b\u00ebr\u00eb nj\u00eb blerje. Informacioni juaj mblidhet dhe p\u00ebrdoret n\u00eb p\u00ebrputhje me politik\u00ebn e privat\u00ebsis\u00eb.\n<\/p>\n<p><input class=\"wpcf7-form-control wpcf7-submit has-spinner w-100\" type=\"submit\" value=\"D\u00ebrgoni\" \/>\n<\/p><div class=\"wpcf7-response-output\" aria-hidden=\"true\"><\/div>\n<input type=\"hidden\" name=\"trp-form-language\" value=\"sq\"\/><\/form>\n<\/div>\n<\/div>\n\n<\/div>\n<\/div>\n<\/div>\n<\/div>\n\n<div class=\"gb-container gb-container-0d846808\" id=\"why\">\n<div class=\"gb-container gb-container-073c7692\">\n<div class=\"gb-container gb-container-b89ea12f\">\n\n<div class=\"gb-headline gb-headline-9ed599df gb-headline-text\">P\u00ebrse Dent Dinamo?<\/div>\n\n<\/div>\n\n<div class=\"gb-container gb-container-8eab9b97\">\n\n<h4 class=\"gb-headline gb-headline-a056a974 gb-headline-text\">870+<\/h4>\n\n\n\n<h4 class=\"gb-headline gb-headline-9ccbf19b gb-headline-text\">klient\u00eb n\u00eb mbar\u00eb bot\u00ebn<\/h4>\n\n<\/div>\n\n<div class=\"gb-container gb-container-576b2218\">\n\n<h4 class=\"gb-headline gb-headline-6356c75c gb-headline-text\">55+<\/h4>\n\n\n\n<h4 class=\"gb-headline gb-headline-4c10e802 gb-headline-text\">klinika shqiptare<\/h4>\n\n<\/div>\n\n<div class=\"gb-container gb-container-82ed52f3\">\n\n<h4 class=\"gb-headline gb-headline-cec147fa gb-headline-text\">120+<\/h4>\n\n\n\n<h4 class=\"gb-headline gb-headline-d948775b gb-headline-text\">dentist\u00eb t\u00eb \u00e7ertifikuar<\/h4>\n\n<\/div>\n<\/div>\n<\/div>\n\n<div class=\"gb-container gb-container-67ab7ac8\" id=\"benefits\">\n<div class=\"gb-container gb-container-5cf2d3c4\">\n\n<h3 class=\"gb-headline gb-headline-b477573d gb-headline-text\">Ne besojm\u00eb se nj\u00eb buz\u00ebqeshje mund t\u00eb ndryshoj\u00eb bot\u00ebn!<\/h3>\n\n\n\n<h2 class=\"gb-headline gb-headline-a44b3ba0 gb-headline-text\">Pavar\u00ebsisht mosh\u00ebs tuaj, ne mund t\u00eb ndihmojm\u00eb.<\/h2>\n\n\n\n<p style=\"font-size:16px\">Nuk ka nevoj\u00eb t\u00eb shqet\u00ebsoheni p\u00ebr mosh\u00ebn tuaj, bilet\u00ebn e fluturimit ose vendin ku do t\u00eb q\u00ebndroni. E kemi zgjidhura tashm\u00eb. Kontaktoni tani dhe merrni nj\u00eb ofert\u00eb falas.<\/p>\n\n<\/div>\n\n<div class=\"gb-container gb-container-9edae025\">\n\n<figure class=\"gb-block-image gb-block-image-eef932ca\"><img loading=\"lazy\" decoding=\"async\" width=\"555\" height=\"369\" class=\"gb-image gb-image-eef932ca\" src=\"https:\/\/dentdinamo.com\/wp-content\/uploads\/2023\/03\/4231412342314124-1.webp\" alt=\"\" title=\"4231412342314124 (1)\" srcset=\"https:\/\/dentdinamo.com\/wp-content\/uploads\/2023\/03\/4231412342314124-1.webp 555w, https:\/\/dentdinamo.com\/wp-content\/uploads\/2023\/03\/4231412342314124-1-300x199.webp 300w\" sizes=\"auto, (max-width: 555px) 100vw, 555px\" \/><\/figure>\n\n<\/div>\n<\/div>\n\n<div class=\"gb-container gb-container-8f28939a\">\n<div class=\"gb-container gb-container-191613bc\">\n\n<p class=\"gb-headline gb-headline-8b484ca1 gb-headline-text\">Besuar dhe vleresuar nga qindra<\/p>\n\n\n\n<p class=\"gb-headline gb-headline-3004ceac gb-headline-text\">Ne zgjedhim \u00e7do klinik\u00eb me kujdes duke kryer nj\u00eb inspektim n\u00eb klinik\u00eb dhe gjithashtu duke shqyrtuar me kujdes historin\u00eb dhe vleresimet e pacient\u00ebve t\u00eb tyre.<\/p>\n\n\n\n<figure class=\"gb-block-image gb-block-image-f9085589\"><img loading=\"lazy\" decoding=\"async\" width=\"700\" height=\"115\" class=\"gb-image gb-image-f9085589\" src=\"https:\/\/dentdinamo.com\/wp-content\/uploads\/2023\/03\/Ratings-1-e1678205612731.webp\" alt=\"\" title=\"Ratings\" srcset=\"https:\/\/dentdinamo.com\/wp-content\/uploads\/2023\/03\/Ratings-1-e1678205612731.webp 700w, https:\/\/dentdinamo.com\/wp-content\/uploads\/2023\/03\/Ratings-1-e1678205612731-300x49.webp 300w\" sizes=\"auto, (max-width: 700px) 100vw, 700px\" \/><\/figure>\n\n<\/div>\n\n<div class=\"gb-container gb-container-ad43d282\">\n\n<figure class=\"gb-block-image gb-block-image-412c3294\"><img loading=\"lazy\" decoding=\"async\" width=\"335\" height=\"280\" class=\"gb-image gb-image-412c3294\" src=\"https:\/\/dentdinamo.com\/wp-content\/uploads\/2023\/03\/6222328378-2.webp\" alt=\"\" title=\"6222328378\" srcset=\"https:\/\/dentdinamo.com\/wp-content\/uploads\/2023\/03\/6222328378-2.webp 335w, https:\/\/dentdinamo.com\/wp-content\/uploads\/2023\/03\/6222328378-2-300x251.webp 300w\" sizes=\"auto, (max-width: 335px) 100vw, 335px\" \/><\/figure>\n\n<\/div>\n<\/div>\n\n<div class=\"gb-container gb-container-e1e6d95d gallery-container\">\n<div class=\"gb-container gb-container-693df8fe\">\n<div class=\"gb-container gb-container-876b51c4\">\n\n<hr class=\"wp-block-separator has-text-color has-alpha-channel-opacity has-background\" style=\"background-color:#dadada;color:#dadada\"\/>\n\n<\/div>\n\n<div class=\"gb-container gb-container-a4b19efc\">\n\n<p class=\"gb-headline gb-headline-30c639e2 gb-headline-text\">As Seen On<\/p>\n\n<\/div>\n\n<div class=\"gb-container gb-container-8aea8a6c\">\n\n<hr class=\"wp-block-separator has-text-color has-alpha-channel-opacity has-background\" style=\"background-color:#dadada;color:#dadada\"\/>\n\n<\/div>\n<\/div>\n\n<div class=\"gb-container gb-container-a3852333\">\n<div class=\"gb-container gb-container-293f1d01\">\n\n<figure class=\"gb-block-image gb-block-image-e86cbf40\"><img loading=\"lazy\" decoding=\"async\" width=\"45\" height=\"109\" class=\"gb-image gb-image-e86cbf40 feather\" src=\"https:\/\/dentdinamo.com\/wp-content\/uploads\/2023\/03\/CFa77Wv.webp\" alt=\"\" title=\"CFa77Wv\"\/><\/figure>\n\n<\/div>\n\n<div class=\"gb-container gb-container-37c81e10\">\n\n<figure class=\"wp-block-gallery has-nested-images columns-5 news-gallery wp-block-gallery-1 is-layout-flex wp-block-gallery-is-layout-flex\">\n<figure class=\"wp-block-image size-full\"><a href=\"http:\/\/www.wicz.com\/story\/46984846\/dent-dinamo-has-made-albanian-dental-tourism-a-simple-costeffective-and-oneofakind-experience\" target=\"_blank\" rel=\"noopener\"><img loading=\"lazy\" decoding=\"async\" width=\"130\" height=\"55\" data-id=\"1945\" src=\"https:\/\/dentdinamo.com\/wp-content\/uploads\/2023\/03\/Fox-1.webp\" alt=\"\" class=\"wp-image-1945\"\/><\/a><\/figure>\n\n\n\n<figure class=\"wp-block-image size-full\"><a href=\"https:\/\/www.newschannelnebraska.com\/story\/46984846\/dent-dinamo-has-made-albanian-dental-tourism-a-simple-costeffective-and-oneofakind-experience\" target=\"_blank\" rel=\"noopener\"><img loading=\"lazy\" decoding=\"async\" width=\"125\" height=\"75\" data-id=\"1966\" src=\"https:\/\/dentdinamo.com\/wp-content\/uploads\/2023\/03\/HrJWOxm.webp\" alt=\"\" class=\"wp-image-1966\"\/><\/a><\/figure>\n\n\n\n<figure class=\"wp-block-image size-full\"><a href=\"http:\/\/finance.azcentral.com\/azcentral\/article\/getnews-2022-7-29-dent-dinamo-has-made-albanian-dental-tourism-a-simple-cost-effective-and-one-of-a-kind-experience\/\" target=\"_blank\" rel=\"noopener\"><img loading=\"lazy\" decoding=\"async\" width=\"125\" height=\"45\" data-id=\"1962\" src=\"https:\/\/dentdinamo.com\/wp-content\/uploads\/2023\/03\/qgfZn5U-1-300x108-1.webp\" alt=\"\" class=\"wp-image-1962\"\/><\/a><\/figure>\n\n\n\n<figure class=\"wp-block-image size-full\"><a href=\"http:\/\/finance.dailyherald.com\/dailyherald\/article\/getnews-2022-7-29-dent-dinamo-has-made-albanian-dental-tourism-a-simple-cost-effective-and-one-of-a-kind-experience\/\" target=\"_blank\" rel=\"noopener\"><img loading=\"lazy\" decoding=\"async\" width=\"125\" height=\"25\" data-id=\"1964\" src=\"https:\/\/dentdinamo.com\/wp-content\/uploads\/2023\/03\/oUWHDZy.webp\" alt=\"\" class=\"wp-image-1964\"\/><\/a><\/figure>\n\n\n\n<figure class=\"wp-block-image size-full\"><a href=\"https:\/\/www.marketwatch.com\/press-release\/dent-dinamo-has-made-albanian-dental-tourism-a-simple-cost-effective-and-one-of-a-kind-experience-2022-07-28\" target=\"_blank\" rel=\"noopener\"><img loading=\"lazy\" decoding=\"async\" width=\"125\" height=\"51\" data-id=\"1968\" src=\"https:\/\/dentdinamo.com\/wp-content\/uploads\/2023\/03\/Clqb8aD-1-300x122-1.webp\" alt=\"\" class=\"wp-image-1968\"\/><\/a><\/figure>\n<\/figure>\n\n\n\n<p class=\"gb-headline gb-headline-986cb8db gb-headline-text\">AND OVER 250 NEWS SITES <\/p>\n\n<\/div>\n\n<div class=\"gb-container gb-container-35695b62\">\n\n<figure class=\"gb-block-image gb-block-image-9ba67cd9\"><img loading=\"lazy\" decoding=\"async\" width=\"45\" height=\"109\" class=\"gb-image gb-image-9ba67cd9 feather backwards-x\" src=\"https:\/\/dentdinamo.com\/wp-content\/uploads\/2023\/03\/CFa77Wv.webp\" alt=\"\" title=\"CFa77Wv\"\/><\/figure>\n\n<\/div>\n<\/div>\n<\/div>\n\n<div class=\"gb-container gb-container-f135811b box-shadow\">\n<div class=\"gb-container gb-container-c5e974fe\">\n\n<h4 class=\"gb-headline gb-headline-a673d0b3 gb-headline-text\">Shikoni blogun ton\u00eb dhe m\u00ebsoni m\u00eb shum\u00eb rreth trajtimeve dentare.<\/h4>\n\n\n\n<a class=\"gb-button gb-button-e3367945 gb-button-text\" href=\"https:\/\/dentdinamo.com\/sq\/blog\/\">Kontrolloni blogun ton\u00eb<\/a>\n\n<\/div>\n\n<div class=\"gb-container gb-container-4de0f0c4\">\n\n<figure class=\"gb-block-image gb-block-image-78c07a02\"><img loading=\"lazy\" decoding=\"async\" width=\"245\" height=\"245\" class=\"gb-image gb-image-78c07a02\" src=\"https:\/\/dentdinamo.com\/wp-content\/uploads\/2023\/03\/4242424234242-300x300-1.webp\" alt=\"\" title=\"4242424234242-300x300\" srcset=\"https:\/\/dentdinamo.com\/wp-content\/uploads\/2023\/03\/4242424234242-300x300-1.webp 245w, https:\/\/dentdinamo.com\/wp-content\/uploads\/2023\/03\/4242424234242-300x300-1-150x150.webp 150w\" sizes=\"auto, (max-width: 245px) 100vw, 245px\" \/><\/figure>\n\n<\/div>\n<\/div>\n\n<div class=\"gb-container gb-container-9d389070 faqs-container\">\n\n<h2 class=\"gb-headline gb-headline-18ae9a61 gb-headline-text\">Pyetje t\u00eb b\u00ebra shpesh<\/h2>\n\n\n<div id=\"rank-math-faq\" class=\"rank-math-block\">\n<ul class=\"rank-math-list\">\n<li id=\"faq-question-1678114850819\" class=\"rank-math-list-item\">\n<h3 class=\"rank-math-question\">A i shikoni t\u00eb gjitha k\u00ebrkesat?<\/h3>\n<div class=\"rank-math-answer\">\n\n<p>Po, ne kontrollojm\u00eb \u00e7do k\u00ebrkes\u00eb nga \u00e7do pacient. Nj\u00eb nga arsyet pse k\u00ebrkojm\u00eb informacionin tuaj t\u00eb kontaktit \u00ebsht\u00eb sepse duam t'ju kontaktojm\u00eb sa m\u00eb shpejt t\u00eb jet\u00eb e mundur me nj\u00eb zgjidhje pasi t\u00eb kemi par\u00eb k\u00ebrkes\u00ebn tuaj.<\/p>\n\n<\/div>\n<\/li>\n<li id=\"faq-question-1678116786025\" class=\"rank-math-list-item\">\n<h3 class=\"rank-math-question\">Kush do e shikoj\u00eb k\u00ebrkes\u00ebn time?<\/h3>\n<div class=\"rank-math-answer\">\n\n<p>Nj\u00eb specialist i certifikuar do t\u00eb shikoj\u00eb k\u00ebrkes\u00ebn tuaj n\u00eb lidhje me problemet tuaja dentare. Kjo \u00ebsht\u00eb arsyeja pse ju duhet ta p\u00ebrshkruani problemin tuaj sa m\u00eb mir\u00eb q\u00eb t\u00eb jet\u00eb e mundur dhe gjithashtu t\u00eb p\u00ebrpiqeni t\u00eb p\u00ebrfshini nj\u00eb radiografi p\u00ebr nj\u00eb diagnoz\u00eb m\u00eb t\u00eb mir\u00eb.\u00a0<\/p>\n\n<\/div>\n<\/li>\n<li id=\"faq-question-1678116789377\" class=\"rank-math-list-item\">\n<h3 class=\"rank-math-question\">Sa shpejt mund t\u00eb pres nj\u00eb p\u00ebrgjigje?<\/h3>\n<div class=\"rank-math-answer\">\n\n<p>Brenda 24 or\u00ebve. Pavar\u00ebsisht se \u00e7far\u00eb dite, mb\u00ebshtetja jon\u00eb do t'ju jap\u00eb p\u00ebrgjigjen q\u00eb ju nevojitet sa m\u00eb shpejt q\u00eb t\u00eb jet\u00eb e mundur. Kjo do t\u00eb thot\u00eb gjithashtu se ne punojm\u00eb 24\/7 n\u00eb m\u00ebnyr\u00eb q\u00eb t\u00eb ofrojm\u00eb nj\u00eb sh\u00ebrbim t\u00eb besuesh\u00ebm p\u00ebr \u00e7do pacient.\u00a0<\/p>\n\n<\/div>\n<\/li>\n<\/ul>\n<\/div>\n<\/div>","protected":false},"excerpt":{"rendered":"<p>Get in touch with our experts for free Contact Us Our team will provide you a detailed answer about your enquiry as soon as possible. Get an answer from professionals Guidance on choosing the best dental clinics You get to choose the clinic that seems better to you Do you have any questions? One of &#8230; <a title=\"Kontaktoni Tani\" class=\"read-more\" href=\"https:\/\/dentdinamo.com\/sq\/contact\/\" aria-label=\"Read more about Contact\">Read more<\/a><\/p>","protected":false},"author":1,"featured_media":0,"parent":0,"menu_order":0,"comment_status":"closed","ping_status":"closed","template":"","meta":{"rank_math_lock_modified_date":false,"footnotes":""},"class_list":["post-1475","page","type-page","status-publish"],"_links":{"self":[{"href":"https:\/\/dentdinamo.com\/sq\/wp-json\/wp\/v2\/pages\/1475","targetHints":{"allow":["GET"]}}],"collection":[{"href":"https:\/\/dentdinamo.com\/sq\/wp-json\/wp\/v2\/pages"}],"about":[{"href":"https:\/\/dentdinamo.com\/sq\/wp-json\/wp\/v2\/types\/page"}],"author":[{"embeddable":true,"href":"https:\/\/dentdinamo.com\/sq\/wp-json\/wp\/v2\/users\/1"}],"replies":[{"embeddable":true,"href":"https:\/\/dentdinamo.com\/sq\/wp-json\/wp\/v2\/comments?post=1475"}],"version-history":[{"count":2,"href":"https:\/\/dentdinamo.com\/sq\/wp-json\/wp\/v2\/pages\/1475\/revisions"}],"predecessor-version":[{"id":3960,"href":"https:\/\/dentdinamo.com\/sq\/wp-json\/wp\/v2\/pages\/1475\/revisions\/3960"}],"wp:attachment":[{"href":"https:\/\/dentdinamo.com\/sq\/wp-json\/wp\/v2\/media?parent=1475"}],"curies":[{"name":"wp","href":"https:\/\/api.w.org\/{rel}","templated":true}]}}