{"id":2445,"date":"2023-03-09T16:37:39","date_gmt":"2023-03-09T16:37:39","guid":{"rendered":"https:\/\/dentdinamo.com\/?page_id=2445"},"modified":"2023-03-14T11:06:29","modified_gmt":"2023-03-14T11:06:29","slug":"clinic-contact","status":"publish","type":"page","link":"https:\/\/dentdinamo.com\/sq\/clinic-contact\/","title":{"rendered":"Clinic Contact"},"content":{"rendered":"<div class=\"gb-container gb-container-65c13fbe\">\n<div class=\"gb-container gb-container-27cdf53b\">\n<div class=\"gb-container gb-container-b2fd5082\">\n\n<p class=\"gb-headline gb-headline-7f0f180b gb-headline-text\"><a href=\"https:\/\/dentdinamo.com\/sq\/\"><nav aria-label=\"therrime buke\" class=\"rank-math-breadcrumb\"><p><span class=\"last\">Kreu<\/span><\/p><\/nav><\/a><\/p>\n\n\n\n<h6 class=\"gb-headline gb-headline-351c12b5 gb-headline-text\">Let&#8217;s make Albania the leading country for dental tourism.<\/h6>\n\n\n\n<h1 class=\"gb-headline gb-headline-a7f7065f gb-headline-text\">Join Dent Dinamo<\/h1>\n\n\n\n<p class=\"gb-headline gb-headline-6e9c6527 gb-headline-text\">Ekipi yn\u00eb do t'ju jap\u00eb nj\u00eb p\u00ebrgjigje t\u00eb detajuar n\u00eb lidhje me k\u00ebrkes\u00ebn tuaj sa m\u00eb shpejt t\u00eb jet\u00eb e mundur.<\/p>\n\n\n\n<p class=\"gb-headline gb-headline-6ebef113\"><span class=\"gb-icon\"><svg aria-hidden=\"true\" role=\"img\" height=\"1em\" width=\"1em\" viewbox=\"0 0 512 512\" xmlns=\"http:\/\/www.w3.org\/2000\/svg\"><path fill=\"currentColor\" d=\"M256 56c110.532 0 200 89.451 200 200 0 110.532-89.451 200-200 200-110.532 0-200-89.451-200-200 0-110.532 89.451-200 200-200m0-48C119.033 8 8 119.033 8 256s111.033 248 248 248 248-111.033 248-248S392.967 8 256 8zm0 168c-44.183 0-80 35.817-80 80s35.817 80 80 80 80-35.817 80-80-35.817-80-80-80z\"><\/path><\/svg><\/span><span class=\"gb-headline-text\">Get more clients from European countries<\/span><\/p>\n\n\n\n<p class=\"gb-headline gb-headline-ba7967f3\"><span class=\"gb-icon\"><svg aria-hidden=\"true\" role=\"img\" height=\"1em\" width=\"1em\" viewbox=\"0 0 512 512\" xmlns=\"http:\/\/www.w3.org\/2000\/svg\"><path fill=\"currentColor\" d=\"M256 56c110.532 0 200 89.451 200 200 0 110.532-89.451 200-200 200-110.532 0-200-89.451-200-200 0-110.532 89.451-200 200-200m0-48C119.033 8 8 119.033 8 256s111.033 248 248 248 248-111.033 248-248S392.967 8 256 8zm0 168c-44.183 0-80 35.817-80 80s35.817 80 80 80 80-35.817 80-80-35.817-80-80-80z\"><\/path><\/svg><\/span><span class=\"gb-headline-text\">No sign up fees<\/span><\/p>\n\n\n\n<p class=\"gb-headline gb-headline-5999bd45\"><span class=\"gb-icon\"><svg aria-hidden=\"true\" role=\"img\" height=\"1em\" width=\"1em\" viewbox=\"0 0 512 512\" xmlns=\"http:\/\/www.w3.org\/2000\/svg\"><path fill=\"currentColor\" d=\"M256 56c110.532 0 200 89.451 200 200 0 110.532-89.451 200-200 200-110.532 0-200-89.451-200-200 0-110.532 89.451-200 200-200m0-48C119.033 8 8 119.033 8 256s111.033 248 248 248 248-111.033 248-248S392.967 8 256 8zm0 168c-44.183 0-80 35.817-80 80s35.817 80 80 80 80-35.817 80-80-35.817-80-80-80z\"><\/path><\/svg><\/span><span class=\"gb-headline-text\">Add more value to your clinic<\/span><\/p>\n\n<\/div>\n\n<div class=\"gb-container gb-container-fc22f23a\">\n<div class=\"gb-container gb-container-54ac564d box-shadow\">\n\n<h6 class=\"gb-headline gb-headline-a3bc245d gb-headline-text\">A keni ndonj\u00eb pyetje? Nj\u00eb nga ekspert\u00ebt tan\u00eb do t'ju ndihmoj\u00eb<\/h6>\n\n\n\n<div class=\"wp-block-contact-form-7-contact-form-selector\">\n<div class=\"wpcf7 no-js\" id=\"wpcf7-f3078-o1\" lang=\"en-US\" dir=\"ltr\">\n<div class=\"screen-reader-response\"><p role=\"status\" aria-live=\"polite\" aria-atomic=\"true\"><\/p> <ul><\/ul><\/div>\n<form action=\"\/sq\/wp-json\/wp\/v2\/pages\/2445#wpcf7-f3078-o1\" method=\"post\" class=\"wpcf7-form init contactForm\" name=\"ContactForm\" aria-label=\"Forma E Kontaktit\" novalidate=\"novalidate\" data-status=\"init\" data-trp-original-action=\"\/sq\/wp-json\/wp\/v2\/pages\/2445#wpcf7-f3078-o1\">\n<div style=\"display: none;\">\n<input type=\"hidden\" name=\"_wpcf7\" value=\"3078\" \/>\n<input type=\"hidden\" name=\"_wpcf7_version\" value=\"5.9.8\" \/>\n<input type=\"hidden\" name=\"_wpcf7_locale\" value=\"en_US\" \/>\n<input type=\"hidden\" name=\"_wpcf7_unit_tag\" value=\"wpcf7-f3078-o1\" \/>\n<input type=\"hidden\" name=\"_wpcf7_container_post\" value=\"0\" \/>\n<input type=\"hidden\" name=\"_wpcf7_posted_data_hash\" value=\"\" \/>\n<input type=\"hidden\" name=\"_wpcf7_recaptcha_response\" value=\"\" \/>\n<\/div>\n<p><label class=\"w-50\"> Emri<br \/>\n<span class=\"wpcf7-form-control-wrap\" data-name=\"contact-name\"><input size=\"40\" maxlength=\"400\" class=\"wpcf7-form-control wpcf7-text wpcf7-validates-as-required\" aria-required=\"true\" aria-invalid=\"false\" placeholder=\"Emri\" value=\"\" type=\"text\" name=\"contact-name\" \/><\/span> <\/label>\n<\/p>\n<p><label class=\"w-50\"> Surname<br \/>\n<span class=\"wpcf7-form-control-wrap\" data-name=\"surname\"><input size=\"40\" maxlength=\"400\" class=\"wpcf7-form-control wpcf7-text wpcf7-validates-as-required\" aria-required=\"true\" aria-invalid=\"false\" placeholder=\"Surname\" value=\"\" type=\"text\" name=\"surname\" \/><\/span> <\/label>\n<\/p>\n<p><label class=\"w-50\"> Email<br \/>\n<span class=\"wpcf7-form-control-wrap\" data-name=\"email\"><input size=\"40\" maxlength=\"400\" class=\"wpcf7-form-control wpcf7-email wpcf7-validates-as-required wpcf7-text wpcf7-validates-as-email\" aria-required=\"true\" aria-invalid=\"false\" placeholder=\"Email\" value=\"\" type=\"email\" name=\"email\" \/><\/span> <\/label>\n<\/p>\n<p><label class=\"w-50\"> Telefoni<br \/>\n<span class=\"wpcf7-form-control-wrap\" data-name=\"phone\"><input size=\"40\" maxlength=\"400\" class=\"wpcf7-form-control wpcf7-tel wpcf7-validates-as-required wpcf7-text wpcf7-validates-as-tel\" aria-required=\"true\" aria-invalid=\"false\" placeholder=\"Telefoni\" value=\"\" type=\"tel\" name=\"phone\" \/><\/span><br \/>\n<\/label>\n<\/p>\n<p><label class=\"w-100\"> Clinic Name<br \/>\n<span class=\"wpcf7-form-control-wrap\" data-name=\"clinic-name\"><input size=\"40\" maxlength=\"400\" class=\"wpcf7-form-control wpcf7-text wpcf7-validates-as-required w-100\" aria-required=\"true\" aria-invalid=\"false\" placeholder=\"Clinic Name\" value=\"\" type=\"text\" name=\"clinic-name\" \/><\/span> <\/label>\n<\/p>\n<p><label class=\"w-100\"> Mesazhi<br \/>\n<span class=\"wpcf7-form-control-wrap\" data-name=\"message\"><textarea cols=\"40\" rows=\"10\" maxlength=\"2000\" class=\"wpcf7-form-control wpcf7-textarea wpcf7-validates-as-required\" aria-required=\"true\" aria-invalid=\"false\" placeholder=\"Mesazhi\" name=\"message\"><\/textarea><\/span> <\/label>\n<\/p>\n<p><span><br \/>\nBy clicking the button below, I agree that an Dent Dinamo specialist may contact me via text messages or phone calls to the phone number provided by me about Dent Dinamo offers and consent is not required to make a purchase. Your information is collected and used in accordance with our privacy policy.<br \/>\n<\/span>\n<\/p>\n<p><input class=\"wpcf7-form-control wpcf7-submit has-spinner w-100\" type=\"submit\" value=\"D\u00ebrgoni\" \/>\n<\/p><div class=\"wpcf7-response-output\" aria-hidden=\"true\"><\/div>\n<input type=\"hidden\" name=\"trp-form-language\" value=\"sq\"\/><\/form>\n<\/div>\n<\/div>\n\n<\/div>\n<\/div>\n<\/div>\n<\/div>\n\n<div class=\"gb-container gb-container-06b72cae\">\n<div class=\"gb-container gb-container-1749a703\">\n<div class=\"gb-container gb-container-ec8ffadd box-shadow\">\n\n<p class=\"gb-headline gb-headline-2ec520a4 gb-headline-text\">200+<\/p>\n\n\n\n<div class=\"gb-headline gb-headline-c6220baa gb-headline-text\">million maket access<\/div>\n\n<\/div>\n<\/div>\n\n<div class=\"gb-container gb-container-587dcb1e\">\n<div class=\"gb-container gb-container-b277bd23 box-shadow\">\n\n<p class=\"gb-headline gb-headline-980153d5 gb-headline-text\">3<\/p>\n\n\n\n<div class=\"gb-headline gb-headline-4e15d817 gb-headline-text\">different packages<\/div>\n\n<\/div>\n<\/div>\n\n<div class=\"gb-container gb-container-339126c2\">\n<div class=\"gb-container gb-container-eb5b267f box-shadow\">\n\n<p class=\"gb-headline gb-headline-a58131ac gb-headline-text\">10,000+<\/p>\n\n\n\n<div class=\"gb-headline gb-headline-443ea504 gb-headline-text\">new monthly leads<\/div>\n\n<\/div>\n<\/div>\n\n<div class=\"gb-container gb-container-051f5641\">\n<div class=\"gb-container gb-container-9a0cfdbd box-shadow\">\n\n<p class=\"gb-headline gb-headline-0277b956 gb-headline-text\">4<\/p>\n\n\n\n<div class=\"gb-headline gb-headline-3789c3aa gb-headline-text\">different countries<\/div>\n\n<\/div>\n<\/div>\n<\/div>\n\n<div class=\"gb-container gb-container-96bdca39\">\n<div class=\"gb-container gb-container-98d51d22\">\n\n<p class=\"gb-headline gb-headline-3fdeb208 gb-headline-text\">Let&#8217;s bring more smile to the world<\/p>\n\n\n\n<h2 class=\"gb-headline gb-headline-f901b755 gb-headline-text\">Every smile is an opportunity<\/h2>\n\n\n\n<p>If there is someone that wants a brighter, better smile, we want them to know about your dental clinic and your values.<\/p>\n\n<\/div>\n\n<div class=\"gb-container gb-container-aa23892f\">\n\n<figure class=\"gb-block-image gb-block-image-0432bd13\"><img loading=\"lazy\" decoding=\"async\" width=\"1000\" height=\"1000\" class=\"gb-image gb-image-0432bd13\" src=\"https:\/\/dentdinamo.com\/wp-content\/uploads\/2023\/03\/professional-dentist-examining-patient-with-dental-microscope-1.webp\" alt=\"\" title=\"professional-dentist-examining-patient-with-dental-microscope-1\" srcset=\"https:\/\/dentdinamo.com\/wp-content\/uploads\/2023\/03\/professional-dentist-examining-patient-with-dental-microscope-1.webp 1000w, https:\/\/dentdinamo.com\/wp-content\/uploads\/2023\/03\/professional-dentist-examining-patient-with-dental-microscope-1-300x300.webp 300w, https:\/\/dentdinamo.com\/wp-content\/uploads\/2023\/03\/professional-dentist-examining-patient-with-dental-microscope-1-150x150.webp 150w, https:\/\/dentdinamo.com\/wp-content\/uploads\/2023\/03\/professional-dentist-examining-patient-with-dental-microscope-1-768x768.webp 768w\" sizes=\"auto, (max-width: 1000px) 100vw, 1000px\" \/><\/figure>\n\n<\/div>\n<\/div>\n\n<div class=\"gb-container gb-container-8f28939a\">\n<div class=\"gb-container gb-container-191613bc\">\n\n<p class=\"gb-headline gb-headline-8b484ca1 gb-headline-text\">Shikoni blogun ton\u00eb dhe m\u00ebsoni m\u00eb shum\u00eb rreth trajtimeve dentare.<\/p>\n\n\n\n<a class=\"gb-button gb-button-fa55aced gb-button-text\" href=\"https:\/\/dentdinamo.com\/sq\/blog\/\">Check our block<\/a>\n\n<\/div>\n\n<div class=\"gb-container gb-container-ad43d282\">\n\n<figure class=\"gb-block-image gb-block-image-412c3294\"><img loading=\"lazy\" decoding=\"async\" width=\"500\" height=\"500\" class=\"gb-image gb-image-412c3294\" src=\"https:\/\/dentdinamo.com\/wp-content\/uploads\/2023\/03\/4242424234242.webp\" alt=\"\" title=\"4242424234242\" srcset=\"https:\/\/dentdinamo.com\/wp-content\/uploads\/2023\/03\/4242424234242.webp 500w, https:\/\/dentdinamo.com\/wp-content\/uploads\/2023\/03\/4242424234242-300x300.webp 300w, https:\/\/dentdinamo.com\/wp-content\/uploads\/2023\/03\/4242424234242-150x150.webp 150w\" sizes=\"auto, (max-width: 500px) 100vw, 500px\" \/><\/figure>\n\n<\/div>\n<\/div>\n\n<div class=\"gb-container gb-container-84e5e43f\">\n\n<h2 class=\"gb-headline gb-headline-7a8b893b gb-headline-text\">Pyetje t\u00eb b\u00ebra shpesh<\/h2>\n\n\n<div id=\"rank-math-faq\" class=\"rank-math-block\">\n<div class=\"rank-math-list\">\n<div id=\"faq-question-1678732571326\" class=\"rank-math-list-item\">\n<h3 class=\"rank-math-question\">What are the services and benefits of Dent Dinamo for patients?<\/h3>\n<div class=\"rank-math-answer\">\n\n<p>Our solution facilitates the management of your patients\u2019 dental appointments thanks to online appointment booking 24\/7.<\/p>\n<p>\u200d \u2022<strong>The service is simple and<\/strong>\u00a0user-friendly : all they need is an Internet connection and an email to make an appointment, even outside your practice\u2019s opening hours. Patients can also make an appointment for a loved one, such as a child or an older relative.<br \/>\u200d \u2022<strong>Online appointment booking is completely secure.\u00a0<\/strong>We make sure to provide every patient a confidential service.<\/p>\n\n<\/div>\n<\/div>\n<div id=\"faq-question-1678732640288\" class=\"rank-math-list-item\">\n<h3 class=\"rank-math-question\">Why you clinic benefits from this collaboration?<\/h3>\n<div class=\"rank-math-answer\">\n\n<p>Besides having the amazing chance to showcase your clinic and values to thousands of patients interested in your services, you can also get more patients if they are interested in you and if you are the most trusted source on their eyes.<\/p>\n\n<\/div>\n<\/div>\n<div id=\"faq-question-1678732658359\" class=\"rank-math-list-item\">\n<h3 class=\"rank-math-question\">Do I need to pay anything to join?<\/h3>\n<div class=\"rank-math-answer\">\n\n<p>Joining Dent Dinamo is free. But being accepted means your clinic needs to be approved after our experts perform on-clinical check and are convinced about quality and values that you provide.<\/p>\n\n<\/div>\n<\/div>\n<\/div>\n<\/div>\n<\/div>","protected":false},"excerpt":{"rendered":"<p>Let&#8217;s make Albania the leading country for dental tourism. Join Dent Dinamo Our team will provide you a detailed answer about your enquiry as soon as possible. Get more clients from European countries No sign up fees Add more value to your clinic Do you have any questions? One of our experts will contact you &#8230; <a title=\"Clinic Contact\" class=\"read-more\" href=\"https:\/\/dentdinamo.com\/sq\/clinic-contact\/\" aria-label=\"Read more about Clinic Contact\">Read more<\/a><\/p>","protected":false},"author":1,"featured_media":0,"parent":0,"menu_order":0,"comment_status":"closed","ping_status":"closed","template":"","meta":{"rank_math_lock_modified_date":false,"footnotes":""},"class_list":["post-2445","page","type-page","status-publish"],"_links":{"self":[{"href":"https:\/\/dentdinamo.com\/sq\/wp-json\/wp\/v2\/pages\/2445","targetHints":{"allow":["GET"]}}],"collection":[{"href":"https:\/\/dentdinamo.com\/sq\/wp-json\/wp\/v2\/pages"}],"about":[{"href":"https:\/\/dentdinamo.com\/sq\/wp-json\/wp\/v2\/types\/page"}],"author":[{"embeddable":true,"href":"https:\/\/dentdinamo.com\/sq\/wp-json\/wp\/v2\/users\/1"}],"replies":[{"embeddable":true,"href":"https:\/\/dentdinamo.com\/sq\/wp-json\/wp\/v2\/comments?post=2445"}],"version-history":[{"count":36,"href":"https:\/\/dentdinamo.com\/sq\/wp-json\/wp\/v2\/pages\/2445\/revisions"}],"predecessor-version":[{"id":3145,"href":"https:\/\/dentdinamo.com\/sq\/wp-json\/wp\/v2\/pages\/2445\/revisions\/3145"}],"wp:attachment":[{"href":"https:\/\/dentdinamo.com\/sq\/wp-json\/wp\/v2\/media?parent=2445"}],"curies":[{"name":"wp","href":"https:\/\/api.w.org\/{rel}","templated":true}]}}